{"id":2496,"date":"2026-02-23T16:25:06","date_gmt":"2026-02-23T16:25:06","guid":{"rendered":"https:\/\/www.nafgroup.pt\/engenharia\/"},"modified":"2026-04-09T10:45:52","modified_gmt":"2026-04-09T10:45:52","slug":"ingenierie","status":"publish","type":"page","link":"https:\/\/www.nafgroup.pt\/fr\/ingenierie\/","title":{"rendered":"Ing\u00e9nierie"},"content":{"rendered":"<section class=\"bde-section-2496-217 bde-section\">\n              \n  \n  \n\t\n\n  <div class=\"section-background-overlay\"><\/div>\n\n\n<div class=\"section-container\"><div class=\"bde-div-2496-218 bde-div\">\n  \n  \n\t\n\n\n\n<h1 class=\"bde-heading-2496-219 bde-heading\">\nIng\u00e9nierie\n<\/h1><div class=\"bde-text-2496-220 bde-text\">\n<p>Une analyse technique rigoureuse.<br>De la valeur dans chaque d\u00e9cision.<\/p>\n<\/div>\n<\/div><\/div>\n<\/section><section class=\"bde-section-2496-336 bde-section\">\n  \n  \n\t\n\n\n\n<div class=\"section-container\"><div class=\"bde-div-2496-337 bde-div\" data-entrance=\"fade\">\n  \n  \n\t\n\n\n\n<div class=\"bde-div-2496-340 bde-div\">\n  \n  \n\t\n\n\n\n<div class=\"bde-div-2496-338 bde-div\">\n  \n  \n\t\n\n\n\n\n<\/div><div class=\"bde-rich-text-2496-342 bde-rich-text breakdance-rich-text-styles\">\n<p>\u201cNous jouons un r\u00f4le central dans la prise de d\u00e9cision, en veillant \u00e0 ce que l'investissement soit prot\u00e9g\u00e9 et que le r\u00e9sultat final corresponde aux objectifs fix\u00e9s.\u201d<\/p>\n<p><strong>Nuno Ferreira, CEO<\/strong><\/p>\n<\/div><div class=\"bde-div-2496-339 bde-div\">\n  \n  \n\t\n\n\n\n\n<\/div>\n<\/div>\n<\/div><\/div>\n<\/section><section id=\"gestion-de-projet\" class=\"bde-section-2496-235 bde-section\">\n  \n  \n\t\n\n\n\n<div class=\"section-container\"><div class=\"bde-columns-2496-236 bde-columns\"><div class=\"bde-column-2496-237 bde-column\">\n  \n  \n\t\n\n\n\n<h2 class=\"bde-heading-2496-332 bde-heading\" data-entrance=\"slideLeft\">\nGestion de \n<\/h2><div class=\"bde-div-2496-314 bde-div\" data-entrance=\"fade\">\n  \n  \n\t\n\n\n\n<div class=\"bde-div-2496-315 bde-div\">\n  \n  \n\t\n\n\n\n\n<\/div><div class=\"bde-text-2496-316 bde-text\">\n<h3>projet<\/h3>\n<\/div>\n<\/div><div class=\"bde-rich-text-2496-139 bde-rich-text breakdance-rich-text-styles\">\n<p>Nous assumons le r\u00f4le de ma\u00eetre d'ouvrage, en repr\u00e9sentant pleinement les int\u00e9r\u00eats du client \u00e0 toutes les \u00e9tapes du processus.<\/p>\n<p>Nous coordonnons et engageons les concepteurs, organisons les \u00e9quipes techniques, assurons la coordination des corps de m\u00e9tier et supervisons le chantier, en veillant \u00e0 ce que toutes les d\u00e9cisions soient prises sur la base de crit\u00e8res techniques, financiers et strat\u00e9giques.<\/p>\n<p>Nous accompagnons le projet depuis la phase initiale de conception jusqu'\u00e0 son ach\u00e8vement, en contr\u00f4lant les d\u00e9lais, les co\u00fbts et la qualit\u00e9. Nous jouons un r\u00f4le central dans la prise de d\u00e9cision, en veillant \u00e0 ce que l'investissement soit prot\u00e9g\u00e9 et que le r\u00e9sultat final corresponde aux objectifs d\u00e9finis.<\/p>\n<\/div><div class=\"bde-button-2496-307 bde-button\">\n    \n                                    \n    \n    \n    \n    \n            \n                    \n            \n            \n\n    \n    \n    \n    \n    \n    <a class=\"breakdance-link button-atom button-atom--custom bde-button__button\" href=\"https:\/\/www.nafgroup.pt\/fr\/contact\/\" target=\"_self\" data-type=\"url\"  >\n\n    \n        <span class=\"button-atom__text\">Demander \u00e0 \u00eatre contact\u00e9<\/span>\n\n        \n        \n                <\/a>\n\n    \n\n\n<\/div>\n<\/div><div class=\"bde-column-2496-255 bde-column\">\n  \n  \n\t\n\n\n\n<div class=\"bde-div-2496-256 bde-div\">\n  \n  \n\t\n\n\n\n<div class=\"bde-div-2496-257 bde-div\">\n  \n  \n\t\n\n\n\n\n<\/div><div class=\"bde-video-2496-116 bde-video\" data-entrance=\"slideUp\">\n<div class=\"ee-video-container\">\n            <video class=\"ee-video\" src=\"https:\/\/www.nafgroup.pt\/wp-content\/uploads\/2026\/03\/1116943-Man-Indoor-1920X1080-Engenharia.mp4\"\n               autoplay='true'                                poster='https:\/\/www.nafgroup.pt\/wp-content\/uploads\/2026\/02\/from-people-with-tablet-drafts.jpg'                loop='true'                muted='true'                controlsList=\"nodownload\"                playsinline\n        >\n        <\/video>\n    \n    <\/div>\n\n<\/div><div class=\"bde-div-2496-259 bde-div\">\n  \n  \n\t\n\n\n\n\n<\/div>\n<\/div>\n<\/div><\/div><\/div>\n<\/section><section id=\"projet-de-specialites\" class=\"bde-section-2496-221 bde-section\">\n  \n  \n\t\n\n\n\n<div class=\"section-container\"><div class=\"bde-columns-2496-222 bde-columns\"><div class=\"bde-column-2496-223 bde-column\" data-entrance=\"slideLeft\">\n  \n  \n\t\n\n\n\n<img decoding=\"async\" class=\"bde-image2-2496-224 bde-image2\" src=\"https:\/\/www.nafgroup.pt\/wp-content\/uploads\/2026\/03\/creative-architect-projecting-big-drawings-dark-loft-office-cafe-1.jpeg\" alt=\"Arquiteto criativo a projetar grandes desenhos num loft que serve de escrit\u00f3rio e caf\u00e9\" loading=\"lazy\" srcset=\"https:\/\/www.nafgroup.pt\/wp-content\/uploads\/2026\/03\/creative-architect-projecting-big-drawings-dark-loft-office-cafe-1.jpeg 1504w, https:\/\/www.nafgroup.pt\/wp-content\/uploads\/2026\/03\/creative-architect-projecting-big-drawings-dark-loft-office-cafe-1-300x200.jpeg 300w, https:\/\/www.nafgroup.pt\/wp-content\/uploads\/2026\/03\/creative-architect-projecting-big-drawings-dark-loft-office-cafe-1-1024x684.jpeg 1024w, https:\/\/www.nafgroup.pt\/wp-content\/uploads\/2026\/03\/creative-architect-projecting-big-drawings-dark-loft-office-cafe-1-768x513.jpeg 768w\" sizes=\"(max-width: 1504px) 100vw, 1504px\">\n<\/div><div class=\"bde-column-2496-225 bde-column\">\n  \n  \n\t\n\n\n\n<div class=\"bde-div-2496-226 bde-div\" data-entrance=\"slideRight\">\n  \n  \n\t\n\n\n\n<h2 class=\"bde-heading-2496-313 bde-heading\" data-entrance=\"slideLeft\">\nProjet de\n<\/h2><div class=\"bde-div-2496-333 bde-div\" data-entrance=\"fade\">\n  \n  \n\t\n\n\n\n<div class=\"bde-div-2496-334 bde-div\">\n  \n  \n\t\n\n\n\n\n<\/div><div class=\"bde-text-2496-335 bde-text\">\n<h3>sp\u00e9cialit\u00e9s<\/h3>\n<\/div>\n<\/div><div class=\"bde-div-2496-232 bde-div\">\n  \n  \n\t\n\n\n\n<div class=\"bde-rich-text-2496-233 bde-rich-text breakdance-rich-text-styles\">\n<p>Nous d\u00e9veloppons des projets sp\u00e9cialis\u00e9s selon des crit\u00e8res techniques rigoureux, en garantissant la compatibilit\u00e9 entre les syst\u00e8mes et le respect de la r\u00e9glementation en vigueur.<\/p>\n<p>Nous \u00e9laborons des solutions dans les diff\u00e9rents domaines techniques de la construction, en favorisant l'efficacit\u00e9, la s\u00e9curit\u00e9 et la durabilit\u00e9. Nous travaillons en \u00e9troite collaboration avec les architectes et les autres intervenants, afin d'assurer la coh\u00e9rence technique et la faisabilit\u00e9 du projet.<\/p>\n<\/div><div class=\"bde-button-2496-234 bde-button\">\n    \n                                    \n    \n    \n    \n    \n            \n                    \n            \n            \n\n    \n    \n    \n    \n    \n    <a class=\"breakdance-link button-atom button-atom--custom bde-button__button\" href=\"https:\/\/www.nafgroup.pt\/fr\/contact\" target=\"_self\" data-type=\"url\"  >\n\n    \n        <span class=\"button-atom__text\">Demander \u00e0 \u00eatre contact\u00e9<\/span>\n\n        \n        \n                <\/a>\n\n    \n\n\n<\/div>\n<\/div>\n<\/div>\n<\/div><\/div><\/div>\n<\/section><section id=\"controle-des-travaux\" class=\"bde-section-2496-263 bde-section\">\n  \n  \n\t\n\n\n\n<div class=\"section-container\"><div class=\"bde-columns-2496-264 bde-columns\"><div class=\"bde-column-2496-265 bde-column\">\n  \n  \n\t\n\n\n\n<h2 class=\"bde-heading-2496-328 bde-heading\" data-entrance=\"slideLeft\">\nContr\u00f4le\n<\/h2><div class=\"bde-div-2496-329 bde-div\" data-entrance=\"fade\">\n  \n  \n\t\n\n\n\n<div class=\"bde-div-2496-330 bde-div\">\n  \n  \n\t\n\n\n\n\n<\/div><div class=\"bde-text-2496-331 bde-text\">\n<h3>des travaux<\/h3>\n<\/div>\n<\/div><div class=\"bde-rich-text-2496-270 bde-rich-text breakdance-rich-text-styles\">\n<p>La supervision des travaux garantit que le projet est r\u00e9alis\u00e9 conform\u00e9ment aux plans, dans le respect des sp\u00e9cifications techniques, des normes l\u00e9gales et des normes de qualit\u00e9.<\/p>\n<p>Nous suivons les travaux sur le terrain, en v\u00e9rifiant les mat\u00e9riaux, les m\u00e9thodes de construction et les d\u00e9lais, en identifiant les \u00e9carts et en pr\u00e9venant les erreurs susceptibles de compromettre la durabilit\u00e9 ou la s\u00e9curit\u00e9 de la construction. Nous repr\u00e9sentons les int\u00e9r\u00eats du client, en assurant un contr\u00f4le technique permanent et une prise de d\u00e9cision \u00e9clair\u00e9e.<\/p>\n<\/div><div class=\"bde-button-2496-308 bde-button\">\n    \n                                    \n    \n    \n    \n    \n            \n                    \n            \n            \n\n    \n    \n    \n    \n    \n    <a class=\"breakdance-link button-atom button-atom--custom bde-button__button\" href=\"https:\/\/www.nafgroup.pt\/fr\/contact\/\" target=\"_self\" data-type=\"url\"  >\n\n    \n        <span class=\"button-atom__text\">Demander \u00e0 \u00eatre contact\u00e9<\/span>\n\n        \n        \n                <\/a>\n\n    \n\n\n<\/div>\n<\/div><div class=\"bde-column-2496-272 bde-column\">\n  \n  \n\t\n\n\n\n<div class=\"bde-div-2496-273 bde-div\">\n  \n  \n\t\n\n\n\n<div class=\"bde-div-2496-274 bde-div\">\n  \n  \n\t\n\n\n\n\n<\/div><img decoding=\"async\" class=\"bde-image2-2496-275 bde-image2\" src=\"https:\/\/www.nafgroup.pt\/wp-content\/uploads\/2026\/02\/three-caucasian-engineers-discussing-together-construction-site.jpg\" alt=\"Tr\u00eas engenheiros a conversar num estaleiro\" loading=\"lazy\" srcset=\"https:\/\/www.nafgroup.pt\/wp-content\/uploads\/2026\/02\/three-caucasian-engineers-discussing-together-construction-site.jpg 1707w, https:\/\/www.nafgroup.pt\/wp-content\/uploads\/2026\/02\/three-caucasian-engineers-discussing-together-construction-site-200x300.jpg 200w, https:\/\/www.nafgroup.pt\/wp-content\/uploads\/2026\/02\/three-caucasian-engineers-discussing-together-construction-site-683x1024.jpg 683w, https:\/\/www.nafgroup.pt\/wp-content\/uploads\/2026\/02\/three-caucasian-engineers-discussing-together-construction-site-768x1152.jpg 768w, https:\/\/www.nafgroup.pt\/wp-content\/uploads\/2026\/02\/three-caucasian-engineers-discussing-together-construction-site-1024x1536.jpg 1024w, https:\/\/www.nafgroup.pt\/wp-content\/uploads\/2026\/02\/three-caucasian-engineers-discussing-together-construction-site-1366x2048.jpg 1366w\" sizes=\"(max-width: 1707px) 100vw, 1707px\" data-entrance=\"slideUp\"><div class=\"bde-div-2496-276 bde-div\">\n  \n  \n\t\n\n\n\n\n<\/div>\n<\/div>\n<\/div><\/div><\/div>\n<\/section><section id=\"conseil-technique\" class=\"bde-section-2496-277 bde-section\">\n  \n  \n\t\n\n\n\n<div class=\"section-container\"><div class=\"bde-columns-2496-278 bde-columns\"><div class=\"bde-column-2496-279 bde-column\">\n  \n  \n\t\n\n\n\n<div class=\"bde-div-2496-280 bde-div\">\n  \n  \n\t\n\n\n\n\n<\/div><img decoding=\"async\" class=\"bde-image2-2496-281 bde-image2\" src=\"https:\/\/www.nafgroup.pt\/wp-content\/uploads\/2026\/03\/marques-pombal-lisboa.jpg\" alt=\"Marqu\u00eas de pombal, Lisboa\" loading=\"lazy\" srcset=\"https:\/\/www.nafgroup.pt\/wp-content\/uploads\/2026\/03\/marques-pombal-lisboa.jpg 2000w, https:\/\/www.nafgroup.pt\/wp-content\/uploads\/2026\/03\/marques-pombal-lisboa-300x225.jpg 300w, https:\/\/www.nafgroup.pt\/wp-content\/uploads\/2026\/03\/marques-pombal-lisboa-1024x768.jpg 1024w, https:\/\/www.nafgroup.pt\/wp-content\/uploads\/2026\/03\/marques-pombal-lisboa-768x576.jpg 768w, https:\/\/www.nafgroup.pt\/wp-content\/uploads\/2026\/03\/marques-pombal-lisboa-1536x1152.jpg 1536w\" sizes=\"(max-width: 2000px) 100vw, 2000px\" data-entrance=\"slideUp\"><div class=\"bde-div-2496-282 bde-div\">\n  \n  \n\t\n\n\n\n\n<\/div>\n<\/div><div class=\"bde-column-2496-283 bde-column\">\n  \n  \n\t\n\n\n\n<h2 class=\"bde-heading-2496-318 bde-heading\" data-entrance=\"slideLeft\">\nConseil technique\n<\/h2><div class=\"bde-div-2496-319 bde-div\" data-entrance=\"fade\">\n  \n  \n\t\n\n\n\n<div class=\"bde-div-2496-320 bde-div\">\n  \n  \n\t\n\n\n\n\n<\/div><div class=\"bde-text-2496-321 bde-text\">\n<h3>en immobilier<\/h3>\n<\/div>\n<\/div><div class=\"bde-div-2496-289 bde-div\">\n  \n  \n\t\n\n\n\n<div class=\"bde-rich-text-2496-290 bde-rich-text breakdance-rich-text-styles\">\n<p><strong>Notre point fort : une expertise technique en ing\u00e9nierie d'une pr\u00e9cision et d'une rigueur exceptionnelles.<\/strong><\/p><p>L'achat d'un bien immobilier est une d\u00e9cision aux implications financi\u00e8res importantes. Notre service de conseil technique immobilier garantit une \u00e9valuation rigoureuse de l'\u00e9tat r\u00e9el du bien avant l'acquisition, en identifiant les risques, les travaux n\u00e9cessaires et les co\u00fbts futurs \u00e9ventuels.<\/p>\n<p>Nous r\u00e9alisons des analyses techniques d\u00e9taill\u00e9es et fournissons des rapports clairs et objectifs qui permettent de prendre des d\u00e9cisions s\u00fbres et \u00e9clair\u00e9es.<\/p>\n<\/div><div class=\"bde-button-2496-291 bde-button\">\n    \n                                    \n    \n    \n    \n    \n            \n                    \n            \n            \n\n    \n    \n    \n    \n    \n    <a class=\"breakdance-link button-atom button-atom--custom bde-button__button\" href=\"https:\/\/www.nafgroup.pt\/fr\/contact\/\" target=\"_self\" data-type=\"url\"  >\n\n    \n        <span class=\"button-atom__text\">Demander \u00e0 \u00eatre contact\u00e9<\/span>\n\n        \n        \n                <\/a>\n\n    \n\n\n<\/div>\n<\/div>\n<\/div><\/div><\/div>\n<\/section><section id=\"expertise-en-pathologies\" class=\"bde-section-2496-292 bde-section\">\n  \n  \n\t\n\n\n\n<div class=\"section-container\"><div class=\"bde-columns-2496-293 bde-columns\"><div class=\"bde-column-2496-294 bde-column\">\n  \n  \n\t\n\n\n\n<h2 class=\"bde-heading-2496-309 bde-heading\" data-entrance=\"slideLeft\">\nExpertise en pathologies\n<\/h2><div class=\"bde-div-2496-310 bde-div\" data-entrance=\"fade\">\n  \n  \n\t\n\n\n\n<div class=\"bde-div-2496-311 bde-div\">\n  \n  \n\t\n\n\n\n\n<\/div><div class=\"bde-text-2496-312 bde-text\">\n<h3>du b\u00e2timent<\/h3>\n<\/div>\n<\/div><div class=\"bde-rich-text-2496-299 bde-rich-text breakdance-rich-text-styles\">\n<p>Nous identifions et diagnostiquons les pathologies de construction telles que les fissures, les infiltrations, l'humidit\u00e9, les d\u00e9faillances structurelles et autres anomalies.<\/p>\n<p>Gr\u00e2ce \u00e0 une inspection technique sp\u00e9cialis\u00e9e, nous analysons les causes de ces pathologies et proposons des solutions correctives adapt\u00e9es. Notre travail repose sur la rigueur technique, l'impartialit\u00e9 et une analyse objective, garantissant ainsi la s\u00e9curit\u00e9 et la protection de votre investissement.<\/p>\n<\/div><div class=\"bde-button-2496-306 bde-button\">\n    \n                                    \n    \n    \n    \n    \n            \n                    \n            \n            \n\n    \n    \n    \n    \n    \n    <a class=\"breakdance-link button-atom button-atom--custom bde-button__button\" href=\"https:\/\/www.nafgroup.pt\/fr\/contact\/\" target=\"_self\" data-type=\"url\"  >\n\n    \n        <span class=\"button-atom__text\">Demander \u00e0 \u00eatre contact\u00e9<\/span>\n\n        \n        \n                <\/a>\n\n    \n\n\n<\/div>\n<\/div><div class=\"bde-column-2496-301 bde-column\">\n  \n  \n\t\n\n\n\n<div class=\"bde-div-2496-302 bde-div\">\n  \n  \n\t\n\n\n\n<div class=\"bde-div-2496-303 bde-div\">\n  \n  \n\t\n\n\n\n\n<\/div><img decoding=\"async\" class=\"bde-image2-2496-304 bde-image2\" src=\"https:\/\/www.nafgroup.pt\/wp-content\/uploads\/2026\/03\/engineers-discussing-blueprint-construction-site-1.jpeg\" alt=\"Engenheiros a discutir plantas no canteiro de obras\" loading=\"lazy\" srcset=\"https:\/\/www.nafgroup.pt\/wp-content\/uploads\/2026\/03\/engineers-discussing-blueprint-construction-site-1.jpeg 1440w, https:\/\/www.nafgroup.pt\/wp-content\/uploads\/2026\/03\/engineers-discussing-blueprint-construction-site-1-300x200.jpeg 300w, https:\/\/www.nafgroup.pt\/wp-content\/uploads\/2026\/03\/engineers-discussing-blueprint-construction-site-1-1024x683.jpeg 1024w, https:\/\/www.nafgroup.pt\/wp-content\/uploads\/2026\/03\/engineers-discussing-blueprint-construction-site-1-768x512.jpeg 768w\" sizes=\"(max-width: 1440px) 100vw, 1440px\" data-entrance=\"slideUp\"><div class=\"bde-div-2496-305 bde-div\">\n  \n  \n\t\n\n\n\n\n<\/div>\n<\/div>\n<\/div><\/div><\/div>\n<\/section>","protected":false},"excerpt":{"rendered":"<p>Ing\u00e9nierie Une analyse technique rigoureuse.De la valeur dans chaque d\u00e9cision. \u201cNous jouons un r\u00f4le central dans la prise de d\u00e9cision, en veillant \u00e0 ce que l&rsquo;investissement soit prot\u00e9g\u00e9 et que le r\u00e9sultat final corresponde aux objectifs fix\u00e9s.\u201d Nuno Ferreira, CEO Gestion de projet Nous assumons le r\u00f4le de ma\u00eetre d&rsquo;ouvrage, en repr\u00e9sentant pleinement les int\u00e9r\u00eats [&hellip;]<\/p>\n","protected":false},"author":1,"featured_media":0,"parent":0,"menu_order":4,"comment_status":"closed","ping_status":"closed","template":"","meta":{"_acf_changed":false,"_breakdance_hide_in_design_set":false,"_breakdance_tags":"","footnotes":""},"class_list":["post-2496","page","type-page","status-publish","hentry"],"acf":[],"_links":{"self":[{"href":"https:\/\/www.nafgroup.pt\/fr\/wp-json\/wp\/v2\/pages\/2496","targetHints":{"allow":["GET"]}}],"collection":[{"href":"https:\/\/www.nafgroup.pt\/fr\/wp-json\/wp\/v2\/pages"}],"about":[{"href":"https:\/\/www.nafgroup.pt\/fr\/wp-json\/wp\/v2\/types\/page"}],"author":[{"embeddable":true,"href":"https:\/\/www.nafgroup.pt\/fr\/wp-json\/wp\/v2\/users\/1"}],"replies":[{"embeddable":true,"href":"https:\/\/www.nafgroup.pt\/fr\/wp-json\/wp\/v2\/comments?post=2496"}],"version-history":[{"count":5,"href":"https:\/\/www.nafgroup.pt\/fr\/wp-json\/wp\/v2\/pages\/2496\/revisions"}],"predecessor-version":[{"id":2614,"href":"https:\/\/www.nafgroup.pt\/fr\/wp-json\/wp\/v2\/pages\/2496\/revisions\/2614"}],"wp:attachment":[{"href":"https:\/\/www.nafgroup.pt\/fr\/wp-json\/wp\/v2\/media?parent=2496"}],"curies":[{"name":"wp","href":"https:\/\/api.w.org\/{rel}","templated":true}]}}