{"id":2492,"date":"2026-02-23T13:29:53","date_gmt":"2026-02-23T13:29:53","guid":{"rendered":"https:\/\/www.nafgroup.pt\/gestao-patrimonial\/"},"modified":"2026-04-09T10:57:52","modified_gmt":"2026-04-09T10:57:52","slug":"gestion-de-patrimoine","status":"publish","type":"page","link":"https:\/\/www.nafgroup.pt\/fr\/gestion-de-patrimoine\/","title":{"rendered":"Gestion de patrimoine"},"content":{"rendered":"<section class=\"bde-section-2492-189 bde-section\">\n              \n  \n  \n\t\n\n  <div class=\"section-background-overlay\"><\/div>\n\n\n<div class=\"section-container\"><div class=\"bde-div-2492-190 bde-div\">\n  \n  \n\t\n\n\n\n<h1 class=\"bde-heading-2492-191 bde-heading\">\nGestion<br>de patrimoine\n<\/h1><div class=\"bde-text-2492-192 bde-text\">\n<p>Nous valorisons le patrimoine.<br>Nous pr\u00e9servons la confiance.<\/p>\n<\/div>\n<\/div><\/div>\n<\/section><section class=\"bde-section-2492-163 bde-section\">\n  \n  \n\t\n\n\n\n<div class=\"section-container\"><div class=\"bde-columns-2492-164 bde-columns\"><div class=\"bde-column-2492-165 bde-column\">\n  \n  \n\t\n\n\n\n<h2 class=\"bde-heading-2492-166 bde-heading\" data-entrance=\"slideLeft\">\nGestion\n<\/h2><div class=\"bde-div-2492-167 bde-div\" data-entrance=\"fade\">\n  \n  \n\t\n\n\n\n<div class=\"bde-div-2492-168 bde-div\">\n  \n  \n\t\n\n\n\n\n<\/div><div class=\"bde-text-2492-169 bde-text\">\n<h3>de patrimoine<\/h3>\n<\/div>\n<\/div><div class=\"bde-text-2492-170 bde-text\" data-entrance=\"fade\">\n<p>Nous sommes une soci\u00e9t\u00e9 sp\u00e9cialis\u00e9e dans la gestion strat\u00e9gique de patrimoines immobiliers pour les investisseurs exigeants.<\/p><p>Chez NAF, nous sommes fermement convaincus que la gestion de patrimoine doit \u00eatre synonyme de clart\u00e9, de confiance et de croissance durable. <\/p><p>Nous intervenons \u00e0 la crois\u00e9e des chemins entre le capital et les actifs immobiliers, en veillant \u00e0 ce que chaque d\u00e9cision immobili\u00e8re soit prise dans une perspective patrimoniale, avec rigueur juridique et discipline financi\u00e8re.<\/p><p>Nous cultivons un partenariat profond\u00e9ment personnalis\u00e9 et v\u00e9ritablement unique, dans le cadre duquel nous transformons votre vision en valeur r\u00e9elle.<\/p>\n<\/div><div class=\"bde-icon-list-2492-171 bde-icon-list bde-icon-list--background\">\n<ul>\n  \n              \n    <li>\n              <div class='bde-icon-list__item-wrapper'>\n      \n      <span class='bde-icon-list__icon'>\n        <svg xmlns=\"http:\/\/www.w3.org\/2000\/svg\" viewBox=\"0 0 512 512\"><!-- Font Awesome Free 5.15.1 by @fontawesome - https:\/\/fontawesome.com License - https:\/\/fontawesome.com\/license\/free (Icons: CC BY 4.0, Fonts: SIL OFL 1.1, Code: MIT License) --><path d=\"M256 8C119.033 8 8 119.033 8 256s111.033 248 248 248 248-111.033 248-248S392.967 8 256 8zm0 48c110.532 0 200 89.451 200 200 0 110.532-89.451 200-200 200-110.532 0-200-89.451-200-200 0-110.532 89.451-200 200-200m140.204 130.267l-22.536-22.718c-4.667-4.705-12.265-4.736-16.97-.068L215.346 303.697l-59.792-60.277c-4.667-4.705-12.265-4.736-16.97-.069l-22.719 22.536c-4.705 4.667-4.736 12.265-.068 16.971l90.781 91.516c4.667 4.705 12.265 4.736 16.97.068l172.589-171.204c4.704-4.668 4.734-12.266.067-16.971z\"\/><\/svg>\n      <\/span>\n      <span class='bde-icon-list__text' >\n      Gest\u00e3o de Projeto\n      <\/span>\n              <\/div>\n      \n    <\/li>\n\n  \n              \n    <li>\n              <div class='bde-icon-list__item-wrapper'>\n      \n      <span class='bde-icon-list__icon'>\n        <svg xmlns=\"http:\/\/www.w3.org\/2000\/svg\" width=\"28\" height=\"23\" viewBox=\"0 0 28 23\" fill=\"none\">\r\n<path d=\"M6.78319 22.3115C7.08659 22.5969 7.50623 22.7515 7.93944 22.7373C8.3725 22.7231 8.77919 22.5413 9.05977 22.2368L27.3836 2.34092C27.9347 1.74259 27.8552 0.845764 27.2061 0.337799C26.5571 -0.170166 25.5841 -0.0969144 25.0331 0.501408L7.80316 19.2096L2.64297 14.3537C2.04715 13.7931 1.07107 13.7838 0.462837 14.333C-0.145397 14.8823 -0.155448 15.782 0.440359 16.3428L6.78319 22.3115Z\" fill=\"#A79651\"\/>\r\n<\/svg>\n      <\/span>\n      <span class='bde-icon-list__text' >\n      Fiscaliza\u00e7\u00e3o de obra\n      <\/span>\n              <\/div>\n      \n    <\/li>\n\n  \n              \n    <li>\n              <div class='bde-icon-list__item-wrapper'>\n      \n      <span class='bde-icon-list__icon'>\n        <svg xmlns=\"http:\/\/www.w3.org\/2000\/svg\" width=\"28\" height=\"23\" viewBox=\"0 0 28 23\" fill=\"none\">\r\n<path d=\"M6.78319 22.3115C7.08659 22.5969 7.50623 22.7515 7.93944 22.7373C8.3725 22.7231 8.77919 22.5413 9.05977 22.2368L27.3836 2.34092C27.9347 1.74259 27.8552 0.845764 27.2061 0.337799C26.5571 -0.170166 25.5841 -0.0969144 25.0331 0.501408L7.80316 19.2096L2.64297 14.3537C2.04715 13.7931 1.07107 13.7838 0.462837 14.333C-0.145397 14.8823 -0.155448 15.782 0.440359 16.3428L6.78319 22.3115Z\" fill=\"#A79651\"\/>\r\n<\/svg>\n      <\/span>\n      <span class='bde-icon-list__text' >\n      Projeto de especialidades\n      <\/span>\n              <\/div>\n      \n    <\/li>\n\n  \n              \n    <li>\n              <div class='bde-icon-list__item-wrapper'>\n      \n      <span class='bde-icon-list__icon'>\n        <svg xmlns=\"http:\/\/www.w3.org\/2000\/svg\" width=\"28\" height=\"23\" viewBox=\"0 0 28 23\" fill=\"none\">\r\n<path d=\"M6.78319 22.3115C7.08659 22.5969 7.50623 22.7515 7.93944 22.7373C8.3725 22.7231 8.77919 22.5413 9.05977 22.2368L27.3836 2.34092C27.9347 1.74259 27.8552 0.845764 27.2061 0.337799C26.5571 -0.170166 25.5841 -0.0969144 25.0331 0.501408L7.80316 19.2096L2.64297 14.3537C2.04715 13.7931 1.07107 13.7838 0.462837 14.333C-0.145397 14.8823 -0.155448 15.782 0.440359 16.3428L6.78319 22.3115Z\" fill=\"#A79651\"\/>\r\n<\/svg>\n      <\/span>\n      <span class='bde-icon-list__text' >\n      Consultoria T\u00e9cnica Imobili\u00e1ria\n      <\/span>\n              <\/div>\n      \n    <\/li>\n\n  \n              \n    <li>\n              <div class='bde-icon-list__item-wrapper'>\n      \n      <span class='bde-icon-list__icon'>\n        <svg xmlns=\"http:\/\/www.w3.org\/2000\/svg\" width=\"28\" height=\"23\" viewBox=\"0 0 28 23\" fill=\"none\">\r\n<path d=\"M6.78319 22.3115C7.08659 22.5969 7.50623 22.7515 7.93944 22.7373C8.3725 22.7231 8.77919 22.5413 9.05977 22.2368L27.3836 2.34092C27.9347 1.74259 27.8552 0.845764 27.2061 0.337799C26.5571 -0.170166 25.5841 -0.0969144 25.0331 0.501408L7.80316 19.2096L2.64297 14.3537C2.04715 13.7931 1.07107 13.7838 0.462837 14.333C-0.145397 14.8823 -0.155448 15.782 0.440359 16.3428L6.78319 22.3115Z\" fill=\"#A79651\"\/>\r\n<\/svg>\n      <\/span>\n      <span class='bde-icon-list__text' >\n      Peritagem de patologias de constru\u00e7\u00e3o\n      <\/span>\n              <\/div>\n      \n    <\/li>\n\n  <\/ul>\n\n<\/div>\n<\/div><div class=\"bde-column-2492-183 bde-column\">\n  \n  \n\t\n\n\n\n<div class=\"bde-div-2492-184 bde-div\">\n  \n  \n\t\n\n\n\n<div class=\"bde-div-2492-185 bde-div\">\n  \n  \n\t\n\n\n\n\n<\/div><img decoding=\"async\" class=\"bde-image2-2492-186 bde-image2\" src=\"https:\/\/www.nafgroup.pt\/wp-content\/uploads\/2026\/03\/low-angle-view-of-staircase.jpg\" alt=\"Vista de baixo \u00e2ngulo da escadaria\" loading=\"lazy\" srcset=\"https:\/\/www.nafgroup.pt\/wp-content\/uploads\/2026\/03\/low-angle-view-of-staircase.jpg 2000w, https:\/\/www.nafgroup.pt\/wp-content\/uploads\/2026\/03\/low-angle-view-of-staircase-300x200.jpg 300w, https:\/\/www.nafgroup.pt\/wp-content\/uploads\/2026\/03\/low-angle-view-of-staircase-1024x682.jpg 1024w, https:\/\/www.nafgroup.pt\/wp-content\/uploads\/2026\/03\/low-angle-view-of-staircase-768x512.jpg 768w, https:\/\/www.nafgroup.pt\/wp-content\/uploads\/2026\/03\/low-angle-view-of-staircase-1536x1024.jpg 1536w\" sizes=\"(max-width: 2000px) 100vw, 2000px\" data-entrance=\"slideUp\"><div class=\"bde-div-2492-187 bde-div\">\n  \n  \n\t\n\n\n\n\n<\/div>\n<\/div>\n<\/div><\/div><\/div>\n<\/section><section class=\"bde-section-2492-122 bde-section\">\n              \n  \n  \n\t    \n      <div class=\"section-background-video\">\n              <video\n          autoplay\n          muted\n                      playsinline\n                                loop\n                              poster=\"https:\/\/www.nafgroup.pt\/wp-content\/uploads\/2026\/03\/top-view-manager-talk-discussing-about-house-construction-alimentation-1.jpeg\"\n                >\n        <source src=\"https:\/\/www.nafgroup.pt\/wp-content\/uploads\/2026\/03\/2577244-Strategy-Planning-1920Xx1080.mp4\" type=\"video\/mp4\" \/>\n      <\/video>\n      <\/div>\n\n\n\n\n<div class=\"section-container\"><div class=\"bde-columns-2492-123 bde-columns\"><div class=\"bde-column-2492-124 bde-column\">\n  \n  \n\t\n\n\n\n\n<\/div><div class=\"bde-column-2492-125 bde-column\">\n              \n  \n  \n\t\n\n  <div class=\"section-background-overlay\"><\/div>\n\n\n<div class=\"bde-div-2492-126 bde-div\" data-entrance=\"slideUp\">\n  \n  \n\t\n\n\n\n<h2 class=\"bde-heading-2492-203 bde-heading\" data-entrance=\"slideLeft\">\nPartenariat\n<\/h2><div class=\"bde-div-2492-200 bde-div\" data-entrance=\"fade\">\n  \n  \n\t\n\n\n\n<div class=\"bde-div-2492-201 bde-div\">\n  \n  \n\t\n\n\n\n\n<\/div><div class=\"bde-text-2492-202 bde-text\">\n<h3>sur mesure<\/h3>\n<\/div>\n<\/div><div class=\"bde-rich-text-2492-127 bde-rich-text breakdance-rich-text-styles\">\n<p>La gestion patrimoniale est l'un de nos principaux facteurs de diff\u00e9renciation : nous combinons une vision strat\u00e9gique, une expertise technique sp\u00e9cialis\u00e9e et une connaissance approfondie du march\u00e9 au sein d'une approche rigoureuse et personnalis\u00e9e.<\/p> <p>Soutenus par une \u00e9quipe technique de maintenance d\u00e9di\u00e9e, nous assurons la valorisation continue, l'efficacit\u00e9 op\u00e9rationnelle et la pr\u00e9servation durable de chaque actif.<\/p>\n\n<\/div>\n<\/div>\n<\/div><\/div><\/div>\n<\/section><section id=\"fiscalizacao-de-obra\" class=\"bde-section-2492-270 bde-section\">\n  \n  \n\t\n\n\n\n<div class=\"section-container\"><div class=\"bde-columns-2492-271 bde-columns\"><div class=\"bde-column-2492-272 bde-column\">\n  \n  \n\t\n\n\n\n<h2 class=\"bde-heading-2492-273 bde-heading\" data-entrance=\"slideLeft\">\nVotre patrimoine,<br>\n<\/h2><div class=\"bde-div-2492-274 bde-div\" data-entrance=\"fade\">\n  \n  \n\t\n\n\n\n<div class=\"bde-div-2492-275 bde-div\">\n  \n  \n\t\n\n\n\n\n<\/div><div class=\"bde-text-2492-276 bde-text\">\n<h3>g\u00e9r\u00e9 avec rigueur<\/h3>\n<\/div>\n<\/div><div class=\"bde-rich-text-2492-216 bde-rich-text breakdance-rich-text-styles\">\n<p>Nous g\u00e9rons chaque actif comme s'il s'agissait du n\u00f4tre \u2014 en faisant appel \u00e0 nos comp\u00e9tences techniques en ing\u00e9nierie, \u00e0 notre vision strat\u00e9gique et en toute transparence. Car pr\u00e9server la valeur exige bien plus que la simple gestion de contrats.<\/p>\n<\/div><div class=\"bde-accordion-2492-277 bde-accordion bde-accordion--bordered-bottom\"><div class=\"bde-accordion__content-wrapper-2492-282 bde-accordion__content-wrapper\">\n<h3 class=\"bde-accordion__title-tag\">\n  <button type=\"button\" class=\"bde-accordion__button\" id=\"accordion-button-282\" aria-controls=\"accordion-panel-282\" aria-expanded=\"false\">\n     <span class=\"bde-accordion__title\" >Gestion strat\u00e9gique des actifs<\/span>\n     <span class=\"bde-accordion__icon bde-accordion__icon--default\"><\/span>\n     <span class=\"bde-accordion__icon bde-accordion__icon--active\"><\/span>\n  <\/button>\n<\/h3>\n\n<div role=\"region\" class=\"bde-accordion__panel\" id=\"accordion-panel-282\" aria-labelledby=\"accordion-button-282\">\n    <div class=\"bde-accordion__panel-content\">\n        <div class=\"bde-rich-text-2492-295 bde-rich-text breakdance-rich-text-styles\">\n<p>Nous analysons chaque actif en tenant compte du march\u00e9 et des perspectives d'avenir : repositionnement, rotation du portefeuille, analyse de performance et recommandations de sortie. Gr\u00e2ce \u00e0 des donn\u00e9es exclusives dont la concurrence ne dispose pas.<\/p>\n\n<\/div>\n    <\/div>\n<\/div>\n\n\n\n<\/div><div class=\"bde-accordion__content-wrapper-2492-284 bde-accordion__content-wrapper\">\n<h3 class=\"bde-accordion__title-tag\">\n  <button type=\"button\" class=\"bde-accordion__button\" id=\"accordion-button-284\" aria-controls=\"accordion-panel-284\" aria-expanded=\"false\">\n     <span class=\"bde-accordion__title\" >Structuration financi\u00e8re et fiscale<\/span>\n     <span class=\"bde-accordion__icon bde-accordion__icon--default\"><\/span>\n     <span class=\"bde-accordion__icon bde-accordion__icon--active\"><\/span>\n  <\/button>\n<\/h3>\n\n<div role=\"region\" class=\"bde-accordion__panel\" id=\"accordion-panel-284\" aria-labelledby=\"accordion-button-284\">\n    <div class=\"bde-accordion__panel-content\">\n        <div class=\"bde-rich-text-2492-296 bde-rich-text breakdance-rich-text-styles\">\n<p>Chaque actif dispose d'un mode de d\u00e9tention optimal. Nous \u00e9tudions la structure de l'IMT, de l'IMI, des plus-values et du financement avant chaque d\u00e9cision \u2014 car l'efficacit\u00e9 fiscale n'est pas un d\u00e9tail, c'est une strat\u00e9gie.<\/p>\n\n<\/div>\n    <\/div>\n<\/div>\n\n\n\n<\/div><div class=\"bde-accordion__content-wrapper-2492-280 bde-accordion__content-wrapper\">\n<h3 class=\"bde-accordion__title-tag\">\n  <button type=\"button\" class=\"bde-accordion__button\" id=\"accordion-button-280\" aria-controls=\"accordion-panel-280\" aria-expanded=\"false\">\n     <span class=\"bde-accordion__title\" >Gestion locative<br><\/span>\n     <span class=\"bde-accordion__icon bde-accordion__icon--default\"><\/span>\n     <span class=\"bde-accordion__icon bde-accordion__icon--active\"><\/span>\n  <\/button>\n<\/h3>\n\n<div role=\"region\" class=\"bde-accordion__panel\" id=\"accordion-panel-280\" aria-labelledby=\"accordion-button-280\">\n    <div class=\"bde-accordion__panel-content\">\n        <div class=\"bde-rich-text-2492-294 bde-rich-text breakdance-rich-text-styles\">\n<p>Nous nous occupons de tout : de la s\u00e9lection et de l'\u00e9valuation de la solvabilit\u00e9 des locataires au recouvrement des loyers, en passant par la mise \u00e0 jour des contrats et la gestion des impay\u00e9s. Le propri\u00e9taire touche les revenus, sans avoir \u00e0 se soucier des probl\u00e8mes.<\/p>\n\n<\/div>\n    <\/div>\n<\/div>\n\n\n\n<\/div><div class=\"bde-accordion__content-wrapper-2492-278 bde-accordion__content-wrapper\">\n<h3 class=\"bde-accordion__title-tag\">\n  <button type=\"button\" class=\"bde-accordion__button\" id=\"accordion-button-278\" aria-controls=\"accordion-panel-278\" aria-expanded=\"false\">\n     <span class=\"bde-accordion__title\" >Gestion technique et maintenance<\/span>\n     <span class=\"bde-accordion__icon bde-accordion__icon--default\"><\/span>\n     <span class=\"bde-accordion__icon bde-accordion__icon--active\"><\/span>\n  <\/button>\n<\/h3>\n\n<div role=\"region\" class=\"bde-accordion__panel\" id=\"accordion-panel-278\" aria-labelledby=\"accordion-button-278\">\n    <div class=\"bde-accordion__panel-content\">\n        <div class=\"bde-rich-text-2492-293 bde-rich-text breakdance-rich-text-styles\">\n<p>Notre expertise en ing\u00e9nierie nous distingue sur le march\u00e9. Nous planifions et supervisons chaque intervention \u2014 de l'entretien courant aux travaux de grande envergure \u2014 avec une rigueur technique qu'aucun rapport de march\u00e9 ne saurait remplacer.<\/p>\n<p>Inspections p\u00e9riodiques, plans d'investissement et coordination d'entrepreneurs certifi\u00e9s.<\/p>\n\n<\/div>\n    <\/div>\n<\/div>\n\n\n\n<\/div><div class=\"bde-accordion__content-wrapper-2492-286 bde-accordion__content-wrapper\">\n<h3 class=\"bde-accordion__title-tag\">\n  <button type=\"button\" class=\"bde-accordion__button\" id=\"accordion-button-286\" aria-controls=\"accordion-panel-286\" aria-expanded=\"false\">\n     <span class=\"bde-accordion__title\" >Reporting et contr\u00f4le<\/span>\n     <span class=\"bde-accordion__icon bde-accordion__icon--default\"><\/span>\n     <span class=\"bde-accordion__icon bde-accordion__icon--active\"><\/span>\n  <\/button>\n<\/h3>\n\n<div role=\"region\" class=\"bde-accordion__panel\" id=\"accordion-panel-286\" aria-labelledby=\"accordion-button-286\">\n    <div class=\"bde-accordion__panel-content\">\n        <div class=\"bde-rich-text-2492-297 bde-rich-text breakdance-rich-text-styles\">\n<p>Tableau de bord des indicateurs cl\u00e9s de performance (KPI) mis \u00e0 jour en temps r\u00e9el \u2014 rendement, valeur nette d'inventaire (NAV), taux de vacance et WAULT. Rapport trimestriel comprenant une analyse des performances, le contexte du march\u00e9 et des recommandations strat\u00e9giques formul\u00e9es par le conseiller senior.<\/p>\n\n<\/div>\n    <\/div>\n<\/div>\n\n\n\n<\/div><div class=\"bde-accordion__content-wrapper-2492-298 bde-accordion__content-wrapper\">\n<h3 class=\"bde-accordion__title-tag\">\n  <button type=\"button\" class=\"bde-accordion__button\" id=\"accordion-button-298\" aria-controls=\"accordion-panel-298\" aria-expanded=\"false\">\n     <span class=\"bde-accordion__title\" >Transmission et h\u00e9ritage<br><\/span>\n     <span class=\"bde-accordion__icon bde-accordion__icon--default\"><\/span>\n     <span class=\"bde-accordion__icon bde-accordion__icon--active\"><\/span>\n  <\/button>\n<\/h3>\n\n<div role=\"region\" class=\"bde-accordion__panel\" id=\"accordion-panel-298\" aria-labelledby=\"accordion-button-298\">\n    <div class=\"bde-accordion__panel-content\">\n        <div class=\"bde-rich-text-2492-299 bde-rich-text breakdance-rich-text-styles\">\n<p>Le plus grand risque pour un patrimoine, c'est la g\u00e9n\u00e9ration suivante. Nous organisons la transmission interg\u00e9n\u00e9rationnelle de mani\u00e8re optimale sur les plans fiscal et juridique, en coordination avec le family office, les avocats et les h\u00e9ritiers.<\/p>\n\n<\/div>\n    <\/div>\n<\/div>\n\n\n\n<\/div>\r\n\r\n<\/div>\n<\/div><div class=\"bde-column-2492-288 bde-column\">\n  \n  \n\t\n\n\n\n<div class=\"bde-div-2492-289 bde-div\">\n  \n  \n\t\n\n\n\n<div class=\"bde-div-2492-290 bde-div\">\n  \n  \n\t\n\n\n\n\n<\/div><img decoding=\"async\" class=\"bde-image2-2492-291 bde-image2\" src=\"https:\/\/www.nafgroup.pt\/wp-content\/uploads\/2026\/04\/long-corridor-with-arched-ceiling-columns-doorway-end.jpeg\" loading=\"lazy\" srcset=\"https:\/\/www.nafgroup.pt\/wp-content\/uploads\/2026\/04\/long-corridor-with-arched-ceiling-columns-doorway-end.jpeg 1440w, https:\/\/www.nafgroup.pt\/wp-content\/uploads\/2026\/04\/long-corridor-with-arched-ceiling-columns-doorway-end-169x300.jpeg 169w, https:\/\/www.nafgroup.pt\/wp-content\/uploads\/2026\/04\/long-corridor-with-arched-ceiling-columns-doorway-end-576x1024.jpeg 576w, https:\/\/www.nafgroup.pt\/wp-content\/uploads\/2026\/04\/long-corridor-with-arched-ceiling-columns-doorway-end-768x1365.jpeg 768w, https:\/\/www.nafgroup.pt\/wp-content\/uploads\/2026\/04\/long-corridor-with-arched-ceiling-columns-doorway-end-864x1536.jpeg 864w, https:\/\/www.nafgroup.pt\/wp-content\/uploads\/2026\/04\/long-corridor-with-arched-ceiling-columns-doorway-end-1152x2048.jpeg 1152w\" sizes=\"(max-width: 1440px) 100vw, 1440px\" data-entrance=\"slideUp\"><div class=\"bde-div-2492-292 bde-div\">\n  \n  \n\t\n\n\n\n\n<\/div>\n<\/div>\n<\/div><\/div><\/div>\n<\/section><section class=\"bde-section-2492-204 bde-section\">\n  \n  \n\t\n\n\n\n<div class=\"section-container\"><div class=\"bde-columns-2492-205 bde-columns\"><div class=\"bde-column-2492-206 bde-column\">\n  \n  \n\t\n\n\n\n<div class=\"bde-div-2492-207 bde-div\">\n  \n  \n\t\n\n\n\n\n<\/div><img decoding=\"async\" class=\"bde-image2-2492-208 bde-image2\" src=\"https:\/\/www.nafgroup.pt\/wp-content\/uploads\/2026\/03\/top-view-manager-talk-discussing-about-house-construction-alimentation-1.jpeg\" alt=\"Conversa entre o gestor e o supervisor sobre a constru\u00e7\u00e3o da casa e a alimenta\u00e7\u00e3o\" loading=\"lazy\" srcset=\"https:\/\/www.nafgroup.pt\/wp-content\/uploads\/2026\/03\/top-view-manager-talk-discussing-about-house-construction-alimentation-1.jpeg 2500w, https:\/\/www.nafgroup.pt\/wp-content\/uploads\/2026\/03\/top-view-manager-talk-discussing-about-house-construction-alimentation-1-300x169.jpeg 300w, https:\/\/www.nafgroup.pt\/wp-content\/uploads\/2026\/03\/top-view-manager-talk-discussing-about-house-construction-alimentation-1-1024x576.jpeg 1024w, https:\/\/www.nafgroup.pt\/wp-content\/uploads\/2026\/03\/top-view-manager-talk-discussing-about-house-construction-alimentation-1-768x432.jpeg 768w, https:\/\/www.nafgroup.pt\/wp-content\/uploads\/2026\/03\/top-view-manager-talk-discussing-about-house-construction-alimentation-1-1536x864.jpeg 1536w, https:\/\/www.nafgroup.pt\/wp-content\/uploads\/2026\/03\/top-view-manager-talk-discussing-about-house-construction-alimentation-1-2048x1152.jpeg 2048w\" sizes=\"(max-width: 2500px) 100vw, 2500px\" data-entrance=\"slideUp\"><div class=\"bde-div-2492-209 bde-div\">\n  \n  \n\t\n\n\n\n\n<\/div>\n<\/div><div class=\"bde-column-2492-210 bde-column\">\n  \n  \n\t\n\n\n\n<h2 class=\"bde-heading-2492-211 bde-heading\" data-entrance=\"slideLeft\">\nEntretien de\n<\/h2><div class=\"bde-div-2492-212 bde-div\" data-entrance=\"fade\">\n  \n  \n\t\n\n\n\n<div class=\"bde-div-2492-213 bde-div\">\n  \n  \n\t\n\n\n\n\n<\/div><div class=\"bde-text-2492-214 bde-text\">\n<h3> l'immeuble<\/h3>\n<\/div>\n<\/div><div class=\"bde-div-2492-215 bde-div\">\n  \n  \n\t\n\n\n\n<div class=\"bde-rich-text-2492-300 bde-rich-text breakdance-rich-text-styles\">\n<p>L'\u00e9tat d'entretien d'un bien immobilier est le reflet direct de la valeur qu'il conserve \u2014 et du loyer qu'il peut g\u00e9n\u00e9rer. Dans notre gestion immobili\u00e8re, l'entretien n'est pas r\u00e9actif : il est planifi\u00e9, supervis\u00e9 et document\u00e9.<\/p> \n<p>Nous coordonnons toutes les interventions techniques, des petites r\u00e9parations courantes aux travaux de plus grande envergure, gr\u00e2ce \u00e0 un r\u00e9seau de prestataires certifi\u00e9s et \u00e0 des contrats de prestation de services n\u00e9goci\u00e9s au pr\u00e9alable.<\/p> \n<p>Nous effectuons des inspections p\u00e9riodiques de chaque bien immobilier, \u00e9laborons des plans d'investissement annuels et veillons \u00e0 ce que chaque actif soit maintenu dans des conditions qui prot\u00e8gent l'investissement \u2014 sans que le propri\u00e9taire ait \u00e0 intervenir ou \u00e0 perdre du temps avec des d\u00e9tails op\u00e9rationnels.<\/p>\n<\/div><div class=\"bde-button-2492-217 bde-button\">\n    \n                                    \n    \n    \n    \n    \n            \n                    \n            \n            \n\n    \n    \n    \n    \n    \n    <a class=\"breakdance-link button-atom button-atom--custom bde-button__button\" href=\"https:\/\/www.nafgroup.pt\/fr\/contact\/\" target=\"_self\" data-type=\"url\"  >\n\n    \n        <span class=\"button-atom__text\">Demander \u00e0 \u00eatre contact\u00e9<\/span>\n\n        \n        \n                <\/a>\n\n    \n\n\n<\/div>\n<\/div>\n<\/div><\/div><\/div>\n<\/section><section class=\"bde-section-2492-193 bde-section\">\n  \n  \n\t\n\n\n\n<div class=\"section-container\"><div class=\"bde-div-2492-194 bde-div\" data-entrance=\"fade\">\n  \n  \n\t\n\n\n\n<div class=\"bde-div-2492-195 bde-div\">\n  \n  \n\t\n\n\n\n<div class=\"bde-div-2492-196 bde-div\">\n  \n  \n\t\n\n\n\n\n<\/div><div class=\"bde-rich-text-2492-197 bde-rich-text breakdance-rich-text-styles\">\n<p>\u201cNous jouons un r\u00f4le central dans la gestion du patrimoine, en garantissant la protection des actifs et leur valorisation durable, conform\u00e9ment aux objectifs du client.\u201d<\/p>\n<p><strong>Nuno Ferreira, CEO<\/strong><\/p>\n<\/div><div class=\"bde-div-2492-198 bde-div\">\n  \n  \n\t\n\n\n\n\n<\/div>\n<\/div>\n<\/div><\/div>\n<\/section>","protected":false},"excerpt":{"rendered":"<p>Gestionde patrimoine Nous valorisons le patrimoine.Nous pr\u00e9servons la confiance. Gestion de patrimoine Nous sommes une soci\u00e9t\u00e9 sp\u00e9cialis\u00e9e dans la gestion strat\u00e9gique de patrimoines immobiliers pour les investisseurs exigeants.Chez NAF, nous sommes fermement convaincus que la gestion de patrimoine doit \u00eatre synonyme de clart\u00e9, de confiance et de croissance durable. Nous intervenons \u00e0 la crois\u00e9e des [&hellip;]<\/p>\n","protected":false},"author":1,"featured_media":0,"parent":0,"menu_order":3,"comment_status":"closed","ping_status":"closed","template":"","meta":{"_acf_changed":false,"_breakdance_hide_in_design_set":false,"_breakdance_tags":"","footnotes":""},"class_list":["post-2492","page","type-page","status-publish","hentry"],"acf":[],"_links":{"self":[{"href":"https:\/\/www.nafgroup.pt\/fr\/wp-json\/wp\/v2\/pages\/2492","targetHints":{"allow":["GET"]}}],"collection":[{"href":"https:\/\/www.nafgroup.pt\/fr\/wp-json\/wp\/v2\/pages"}],"about":[{"href":"https:\/\/www.nafgroup.pt\/fr\/wp-json\/wp\/v2\/types\/page"}],"author":[{"embeddable":true,"href":"https:\/\/www.nafgroup.pt\/fr\/wp-json\/wp\/v2\/users\/1"}],"replies":[{"embeddable":true,"href":"https:\/\/www.nafgroup.pt\/fr\/wp-json\/wp\/v2\/comments?post=2492"}],"version-history":[{"count":4,"href":"https:\/\/www.nafgroup.pt\/fr\/wp-json\/wp\/v2\/pages\/2492\/revisions"}],"predecessor-version":[{"id":2620,"href":"https:\/\/www.nafgroup.pt\/fr\/wp-json\/wp\/v2\/pages\/2492\/revisions\/2620"}],"wp:attachment":[{"href":"https:\/\/www.nafgroup.pt\/fr\/wp-json\/wp\/v2\/media?parent=2492"}],"curies":[{"name":"wp","href":"https:\/\/api.w.org\/{rel}","templated":true}]}}