{"id":2474,"date":"2025-10-23T14:56:03","date_gmt":"2025-10-23T14:56:03","guid":{"rendered":"https:\/\/www.nafgroup.pt\/imoveis\/"},"modified":"2026-04-10T15:53:31","modified_gmt":"2026-04-10T15:53:31","slug":"immobilier","status":"publish","type":"page","link":"https:\/\/www.nafgroup.pt\/fr\/immobilier\/","title":{"rendered":"Boutique d&rsquo;investissement"},"content":{"rendered":"<section class=\"bde-section-2474-522 bde-section\">\n              \n  \n  \n\t\n\n  <div class=\"section-background-overlay\"><\/div>\n\n\n<div class=\"section-container\"><div class=\"bde-div-2474-523 bde-div\">\n  \n  \n\t\n\n\n\n<h1 class=\"bde-heading-2474-524 bde-heading\">\nBoutique d'investissement\n<\/h1><div class=\"bde-text-2474-525 bde-text\">\n<p>La confiance dans chaque d\u00e9cision.<br>La valeur dans chaque investissement.<\/p>\n<\/div>\n<\/div><\/div>\n<\/section><section class=\"bde-section-2474-437 bde-section\">\n  \n  \n\t\n\n\n\n<div class=\"section-container\"><div class=\"bde-columns-2474-438 bde-columns\"><div class=\"bde-column-2474-439 bde-column\" data-entrance=\"slideLeft\">\n  \n  \n\t\n\n\n\n<h2 class=\"bde-heading-2474-440 bde-heading\">\nBoutique\n<\/h2><div class=\"bde-div-2474-441 bde-div\">\n  \n  \n\t\n\n\n\n<div class=\"bde-div-2474-442 bde-div\">\n  \n  \n\t\n\n\n\n\n<\/div><div class=\"bde-text-2474-443 bde-text\">\n<h3>d'investissement<\/h3>\n<\/div>\n<\/div><div class=\"bde-div-2474-444 bde-div\">\n  \n  \n\t\n\n\n\n<div class=\"bde-rich-text-2474-445 bde-rich-text breakdance-rich-text-styles\">\n<p><strong>Confiance et valeur ajout\u00e9e dans chaque d\u00e9cision immobili\u00e8re.<\/strong><\/p><p>Nous offrons un accompagnement ind\u00e9pendant et strat\u00e9gique aux particuliers et aux investisseurs, garantissant des d\u00e9cisions s\u00fbres, \u00e9clair\u00e9es et en ad\u00e9quation avec leurs objectifs. <\/p><p>Nous vous accompagnons depuis l'achat et la vente de biens immobiliers \u00e0 usage personnel jusqu'\u00e0 la structuration d'investissements immobiliers, avec une approche personnalis\u00e9e, rigoureuse et ax\u00e9e sur la cr\u00e9ation de valeur \u00e0 long terme.<\/p>\n<\/div>\n<\/div>\n<\/div><div class=\"bde-column-2474-447 bde-column\">\n  \n  \n\t\n\n\n\n<div class=\"bde-div-2474-448 bde-div\">\n  \n  \n\t\n\n\n\n<div class=\"bde-div-2474-449 bde-div\">\n  \n  \n\t\n\n\n\n\n<\/div><img decoding=\"async\" id=\"image\" class=\"bde-image2-2474-450 bde-image2\" src=\"https:\/\/www.nafgroup.pt\/wp-content\/uploads\/2026\/03\/VISTA-AEREA-LISBOA.jpg\" alt=\"Vista a\u00e9rea da cidade de Lisboa\" loading=\"lazy\" srcset=\"https:\/\/www.nafgroup.pt\/wp-content\/uploads\/2026\/03\/VISTA-AEREA-LISBOA.jpg 2500w, https:\/\/www.nafgroup.pt\/wp-content\/uploads\/2026\/03\/VISTA-AEREA-LISBOA-300x225.jpg 300w, https:\/\/www.nafgroup.pt\/wp-content\/uploads\/2026\/03\/VISTA-AEREA-LISBOA-1024x768.jpg 1024w, https:\/\/www.nafgroup.pt\/wp-content\/uploads\/2026\/03\/VISTA-AEREA-LISBOA-768x576.jpg 768w, https:\/\/www.nafgroup.pt\/wp-content\/uploads\/2026\/03\/VISTA-AEREA-LISBOA-1536x1151.jpg 1536w, https:\/\/www.nafgroup.pt\/wp-content\/uploads\/2026\/03\/VISTA-AEREA-LISBOA-2048x1535.jpg 2048w\" sizes=\"(max-width: 2500px) 100vw, 2500px\" data-entrance=\"slideDown\">\n<\/div><div class=\"bde-div-2474-451 bde-div\">\n  \n  \n\t\n\n\n\n<img decoding=\"async\" class=\"bde-image2-2474-452 bde-image2\" src=\"https:\/\/www.nafgroup.pt\/wp-content\/uploads\/2026\/01\/26945-1.jpg\" alt=\"Imagem de uma escada com vista do c\u00e9u\" loading=\"lazy\" srcset=\"https:\/\/www.nafgroup.pt\/wp-content\/uploads\/2026\/01\/26945-1.jpg 1333w, https:\/\/www.nafgroup.pt\/wp-content\/uploads\/2026\/01\/26945-1-200x300.jpg 200w, https:\/\/www.nafgroup.pt\/wp-content\/uploads\/2026\/01\/26945-1-682x1024.jpg 682w, https:\/\/www.nafgroup.pt\/wp-content\/uploads\/2026\/01\/26945-1-768x1152.jpg 768w, https:\/\/www.nafgroup.pt\/wp-content\/uploads\/2026\/01\/26945-1-1024x1536.jpg 1024w\" sizes=\"(max-width: 1333px) 100vw, 1333px\" data-entrance=\"slideUp\"><div class=\"bde-div-2474-453 bde-div\">\n  \n  \n\t\n\n\n\n\n<\/div>\n<\/div>\n<\/div><\/div><\/div>\n<\/section><section class=\"bde-section-2474-356 bde-section\">\n  \n  \n\t\n\n\n\n<div class=\"section-container\"><div class=\"bde-columns-2474-357 bde-columns\"><div class=\"bde-column-2474-358 bde-column\">\n  \n  \n\t\n\n\n\n<div class=\"bde-div-2474-477 bde-div\">\n  \n  \n\t\n\n\n\n\n<\/div><img decoding=\"async\" class=\"bde-image2-2474-478 bde-image2\" src=\"https:\/\/www.nafgroup.pt\/wp-content\/uploads\/2026\/03\/young-female-manager-high-tech-corporation-making-report-ceo-1.jpeg\" alt=\"Jovem gestora numa empresa de alta tecnologia a elaborar um relat\u00f3rio para o diretor executivo\" loading=\"lazy\" srcset=\"https:\/\/www.nafgroup.pt\/wp-content\/uploads\/2026\/03\/young-female-manager-high-tech-corporation-making-report-ceo-1.jpeg 2500w, https:\/\/www.nafgroup.pt\/wp-content\/uploads\/2026\/03\/young-female-manager-high-tech-corporation-making-report-ceo-1-300x200.jpeg 300w, https:\/\/www.nafgroup.pt\/wp-content\/uploads\/2026\/03\/young-female-manager-high-tech-corporation-making-report-ceo-1-1024x683.jpeg 1024w, https:\/\/www.nafgroup.pt\/wp-content\/uploads\/2026\/03\/young-female-manager-high-tech-corporation-making-report-ceo-1-768x512.jpeg 768w, https:\/\/www.nafgroup.pt\/wp-content\/uploads\/2026\/03\/young-female-manager-high-tech-corporation-making-report-ceo-1-1536x1024.jpeg 1536w, https:\/\/www.nafgroup.pt\/wp-content\/uploads\/2026\/03\/young-female-manager-high-tech-corporation-making-report-ceo-1-2048x1366.jpeg 2048w\" sizes=\"(max-width: 2500px) 100vw, 2500px\" data-entrance=\"slideUp\"><div class=\"bde-div-2474-479 bde-div\">\n  \n  \n\t\n\n\n\n\n<\/div>\n<\/div><div class=\"bde-column-2474-360 bde-column\">\n  \n  \n\t\n\n\n\n<div class=\"bde-div-2474-361 bde-div\">\n  \n  \n\t\n\n\n\n<h2 class=\"bde-heading-2474-365 bde-heading\">\nAnalyse approfondie\n<\/h2><div class=\"bde-div-2474-369 bde-div\">\n  \n  \n\t\n\n\n\n<div class=\"bde-div-2474-370 bde-div\">\n  \n  \n\t\n\n\n\n\n<\/div><div class=\"bde-text-2474-371 bde-text\">\n<h3> du march\u00e9<\/h3>\n<\/div>\n<\/div>\n<\/div><div class=\"bde-div-2474-366 bde-div\">\n  \n  \n\t\n\n\n\n<div class=\"bde-rich-text-2474-367 bde-rich-text breakdance-rich-text-styles\">\n<p>Nous intervenons tout au long du processus d\u00e9cisionnel, en nous appuyant sur une connaissance approfondie du march\u00e9, la d\u00e9finition d'une strat\u00e9gie, l'accompagnement des n\u00e9gociations et le suivi de l'op\u00e9ration, en mettant toujours l'accent sur la cr\u00e9ation de valeur et la protection des int\u00e9r\u00eats de nos clients.<\/p>\n\n<p>Ce qui nous distingue v\u00e9ritablement, c'est la combinaison d'un acc\u00e8s privil\u00e9gi\u00e9 aux op\u00e9rations hors march\u00e9, de la rigueur et de la minutie avec lesquelles nous analysons chaque bien immobilier, gr\u00e2ce \u00e0 une due diligence technique rigoureuse qui permet de prendre des d\u00e9cisions d'investissement s\u00fbres et pleinement \u00e9clair\u00e9es, ainsi qu'une relation \u00e9troite et personnalis\u00e9e avec nos clients.<\/p>\n<\/div><div class=\"bde-button-2474-556 bde-button\">\n    \n                                    \n    \n    \n    \n    \n            \n                    \n            \n            \n\n    \n    \n    \n    \n    \n    <a class=\"breakdance-link button-atom button-atom--custom bde-button__button\" href=\"https:\/\/www.nafgroup.pt\/fr\/contact\/\" target=\"_self\" data-type=\"url\"  >\n\n    \n        <span class=\"button-atom__text\">Demander \u00e0 \u00eatre contact\u00e9<\/span>\n\n        \n        \n                <\/a>\n\n    \n\n\n<\/div>\n<\/div>\n<\/div><\/div><\/div>\n<\/section><section id=\"fiscalizacao-de-obra\" class=\"bde-section-2474-542 bde-section\">\n  \n  \n\t\n\n\n\n<div class=\"section-container\"><div class=\"bde-columns-2474-543 bde-columns\"><div class=\"bde-column-2474-544 bde-column\">\n  \n  \n\t\n\n\n\n<h2 class=\"bde-heading-2474-545 bde-heading\" data-entrance=\"slideLeft\">\nDomaines\n<\/h2><div class=\"bde-div-2474-546 bde-div\" data-entrance=\"fade\">\n  \n  \n\t\n\n\n\n<div class=\"bde-div-2474-547 bde-div\">\n  \n  \n\t\n\n\n\n\n<\/div><div class=\"bde-text-2474-548 bde-text\">\n<h3>d'expertise<\/h3>\n<\/div>\n<\/div><div class=\"bde-accordion-2474-566 bde-accordion bde-accordion--bordered-bottom\"><div class=\"bde-accordion__content-wrapper-2474-571 bde-accordion__content-wrapper\">\n<h3 class=\"bde-accordion__title-tag\">\n  <button type=\"button\" class=\"bde-accordion__button\" id=\"accordion-button-571\" aria-controls=\"accordion-panel-571\" aria-expanded=\"false\">\n     <span class=\"bde-accordion__title\" >Conseil et transactions<\/span>\n     <span class=\"bde-accordion__icon bde-accordion__icon--default\"><\/span>\n     <span class=\"bde-accordion__icon bde-accordion__icon--active\"><\/span>\n  <\/button>\n<\/h3>\n\n<div role=\"region\" class=\"bde-accordion__panel\" id=\"accordion-panel-571\" aria-labelledby=\"accordion-button-571\">\n    <div class=\"bde-accordion__panel-content\">\n        <ul class=\"bde-basic-list-2474-400 bde-basic-list\">\n  <li  >    \n          Achat, vente et structuration d'actifs immobiliers de grande valeur\n      <\/li>\n  <li  >    \n          Repr\u00e9sentation exclusive des acheteurs ou des vendeurs (buy-side \/ sell-side)\n      <\/li>\n  <li  >    \n          Transactions hors march\u00e9 donnant acc\u00e8s \u00e0 des opportunit\u00e9s non rendues publiques\n      <\/li>\n  <li  >    \n          N\u00e9gociation et structuration avec une approche fiscale et juridique int\u00e9gr\u00e9e d\u00e8s le d\u00e9but.\n      <\/li>\n<\/ul>\n    <\/div>\n<\/div>\n\n\n\n<\/div><div class=\"bde-accordion__content-wrapper-2474-578 bde-accordion__content-wrapper\">\n<h3 class=\"bde-accordion__title-tag\">\n  <button type=\"button\" class=\"bde-accordion__button\" id=\"accordion-button-578\" aria-controls=\"accordion-panel-578\" aria-expanded=\"false\">\n     <span class=\"bde-accordion__title\" >Due diligence technique et juridique<\/span>\n     <span class=\"bde-accordion__icon bde-accordion__icon--default\"><\/span>\n     <span class=\"bde-accordion__icon bde-accordion__icon--active\"><\/span>\n  <\/button>\n<\/h3>\n\n<div role=\"region\" class=\"bde-accordion__panel\" id=\"accordion-panel-578\" aria-labelledby=\"accordion-button-578\">\n    <div class=\"bde-accordion__panel-content\">\n        <ul class=\"bde-basic-list-2474-518 bde-basic-list\">\n  <li  >    \n          Analyse technique approfondie des biens immobiliers (structure, installations, conformit\u00e9)\n      <\/li>\n  <li  >    \n          Audit juridique et urbanistique\n      <\/li>\n  <li  >    \n          Identification des risques et des passifs cach\u00e9s\n      <\/li>\n<\/ul>\n    <\/div>\n<\/div>\n\n\n\n<\/div><div class=\"bde-accordion__content-wrapper-2474-580 bde-accordion__content-wrapper\">\n<h3 class=\"bde-accordion__title-tag\">\n  <button type=\"button\" class=\"bde-accordion__button\" id=\"accordion-button-580\" aria-controls=\"accordion-panel-580\" aria-expanded=\"false\">\n     <span class=\"bde-accordion__title\" >\u00c9valuation et analyse des investissements<\/span>\n     <span class=\"bde-accordion__icon bde-accordion__icon--default\"><\/span>\n     <span class=\"bde-accordion__icon bde-accordion__icon--active\"><\/span>\n  <\/button>\n<\/h3>\n\n<div role=\"region\" class=\"bde-accordion__panel\" id=\"accordion-panel-580\" aria-labelledby=\"accordion-button-580\">\n    <div class=\"bde-accordion__panel-content\">\n        <ul class=\"bde-basic-list-2474-559 bde-basic-list\">\n  <li  >    \n          \u00c9valuation ind\u00e9pendante d'actifs\n      <\/li>\n  <li  >    \n          Mod\u00e9lisation financi\u00e8re et analyse de rentabilit\u00e9 (ROI, TRI, rendement)\n      <\/li>\n  <li  >    \n          \u00c9tudes de march\u00e9 et analyse comparative\n      <\/li>\n<\/ul>\n    <\/div>\n<\/div>\n\n\n\n<\/div><div class=\"bde-accordion__content-wrapper-2474-582 bde-accordion__content-wrapper\">\n<h3 class=\"bde-accordion__title-tag\">\n  <button type=\"button\" class=\"bde-accordion__button\" id=\"accordion-button-582\" aria-controls=\"accordion-panel-582\" aria-expanded=\"false\">\n     <span class=\"bde-accordion__title\" >Gestion d'actifs (Asset Management)<\/span>\n     <span class=\"bde-accordion__icon bde-accordion__icon--default\"><\/span>\n     <span class=\"bde-accordion__icon bde-accordion__icon--active\"><\/span>\n  <\/button>\n<\/h3>\n\n<div role=\"region\" class=\"bde-accordion__panel\" id=\"accordion-panel-582\" aria-labelledby=\"accordion-button-582\">\n    <div class=\"bde-accordion__panel-content\">\n        <ul class=\"bde-basic-list-2474-562 bde-basic-list\">\n  <li  >    \n          Optimisation de la performance des portefeuilles immobiliers\n      <\/li>\n  <li  >    \n          Strat\u00e9gies de valorisation des actifs\n      <\/li>\n  <li  >    \n          Gestion des locations et de l'occupation\n      <\/li>\n<\/ul>\n    <\/div>\n<\/div>\n\n\n\n<\/div><div class=\"bde-accordion__content-wrapper-2474-585 bde-accordion__content-wrapper\">\n<h3 class=\"bde-accordion__title-tag\">\n  <button type=\"button\" class=\"bde-accordion__button\" id=\"accordion-button-585\" aria-controls=\"accordion-panel-585\" aria-expanded=\"false\">\n     <span class=\"bde-accordion__title\" >R\u00e9habilitation et repositionnement<\/span>\n     <span class=\"bde-accordion__icon bde-accordion__icon--default\"><\/span>\n     <span class=\"bde-accordion__icon bde-accordion__icon--active\"><\/span>\n  <\/button>\n<\/h3>\n\n<div role=\"region\" class=\"bde-accordion__panel\" id=\"accordion-panel-585\" aria-labelledby=\"accordion-button-585\">\n    <div class=\"bde-accordion__panel-content\">\n        <ul class=\"bde-basic-list-2474-565 bde-basic-list\">\n  <li  >    \n          Identification des actifs pr\u00e9sentant un potentiel de plus-values\n      <\/li>\n  <li  >    \n          Suivi des projets de r\u00e9habilitation urbaine\n      <\/li>\n  <li  >    \n          Repositionnement des biens immobiliers sur le march\u00e9\n      <\/li>\n<\/ul>\n    <\/div>\n<\/div>\n\n\n\n<\/div>\r\n\r\n<\/div>\n<\/div><div class=\"bde-column-2474-551 bde-column\">\n  \n  \n\t\n\n\n\n<div class=\"bde-div-2474-552 bde-div\">\n  \n  \n\t\n\n\n\n<div class=\"bde-div-2474-553 bde-div\">\n  \n  \n\t\n\n\n\n\n<\/div><img decoding=\"async\" class=\"bde-image2-2474-554 bde-image2\" src=\"https:\/\/www.nafgroup.pt\/wp-content\/uploads\/2026\/03\/living-room-with-painting-whale-wall-1.jpeg\" alt=\"Sala de estar com quadro de baleia na parede\" loading=\"lazy\" srcset=\"https:\/\/www.nafgroup.pt\/wp-content\/uploads\/2026\/03\/living-room-with-painting-whale-wall-1.jpeg 2246w, https:\/\/www.nafgroup.pt\/wp-content\/uploads\/2026\/03\/living-room-with-painting-whale-wall-1-263x300.jpeg 263w, https:\/\/www.nafgroup.pt\/wp-content\/uploads\/2026\/03\/living-room-with-painting-whale-wall-1-898x1024.jpeg 898w, https:\/\/www.nafgroup.pt\/wp-content\/uploads\/2026\/03\/living-room-with-painting-whale-wall-1-768x875.jpeg 768w, https:\/\/www.nafgroup.pt\/wp-content\/uploads\/2026\/03\/living-room-with-painting-whale-wall-1-1348x1536.jpeg 1348w, https:\/\/www.nafgroup.pt\/wp-content\/uploads\/2026\/03\/living-room-with-painting-whale-wall-1-1797x2048.jpeg 1797w\" sizes=\"(max-width: 2246px) 100vw, 2246px\" data-entrance=\"slideUp\"><div class=\"bde-div-2474-555 bde-div\">\n  \n  \n\t\n\n\n\n\n<\/div>\n<\/div>\n<\/div><\/div><\/div>\n<\/section><section class=\"bde-section-2474-118 bde-section\">\n  \n  \n\t\n\n\n\n<div class=\"section-container\"><div class=\"bde-columns-2474-315 bde-columns\"><div class=\"bde-column-2474-319 bde-column\">\n  \n  \n\t\n\n\n\n<div class=\"bde-columns-2474-431 bde-columns\"><div class=\"bde-column-2474-432 bde-column\">\n  \n  \n\t\n\n\n\n<h1 class=\"bde-heading-2474-436 bde-heading\">\nPortefeuille immobilier \n<\/h1><div class=\"bde-text-2474-120 bde-text\">\nForts d'une vaste exp\u00e9rience dans la gestion des transactions immobili\u00e8res, nous intervenons dans tous les types d'actifs.\n<\/div>\n<\/div><\/div><div class=\"bde-columns-2474-320 bde-columns\"><div class=\"bde-column-2474-321 bde-column\" data-entrance=\"fade\">\n  \n  \n\t\n\n\n\n<img decoding=\"async\" class=\"bde-image2-2474-322 bde-image2\" src=\"https:\/\/www.nafgroup.pt\/wp-content\/uploads\/2025\/10\/2204.jpg\" alt=\"Casa com jardim\" loading=\"lazy\" srcset=\"https:\/\/www.nafgroup.pt\/wp-content\/uploads\/2025\/10\/2204.jpg 1500w, https:\/\/www.nafgroup.pt\/wp-content\/uploads\/2025\/10\/2204-300x200.jpg 300w, https:\/\/www.nafgroup.pt\/wp-content\/uploads\/2025\/10\/2204-1024x683.jpg 1024w, https:\/\/www.nafgroup.pt\/wp-content\/uploads\/2025\/10\/2204-768x512.jpg 768w\" sizes=\"(max-width: 1500px) 100vw, 1500px\"><h3 class=\"bde-heading-2474-323 bde-heading\">\nImmeubles de placement\n<\/h3>\n<\/div><div class=\"bde-column-2474-324 bde-column\" data-entrance=\"fade\">\n  \n  \n\t\n\n\n\n<img decoding=\"async\" class=\"bde-image2-2474-325 bde-image2\" src=\"https:\/\/www.nafgroup.pt\/wp-content\/uploads\/2026\/01\/24881.jpg\" alt=\"Sala com sof\u00e1 branco e um quadro moderno\" loading=\"lazy\" srcset=\"https:\/\/www.nafgroup.pt\/wp-content\/uploads\/2026\/01\/24881.jpg 2000w, https:\/\/www.nafgroup.pt\/wp-content\/uploads\/2026\/01\/24881-300x169.jpg 300w, https:\/\/www.nafgroup.pt\/wp-content\/uploads\/2026\/01\/24881-1024x576.jpg 1024w, https:\/\/www.nafgroup.pt\/wp-content\/uploads\/2026\/01\/24881-768x432.jpg 768w, https:\/\/www.nafgroup.pt\/wp-content\/uploads\/2026\/01\/24881-1536x864.jpg 1536w\" sizes=\"(max-width: 2000px) 100vw, 2000px\"><h3 class=\"bde-heading-2474-326 bde-heading\">\nImmobilier r\u00e9sidentiel\n<\/h3>\n<\/div><div class=\"bde-column-2474-328 bde-column\" data-entrance=\"fade\">\n  \n  \n\t\n\n\n\n<img decoding=\"async\" class=\"bde-image2-2474-329 bde-image2\" src=\"https:\/\/www.nafgroup.pt\/wp-content\/uploads\/2026\/03\/lotes.jpg\" alt=\"Vista a\u00e9rea de terrenos\" loading=\"lazy\" srcset=\"https:\/\/www.nafgroup.pt\/wp-content\/uploads\/2026\/03\/lotes.jpg 1500w, https:\/\/www.nafgroup.pt\/wp-content\/uploads\/2026\/03\/lotes-300x168.jpg 300w, https:\/\/www.nafgroup.pt\/wp-content\/uploads\/2026\/03\/lotes-1024x574.jpg 1024w, https:\/\/www.nafgroup.pt\/wp-content\/uploads\/2026\/03\/lotes-768x431.jpg 768w\" sizes=\"(max-width: 1500px) 100vw, 1500px\"><h3 class=\"bde-heading-2474-330 bde-heading\">\nTerrains\n<\/h3>\n<\/div><\/div><div class=\"bde-columns-2474-327 bde-columns\"><div class=\"bde-column-2474-331 bde-column\" data-entrance=\"fade\">\n  \n  \n\t\n\n\n\n<img decoding=\"async\" class=\"bde-image2-2474-332 bde-image2\" src=\"https:\/\/www.nafgroup.pt\/wp-content\/uploads\/2026\/03\/business-people-walking-outside-office-building.jpeg\" alt=\"Empres\u00e1rios a caminhar \u00e0 sa\u00edda de um edif\u00edcio de escrit\u00f3rios\" loading=\"lazy\" srcset=\"https:\/\/www.nafgroup.pt\/wp-content\/uploads\/2026\/03\/business-people-walking-outside-office-building.jpeg 1500w, https:\/\/www.nafgroup.pt\/wp-content\/uploads\/2026\/03\/business-people-walking-outside-office-building-300x200.jpeg 300w, https:\/\/www.nafgroup.pt\/wp-content\/uploads\/2026\/03\/business-people-walking-outside-office-building-1024x683.jpeg 1024w, https:\/\/www.nafgroup.pt\/wp-content\/uploads\/2026\/03\/business-people-walking-outside-office-building-768x512.jpeg 768w\" sizes=\"(max-width: 1500px) 100vw, 1500px\"><h3 class=\"bde-heading-2474-333 bde-heading\">\nImmobilier commercial\n<\/h3>\n<\/div><div class=\"bde-column-2474-335 bde-column\" data-entrance=\"fade\">\n  \n  \n\t\n\n\n\n<img decoding=\"async\" class=\"bde-image2-2474-336 bde-image2\" src=\"https:\/\/www.nafgroup.pt\/wp-content\/uploads\/2025\/10\/7597-1.jpg\" alt=\"Pr\u00e9dio comercial\" loading=\"lazy\" srcset=\"https:\/\/www.nafgroup.pt\/wp-content\/uploads\/2025\/10\/7597-1.jpg 2000w, https:\/\/www.nafgroup.pt\/wp-content\/uploads\/2025\/10\/7597-1-300x200.jpg 300w, https:\/\/www.nafgroup.pt\/wp-content\/uploads\/2025\/10\/7597-1-1024x682.jpg 1024w, https:\/\/www.nafgroup.pt\/wp-content\/uploads\/2025\/10\/7597-1-768x512.jpg 768w, https:\/\/www.nafgroup.pt\/wp-content\/uploads\/2025\/10\/7597-1-1536x1024.jpg 1536w\" sizes=\"(max-width: 2000px) 100vw, 2000px\"><h3 class=\"bde-heading-2474-337 bde-heading\">\nNouveaux projets\n<\/h3>\n<\/div><\/div>\n<\/div><\/div><\/div>\n<\/section><section id=\"fiscalizacao-de-obra\" class=\"bde-section-2474-592 bde-section\">\n  \n  \n\t\n\n\n\n<div class=\"section-container\"><div class=\"bde-columns-2474-593 bde-columns\"><div class=\"bde-column-2474-594 bde-column\">\n  \n  \n\t\n\n\n\n<h2 class=\"bde-heading-2474-595 bde-heading\" data-entrance=\"slideLeft\">\nParlez  \u00e0 un\n<\/h2><div class=\"bde-div-2474-596 bde-div\" data-entrance=\"fade\">\n  \n  \n\t\n\n\n\n<div class=\"bde-div-2474-597 bde-div\">\n  \n  \n\t\n\n\n\n\n<\/div><div class=\"bde-text-2474-598 bde-text\">\n<h3> expert<\/h3>\n<\/div>\n<\/div><div class=\"bde-div-2474-599 bde-div\">\n  \n  \n\t\n\n\n\n<div class=\"bde-rich-text-2474-600 bde-rich-text breakdance-rich-text-styles\">\n<p>Que ce soit pour acheter, vendre ou investir, nous vous guidons vers les bonnes opportunit\u00e9s \u2014 hors march\u00e9 et sur le march\u00e9 \u2014 en toute discr\u00e9tion et avec un seul objectif : trouver le bien qui vous convient le mieux.\n<\/p>\n<\/div><div class=\"bde-button-2474-601 bde-button\">\n    \n                                    \n    \n    \n    \n    \n            \n                    \n            \n            \n\n    \n    \n    \n    \n    \n    <a class=\"breakdance-link button-atom button-atom--custom bde-button__button\" href=\"https:\/\/www.nafgroup.pt\/fr\/contact\/\" target=\"_self\" data-type=\"url\"  >\n\n    \n        <span class=\"button-atom__text\">Contactez-nous<\/span>\n\n        \n        \n                <\/a>\n\n    \n\n\n<\/div>\n<\/div>\n<\/div><div class=\"bde-column-2474-602 bde-column\">\n  \n  \n\t\n\n\n\n<div class=\"bde-div-2474-603 bde-div\">\n  \n  \n\t\n\n\n\n<div class=\"bde-div-2474-604 bde-div\">\n  \n  \n\t\n\n\n\n\n<\/div><img decoding=\"async\" class=\"bde-image2-2474-605 bde-image2\" src=\"https:\/\/www.nafgroup.pt\/wp-content\/uploads\/2026\/04\/3d-rendering-3d-illustration-interior-scene-mockup-modern-style-spiral-staircase-living-area-with-two-black-acrylic-legs-armchair.jpg.jpeg\" alt=\"Ilustra\u00e7\u00e3o de maquete de interior: escada em espiral de estilo moderno - sala de estar com poltrona de duas pernas em acr\u00edlico preto\" loading=\"lazy\" srcset=\"https:\/\/www.nafgroup.pt\/wp-content\/uploads\/2026\/04\/3d-rendering-3d-illustration-interior-scene-mockup-modern-style-spiral-staircase-living-area-with-two-black-acrylic-legs-armchair.jpg.jpeg 2000w, https:\/\/www.nafgroup.pt\/wp-content\/uploads\/2026\/04\/3d-rendering-3d-illustration-interior-scene-mockup-modern-style-spiral-staircase-living-area-with-two-black-acrylic-legs-armchair.jpg-300x246.jpeg 300w, https:\/\/www.nafgroup.pt\/wp-content\/uploads\/2026\/04\/3d-rendering-3d-illustration-interior-scene-mockup-modern-style-spiral-staircase-living-area-with-two-black-acrylic-legs-armchair.jpg-1024x839.jpeg 1024w, https:\/\/www.nafgroup.pt\/wp-content\/uploads\/2026\/04\/3d-rendering-3d-illustration-interior-scene-mockup-modern-style-spiral-staircase-living-area-with-two-black-acrylic-legs-armchair.jpg-768x629.jpeg 768w, https:\/\/www.nafgroup.pt\/wp-content\/uploads\/2026\/04\/3d-rendering-3d-illustration-interior-scene-mockup-modern-style-spiral-staircase-living-area-with-two-black-acrylic-legs-armchair.jpg-1536x1259.jpeg 1536w\" sizes=\"(max-width: 2000px) 100vw, 2000px\" data-entrance=\"slideUp\"><div class=\"bde-div-2474-606 bde-div\">\n  \n  \n\t\n\n\n\n\n<\/div>\n<\/div>\n<\/div><\/div><\/div>\n<\/section>","protected":false},"excerpt":{"rendered":"<p>Boutique d&rsquo;investissement La confiance dans chaque d\u00e9cision.La valeur dans chaque investissement. Boutique d&rsquo;investissement Confiance et valeur ajout\u00e9e dans chaque d\u00e9cision immobili\u00e8re.Nous offrons un accompagnement ind\u00e9pendant et strat\u00e9gique aux particuliers et aux investisseurs, garantissant des d\u00e9cisions s\u00fbres, \u00e9clair\u00e9es et en ad\u00e9quation avec leurs objectifs. Nous vous accompagnons depuis l&rsquo;achat et la vente de biens immobiliers \u00e0 [&hellip;]<\/p>\n","protected":false},"author":1,"featured_media":0,"parent":0,"menu_order":2,"comment_status":"closed","ping_status":"closed","template":"","meta":{"_acf_changed":false,"_breakdance_hide_in_design_set":false,"_breakdance_tags":"","footnotes":""},"class_list":["post-2474","page","type-page","status-publish","hentry"],"acf":[],"_links":{"self":[{"href":"https:\/\/www.nafgroup.pt\/fr\/wp-json\/wp\/v2\/pages\/2474","targetHints":{"allow":["GET"]}}],"collection":[{"href":"https:\/\/www.nafgroup.pt\/fr\/wp-json\/wp\/v2\/pages"}],"about":[{"href":"https:\/\/www.nafgroup.pt\/fr\/wp-json\/wp\/v2\/types\/page"}],"author":[{"embeddable":true,"href":"https:\/\/www.nafgroup.pt\/fr\/wp-json\/wp\/v2\/users\/1"}],"replies":[{"embeddable":true,"href":"https:\/\/www.nafgroup.pt\/fr\/wp-json\/wp\/v2\/comments?post=2474"}],"version-history":[{"count":8,"href":"https:\/\/www.nafgroup.pt\/fr\/wp-json\/wp\/v2\/pages\/2474\/revisions"}],"predecessor-version":[{"id":2697,"href":"https:\/\/www.nafgroup.pt\/fr\/wp-json\/wp\/v2\/pages\/2474\/revisions\/2697"}],"wp:attachment":[{"href":"https:\/\/www.nafgroup.pt\/fr\/wp-json\/wp\/v2\/media?parent=2474"}],"curies":[{"name":"wp","href":"https:\/\/api.w.org\/{rel}","templated":true}]}}