{"id":2429,"date":"2026-02-20T14:58:58","date_gmt":"2026-02-20T14:58:58","guid":{"rendered":"https:\/\/www.nafgroup.pt\/home-duplicate\/"},"modified":"2026-04-16T15:10:52","modified_gmt":"2026-04-16T15:10:52","slug":"home-duplicate","status":"publish","type":"page","link":"https:\/\/www.nafgroup.pt\/fr\/","title":{"rendered":"Home"},"content":{"rendered":"<section class=\"bde-section-2429-115 bde-section\">\n              \n  \n  \n\t    \n      <div class=\"section-background-video\">\n              <video\n          autoplay\n          muted\n                      playsinline\n                                loop\n                              poster=\"https:\/\/www.nafgroup.pt\/wp-content\/uploads\/2026\/03\/video-bg-hero.webp\"\n                >\n        <source src=\"https:\/\/nafgroup.crochet.com.pt\/wp-content\/uploads\/2026\/02\/6976610-Lisboa-Summer-3840X2160.mp4\" type=\"video\/mp4\" \/>\n      <\/video>\n      <\/div>\n\n\n  <div class=\"section-background-overlay\"><\/div>\n\n\n<div class=\"section-container\"><div class=\"bde-div-2429-190 bde-div\">\n  \n  \n\t\n\n\n\n<h1 class=\"bde-heading-2429-116 bde-heading\">\n<span style=\"color:#A79651;font-family:'cora',sans-serif !important\">Beyond<\/span> Real Estate.\n<\/h1><div class=\"bde-text-2429-117 bde-text\">\n<p>Un secteur immobilier s'appuyant sur une expertise en ing\u00e9nierie, pour maximiser la valeur de vos investissements au Portugal. Votre vision, notre engagement.<\/p>\n<\/div>\n<\/div><\/div>\n<\/section><section class=\"bde-section-2429-227 bde-section\">\n  \n  \n\t\n\n\n\n<div class=\"section-container\"><div class=\"bde-columns-2429-228 bde-columns\"><div class=\"bde-column-2429-229 bde-column\" data-entrance=\"slideLeft\">\n  \n  \n\t\n\n\n\n<h2 class=\"bde-heading-2429-231 bde-heading\">\nBoutique \n<\/h2><div class=\"bde-div-2429-323 bde-div\">\n  \n  \n\t\n\n\n\n<div class=\"bde-div-2429-324 bde-div\">\n  \n  \n\t\n\n\n\n\n<\/div><div class=\"bde-text-2429-325 bde-text\">\n<h3>d'investissement<\/h3>\n<\/div>\n<\/div><div class=\"bde-div-2429-298 bde-div\">\n  \n  \n\t\n\n\n\n<div class=\"bde-rich-text-2429-192 bde-rich-text breakdance-rich-text-styles\">\n<p>Rigueur technique. S\u00e9lection rigoureuse. Valeur durable.<\/p>\n<p>Nous allions une connaissance approfondie du march\u00e9 \u00e0 notre expertise en ing\u00e9nierie pour identifier des opportunit\u00e9s solides dans le secteur immobilier.<\/p>\n<p>Chaque bien immobilier que nous pr\u00e9sentons \u00e0 nos clients est le fruit d'un processus rigoureux d'analyse et de s\u00e9lection, garantissant ainsi une s\u00e9curit\u00e9 et une confiance accrues dans l'investissement.<\/p>\n<p>Nous travaillons avec des investisseurs et des clients priv\u00e9s qui recherchent la discr\u00e9tion, la confiance et l'excellence.\nNous ne suivons pas les tendances. Nous cr\u00e9ons de la valeur.\n<\/p>\n\n<\/div><div class=\"bde-button-2429-194 bde-button\">\n    \n                                    \n    \n    \n    \n    \n            \n                    \n            \n            \n\n    \n    \n    \n    \n    \n    <a class=\"breakdance-link button-atom button-atom--custom bde-button__button\" href=\"https:\/\/www.nafgroup.pt\/fr\/immobilier\/\" target=\"_self\" data-type=\"url\"  >\n\n    \n        <span class=\"button-atom__text\">EN SAVOIR PLUS<\/span>\n\n        \n        \n                <\/a>\n\n    \n\n\n<\/div>\n<\/div>\n<\/div><div class=\"bde-column-2429-238 bde-column\">\n  \n  \n\t\n\n\n\n<div class=\"bde-div-2429-326 bde-div\">\n  \n  \n\t\n\n\n\n<div class=\"bde-div-2429-327 bde-div\">\n  \n  \n\t\n\n\n\n\n<\/div><img decoding=\"async\" id=\"image\" class=\"bde-image2-2429-239 bde-image2\" src=\"https:\/\/www.nafgroup.pt\/wp-content\/uploads\/2026\/03\/brown-white-spiral-stairs-1.jpg.jpeg\" alt=\"Escada em espiral castanha e branca\" loading=\"lazy\" srcset=\"https:\/\/www.nafgroup.pt\/wp-content\/uploads\/2026\/03\/brown-white-spiral-stairs-1.jpg.jpeg 992w, https:\/\/www.nafgroup.pt\/wp-content\/uploads\/2026\/03\/brown-white-spiral-stairs-1.jpg-200x300.jpeg 200w, https:\/\/www.nafgroup.pt\/wp-content\/uploads\/2026\/03\/brown-white-spiral-stairs-1.jpg-683x1024.jpeg 683w, https:\/\/www.nafgroup.pt\/wp-content\/uploads\/2026\/03\/brown-white-spiral-stairs-1.jpg-768x1152.jpeg 768w\" sizes=\"(max-width: 992px) 100vw, 992px\" data-entrance=\"slideDown\">\n<\/div><div class=\"bde-div-2429-328 bde-div\">\n  \n  \n\t\n\n\n\n<img decoding=\"async\" class=\"bde-image2-2429-240 bde-image2\" src=\"https:\/\/www.nafgroup.pt\/wp-content\/uploads\/2025\/10\/25613.jpg\" loading=\"lazy\" srcset=\"https:\/\/www.nafgroup.pt\/wp-content\/uploads\/2025\/10\/25613.jpg 2000w, https:\/\/www.nafgroup.pt\/wp-content\/uploads\/2025\/10\/25613-300x200.jpg 300w, https:\/\/www.nafgroup.pt\/wp-content\/uploads\/2025\/10\/25613-1024x682.jpg 1024w, https:\/\/www.nafgroup.pt\/wp-content\/uploads\/2025\/10\/25613-768x512.jpg 768w, https:\/\/www.nafgroup.pt\/wp-content\/uploads\/2025\/10\/25613-1536x1024.jpg 1536w\" sizes=\"(max-width: 2000px) 100vw, 2000px\" data-entrance=\"slideUp\"><div class=\"bde-div-2429-329 bde-div\">\n  \n  \n\t\n\n\n\n\n<\/div>\n<\/div>\n<\/div><\/div><\/div>\n<\/section><section class=\"bde-section-2429-148 bde-section\">\n  \n  \n\t\n\n\n\n<div class=\"section-container\"><div class=\"bde-columns-2429-149 bde-columns\"><div class=\"bde-column-2429-151 bde-column\" data-entrance=\"slideLeft\">\n  \n  \n\t\n\n\n\n<img decoding=\"async\" class=\"bde-image2-2429-153 bde-image2\" src=\"https:\/\/www.nafgroup.pt\/wp-content\/uploads\/2026\/03\/luxury-real-estate-properties-with-stunning-architecture-1.jpg.jpeg\" alt=\"Im\u00f3veis de luxo com uma arquitetura deslumbrante\" loading=\"lazy\" srcset=\"https:\/\/www.nafgroup.pt\/wp-content\/uploads\/2026\/03\/luxury-real-estate-properties-with-stunning-architecture-1.jpg.jpeg 1928w, https:\/\/www.nafgroup.pt\/wp-content\/uploads\/2026\/03\/luxury-real-estate-properties-with-stunning-architecture-1.jpg-226x300.jpeg 226w, https:\/\/www.nafgroup.pt\/wp-content\/uploads\/2026\/03\/luxury-real-estate-properties-with-stunning-architecture-1.jpg-771x1024.jpeg 771w, https:\/\/www.nafgroup.pt\/wp-content\/uploads\/2026\/03\/luxury-real-estate-properties-with-stunning-architecture-1.jpg-768x1020.jpeg 768w, https:\/\/www.nafgroup.pt\/wp-content\/uploads\/2026\/03\/luxury-real-estate-properties-with-stunning-architecture-1.jpg-1157x1536.jpeg 1157w, https:\/\/www.nafgroup.pt\/wp-content\/uploads\/2026\/03\/luxury-real-estate-properties-with-stunning-architecture-1.jpg-1542x2048.jpeg 1542w\" sizes=\"(max-width: 1928px) 100vw, 1928px\">\n<\/div><div class=\"bde-column-2429-150 bde-column\">\n  \n  \n\t\n\n\n\n<div class=\"bde-div-2429-171 bde-div\" data-entrance=\"slideRight\">\n  \n  \n\t\n\n\n\n<div class=\"bde-div-2429-168 bde-div\">\n  \n  \n\t\n\n\n\n<h2 class=\"bde-heading-2429-167 bde-heading\">\nGestion\n<\/h2>\n<\/div><div class=\"bde-div-2429-176 bde-div\">\n  \n  \n\t\n\n\n\n<div class=\"bde-div-2429-177 bde-div\">\n  \n  \n\t\n\n\n\n\n<\/div><div class=\"bde-text-2429-178 bde-text\">\n<h3>de patrimoine<\/h3>\n<\/div>\n<\/div><div class=\"bde-div-2429-172 bde-div\">\n  \n  \n\t\n\n\n\n<div class=\"bde-rich-text-2429-193 bde-rich-text breakdance-rich-text-styles\">\n<p>Nous g\u00e9rons le patrimoine immobilier selon une approche strat\u00e9gique, int\u00e9gr\u00e9e et ax\u00e9e sur la valorisation durable. Nous analysons les risques, structurons les d\u00e9cisions et accompagnons chaque actif tout au long de son cycle de vie, avec rigueur financi\u00e8re, rigueur technique et une orientation vers les r\u00e9sultats.<\/p> \n<p>Pour nous, la gestion immobili\u00e8re n'est pas seulement une question d'administration : c'est une strat\u00e9gie appliqu\u00e9e \u00e0 la cr\u00e9ation et \u00e0 la pr\u00e9servation de la valeur.<\/p>\n<\/div><div class=\"bde-button-2429-196 bde-button\">\n    \n                                    \n    \n    \n    \n    \n            \n                    \n            \n            \n\n    \n    \n    \n    \n    \n    <a class=\"breakdance-link button-atom button-atom--custom bde-button__button\" href=\"https:\/\/www.nafgroup.pt\/fr\/gestion-de-patrimoine\/\" target=\"_self\" data-type=\"url\"  >\n\n    \n        <span class=\"button-atom__text\">EN SAVOIR PLUS<\/span>\n\n        \n        \n                <\/a>\n\n    \n\n\n<\/div>\n<\/div>\n<\/div>\n<\/div><\/div><\/div>\n<\/section><section class=\"bde-section-2429-245 bde-section\">\n  \n  \n\t\n\n\n\n<div class=\"section-container\"><div class=\"bde-columns-2429-278 bde-columns\"><div class=\"bde-column-2429-279 bde-column\">\n  \n  \n\t\n\n\n\n<h2 class=\"bde-heading-2429-140 bde-heading\" data-entrance=\"slideLeft\">\nIng\u00e9nierie\n<\/h2><div class=\"bde-text-2429-144 bde-text\" data-entrance=\"fade\">\n<p>Le d\u00e9partement d'ing\u00e9nierie et de conseil technique en immobilier allie des connaissances techniques sp\u00e9cialis\u00e9es \u00e0 une vision strat\u00e9gique, afin de faciliter la prise de d\u00e9cisions \u00e9clair\u00e9es tout au long du cycle de vie du bien immobilier.<\/p>\n<\/div><div class=\"bde-icon-list-2429-191 bde-icon-list bde-icon-list--background\">\n<ul>\n  \n              \n    <li>\n              <div class='bde-icon-list__item-wrapper'>\n      \n      <span class='bde-icon-list__icon'>\n        <svg xmlns=\"http:\/\/www.w3.org\/2000\/svg\" viewBox=\"0 0 512 512\"><!-- Font Awesome Free 5.15.1 by @fontawesome - https:\/\/fontawesome.com License - https:\/\/fontawesome.com\/license\/free (Icons: CC BY 4.0, Fonts: SIL OFL 1.1, Code: MIT License) --><path d=\"M256 8C119.033 8 8 119.033 8 256s111.033 248 248 248 248-111.033 248-248S392.967 8 256 8zm0 48c110.532 0 200 89.451 200 200 0 110.532-89.451 200-200 200-110.532 0-200-89.451-200-200 0-110.532 89.451-200 200-200m140.204 130.267l-22.536-22.718c-4.667-4.705-12.265-4.736-16.97-.068L215.346 303.697l-59.792-60.277c-4.667-4.705-12.265-4.736-16.97-.069l-22.719 22.536c-4.705 4.667-4.736 12.265-.068 16.971l90.781 91.516c4.667 4.705 12.265 4.736 16.97.068l172.589-171.204c4.704-4.668 4.734-12.266.067-16.971z\"\/><\/svg>\n      <\/span>\n      <span class='bde-icon-list__text' >\n      Gest\u00e3o de Projeto\n      <\/span>\n              <\/div>\n      \n    <\/li>\n\n  \n              \n    <li>\n              <div class='bde-icon-list__item-wrapper'>\n      \n      <span class='bde-icon-list__icon'>\n        <svg xmlns=\"http:\/\/www.w3.org\/2000\/svg\" width=\"28\" height=\"23\" viewBox=\"0 0 28 23\" fill=\"none\">\r\n<path d=\"M6.78319 22.3115C7.08659 22.5969 7.50623 22.7515 7.93944 22.7373C8.3725 22.7231 8.77919 22.5413 9.05977 22.2368L27.3836 2.34092C27.9347 1.74259 27.8552 0.845764 27.2061 0.337799C26.5571 -0.170166 25.5841 -0.0969144 25.0331 0.501408L7.80316 19.2096L2.64297 14.3537C2.04715 13.7931 1.07107 13.7838 0.462837 14.333C-0.145397 14.8823 -0.155448 15.782 0.440359 16.3428L6.78319 22.3115Z\" fill=\"#A79651\"\/>\r\n<\/svg>\n      <\/span>\n      <span class='bde-icon-list__text' >\n      Fiscaliza\u00e7\u00e3o de obra\n      <\/span>\n              <\/div>\n      \n    <\/li>\n\n  \n              \n    <li>\n              <div class='bde-icon-list__item-wrapper'>\n      \n      <span class='bde-icon-list__icon'>\n        <svg xmlns=\"http:\/\/www.w3.org\/2000\/svg\" width=\"28\" height=\"23\" viewBox=\"0 0 28 23\" fill=\"none\">\r\n<path d=\"M6.78319 22.3115C7.08659 22.5969 7.50623 22.7515 7.93944 22.7373C8.3725 22.7231 8.77919 22.5413 9.05977 22.2368L27.3836 2.34092C27.9347 1.74259 27.8552 0.845764 27.2061 0.337799C26.5571 -0.170166 25.5841 -0.0969144 25.0331 0.501408L7.80316 19.2096L2.64297 14.3537C2.04715 13.7931 1.07107 13.7838 0.462837 14.333C-0.145397 14.8823 -0.155448 15.782 0.440359 16.3428L6.78319 22.3115Z\" fill=\"#A79651\"\/>\r\n<\/svg>\n      <\/span>\n      <span class='bde-icon-list__text' >\n      Projeto de especialidades\n      <\/span>\n              <\/div>\n      \n    <\/li>\n\n  \n              \n    <li>\n              <div class='bde-icon-list__item-wrapper'>\n      \n      <span class='bde-icon-list__icon'>\n        <svg xmlns=\"http:\/\/www.w3.org\/2000\/svg\" width=\"28\" height=\"23\" viewBox=\"0 0 28 23\" fill=\"none\">\r\n<path d=\"M6.78319 22.3115C7.08659 22.5969 7.50623 22.7515 7.93944 22.7373C8.3725 22.7231 8.77919 22.5413 9.05977 22.2368L27.3836 2.34092C27.9347 1.74259 27.8552 0.845764 27.2061 0.337799C26.5571 -0.170166 25.5841 -0.0969144 25.0331 0.501408L7.80316 19.2096L2.64297 14.3537C2.04715 13.7931 1.07107 13.7838 0.462837 14.333C-0.145397 14.8823 -0.155448 15.782 0.440359 16.3428L6.78319 22.3115Z\" fill=\"#A79651\"\/>\r\n<\/svg>\n      <\/span>\n      <span class='bde-icon-list__text' >\n      Consultoria T\u00e9cnica Imobili\u00e1ria\n      <\/span>\n              <\/div>\n      \n    <\/li>\n\n  \n              \n    <li>\n              <div class='bde-icon-list__item-wrapper'>\n      \n      <span class='bde-icon-list__icon'>\n        <svg xmlns=\"http:\/\/www.w3.org\/2000\/svg\" width=\"28\" height=\"23\" viewBox=\"0 0 28 23\" fill=\"none\">\r\n<path d=\"M6.78319 22.3115C7.08659 22.5969 7.50623 22.7515 7.93944 22.7373C8.3725 22.7231 8.77919 22.5413 9.05977 22.2368L27.3836 2.34092C27.9347 1.74259 27.8552 0.845764 27.2061 0.337799C26.5571 -0.170166 25.5841 -0.0969144 25.0331 0.501408L7.80316 19.2096L2.64297 14.3537C2.04715 13.7931 1.07107 13.7838 0.462837 14.333C-0.145397 14.8823 -0.155448 15.782 0.440359 16.3428L6.78319 22.3115Z\" fill=\"#A79651\"\/>\r\n<\/svg>\n      <\/span>\n      <span class='bde-icon-list__text' >\n      Peritagem de patologias de constru\u00e7\u00e3o\n      <\/span>\n              <\/div>\n      \n    <\/li>\n\n  <\/ul>\n\n<\/div><div class=\"bde-div-2429-333 bde-div\">\n  \n  \n\t\n\n\n\n<div class=\"bde-div-2429-334 bde-div\" data-entrance=\"slideLeft\">\n  \n  \n\t\n\n\n\n<a class=\"bde-text-link-2429-345 bde-text-link breakdance-link\" href=\"https:\/\/www.nafgroup.pt\/fr\/ingenierie\/#gestion-de-projet\" target=\"_self\" data-type=\"url\">\n  <h3 >\n  Gestion de Projet\n  <\/h3>\n\n<\/a>\n<\/div><div class=\"bde-div-2429-338 bde-div\" data-entrance=\"slideLeft\">\n  \n  \n\t\n\n\n\n<a class=\"bde-text-link-2429-347 bde-text-link breakdance-link\" href=\"https:\/\/www.nafgroup.pt\/fr\/ingenierie\/#projet-de-specialites\" target=\"_self\" data-type=\"url\">\n  <h3 >\n  Projet de Sp\u00e9cialit\u00e9s\n  <\/h3>\n\n<\/a>\n<\/div><div class=\"bde-div-2429-336 bde-div\" data-entrance=\"slideLeft\">\n  \n  \n\t\n\n\n\n<a class=\"bde-text-link-2429-346 bde-text-link breakdance-link\" href=\"https:\/\/www.nafgroup.pt\/fr\/ingenierie\/#controle-des-travaux\" target=\"_self\" data-type=\"url\">\n  <h3 >\n  Contr\u00f4le des Travaux\n  <\/h3>\n\n<\/a>\n<\/div><div class=\"bde-div-2429-342 bde-div\" data-entrance=\"slideLeft\">\n  \n  \n\t\n\n\n\n<a class=\"bde-text-link-2429-348 bde-text-link breakdance-link\" href=\"https:\/\/www.nafgroup.pt\/fr\/ingenierie\/#conseil-technique\" target=\"_self\" data-type=\"url\">\n  <h3 >\n  Conseil Technique en Immobilier\n  <\/h3>\n\n<\/a>\n<\/div><div class=\"bde-div-2429-340 bde-div\" data-entrance=\"slideLeft\">\n  \n  \n\t\n\n\n\n<a class=\"bde-text-link-2429-349 bde-text-link breakdance-link\" href=\"https:\/\/www.nafgroup.pt\/fr\/ingenierie\/#expertise-en-pathologies\" target=\"_self\" data-type=\"url\">\n  <h3 >\n  Expertise en Pathologies du B\u00e2timent\n  <\/h3>\n\n<\/a>\n<\/div>\n<\/div>\n<\/div><div class=\"bde-column-2429-286 bde-column\">\n  \n  \n\t\n\n\n\n<div class=\"bde-div-2429-332 bde-div\">\n  \n  \n\t\n\n\n\n<div class=\"bde-div-2429-331 bde-div\">\n  \n  \n\t\n\n\n\n\n<\/div><img decoding=\"async\" class=\"bde-image2-2429-287 bde-image2\" src=\"https:\/\/www.nafgroup.pt\/wp-content\/uploads\/2026\/03\/hands-engineer-working-blueprint-construction-concept-engineering-tools-vintage-tone-retro-filter-effect-soft-focus-selective-focus.jpg-1-1.jpeg\" alt=\"M\u00e3os, engenheiro, plano de trabalho, constru\u00e7\u00e3o, conceito, ferramentas de engenharia\" loading=\"lazy\" srcset=\"https:\/\/www.nafgroup.pt\/wp-content\/uploads\/2026\/03\/hands-engineer-working-blueprint-construction-concept-engineering-tools-vintage-tone-retro-filter-effect-soft-focus-selective-focus.jpg-1-1.jpeg 2560w, https:\/\/www.nafgroup.pt\/wp-content\/uploads\/2026\/03\/hands-engineer-working-blueprint-construction-concept-engineering-tools-vintage-tone-retro-filter-effect-soft-focus-selective-focus.jpg-1-1-300x200.jpeg 300w, https:\/\/www.nafgroup.pt\/wp-content\/uploads\/2026\/03\/hands-engineer-working-blueprint-construction-concept-engineering-tools-vintage-tone-retro-filter-effect-soft-focus-selective-focus.jpg-1-1-1024x683.jpeg 1024w, https:\/\/www.nafgroup.pt\/wp-content\/uploads\/2026\/03\/hands-engineer-working-blueprint-construction-concept-engineering-tools-vintage-tone-retro-filter-effect-soft-focus-selective-focus.jpg-1-1-768x512.jpeg 768w, https:\/\/www.nafgroup.pt\/wp-content\/uploads\/2026\/03\/hands-engineer-working-blueprint-construction-concept-engineering-tools-vintage-tone-retro-filter-effect-soft-focus-selective-focus.jpg-1-1-1536x1024.jpeg 1536w, https:\/\/www.nafgroup.pt\/wp-content\/uploads\/2026\/03\/hands-engineer-working-blueprint-construction-concept-engineering-tools-vintage-tone-retro-filter-effect-soft-focus-selective-focus.jpg-1-1-2048x1366.jpeg 2048w\" sizes=\"(max-width: 2560px) 100vw, 2560px\" data-entrance=\"slideUp\"><div class=\"bde-div-2429-330 bde-div\">\n  \n  \n\t\n\n\n\n\n<\/div>\n<\/div>\n<\/div><\/div><\/div>\n<\/section><section class=\"bde-section-2429-300 bde-section\">\n              \n  \n  \n\t\n\n  <div class=\"section-background-overlay\"><\/div>\n\n\n<div class=\"section-container\"><div class=\"bde-columns-2429-301 bde-columns\"><div class=\"bde-column-2429-302 bde-column\" data-entrance=\"fade\">\n  \n  \n\t\n\n\n\n<h2 class=\"bde-heading-2429-292 bde-heading\">\nContactez l'un de nos experts.\n<\/h2><div class=\"bde-button-2429-297 bde-button\">\n    \n                                    \n    \n    \n    \n    \n            \n                    \n            \n            \n\n    \n    \n    \n    \n    \n    <a class=\"breakdance-link button-atom button-atom--custom bde-button__button\" href=\"https:\/\/www.nafgroup.pt\/fr\/contact\/\" target=\"_self\" data-type=\"url\"  >\n\n    \n        <span class=\"button-atom__text\">CONTACTEZ-NOUS<\/span>\n\n        \n        \n                <\/a>\n\n    \n\n\n<\/div>\n<\/div><\/div><\/div>\n<\/section><section class=\"bde-section-2429-350 bde-section\">\n  \n  \n\t\n\n\n\n<div class=\"section-container\"><div class=\"bde-columns-2429-351 bde-columns\"><div class=\"bde-column-2429-353 bde-column\">\n  \n  \n\t\n\n\n\n<div class=\"bde-div-2429-358 bde-div\">\n  \n  \n\t\n\n\n\n<div class=\"bde-simple-counter-2429-359 bde-simple-counter\">\n<div class=\"bde-simple-counter__wrapper\">\n  <p class=\"bde-simple-counter__number bde-h6\">\n    <span class=\"bde-simple-counter__prefix\">+<\/span>\n    <span class=\"bde-simple-counter__digit js-digit\"><\/span>\n    <span class=\"bde-simple-counter__suffix\"><\/span>\n  <\/p>\n    \t<div class=\"bde-simple-counter__title\" >Ann\u00e9es d'exp\u00e9rience<\/div>\n  <\/div>\n\n<\/div>\n<\/div>\n<\/div><div class=\"bde-column-2429-354 bde-column\">\n  \n  \n\t\n\n\n\n<div class=\"bde-div-2429-360 bde-div\">\n  \n  \n\t\n\n\n\n<div class=\"bde-simple-counter-2429-361 bde-simple-counter\">\n<div class=\"bde-simple-counter__wrapper\">\n  <p class=\"bde-simple-counter__number bde-h6\">\n    <span class=\"bde-simple-counter__prefix\">+<\/span>\n    <span class=\"bde-simple-counter__digit js-digit\"><\/span>\n    <span class=\"bde-simple-counter__suffix\"><\/span>\n  <\/p>\n    \t<div class=\"bde-simple-counter__title\" >Actifs sous gestion<\/div>\n  <\/div>\n\n<\/div>\n<\/div>\n<\/div><div class=\"bde-column-2429-355 bde-column\">\n  \n  \n\t\n\n\n\n<div class=\"bde-div-2429-362 bde-div\">\n  \n  \n\t\n\n\n\n<div class=\"bde-simple-counter-2429-363 bde-simple-counter\">\n<div class=\"bde-simple-counter__wrapper\">\n  <p class=\"bde-simple-counter__number bde-h6\">\n    <span class=\"bde-simple-counter__prefix\">+<\/span>\n    <span class=\"bde-simple-counter__digit js-digit\"><\/span>\n    <span class=\"bde-simple-counter__suffix\"><\/span>\n  <\/p>\n    \t<div class=\"bde-simple-counter__title\" >Des millions dans la gestion de patrimoine<\/div>\n  <\/div>\n\n<\/div>\n<\/div>\n<\/div><div class=\"bde-column-2429-352 bde-column\">\n  \n  \n\t\n\n\n\n<div class=\"bde-div-2429-356 bde-div\">\n  \n  \n\t\n\n\n\n<div class=\"bde-simple-counter-2429-357 bde-simple-counter\">\n<div class=\"bde-simple-counter__wrapper\">\n  <p class=\"bde-simple-counter__number bde-h6\">\n    <span class=\"bde-simple-counter__prefix\">+<\/span>\n    <span class=\"bde-simple-counter__digit js-digit\"><\/span>\n    <span class=\"bde-simple-counter__suffix\"><\/span>\n  <\/p>\n    \t<div class=\"bde-simple-counter__title\" >Clients<\/div>\n  <\/div>\n\n<\/div>\n<\/div>\n<\/div><\/div><\/div>\n<\/section>","protected":false},"excerpt":{"rendered":"<p>Beyond Real Estate. Un secteur immobilier s&rsquo;appuyant sur une expertise en ing\u00e9nierie, pour maximiser la valeur de vos investissements au Portugal. Votre vision, notre engagement. Boutique d&rsquo;investissement Rigueur technique. S\u00e9lection rigoureuse. Valeur durable. Nous allions une connaissance approfondie du march\u00e9 \u00e0 notre expertise en ing\u00e9nierie pour identifier des opportunit\u00e9s solides dans le secteur immobilier. Chaque [&hellip;]<\/p>\n","protected":false},"author":1,"featured_media":0,"parent":0,"menu_order":0,"comment_status":"closed","ping_status":"closed","template":"","meta":{"_acf_changed":false,"_breakdance_hide_in_design_set":false,"_breakdance_tags":"","footnotes":""},"class_list":["post-2429","page","type-page","status-publish","hentry"],"acf":[],"_links":{"self":[{"href":"https:\/\/www.nafgroup.pt\/fr\/wp-json\/wp\/v2\/pages\/2429","targetHints":{"allow":["GET"]}}],"collection":[{"href":"https:\/\/www.nafgroup.pt\/fr\/wp-json\/wp\/v2\/pages"}],"about":[{"href":"https:\/\/www.nafgroup.pt\/fr\/wp-json\/wp\/v2\/types\/page"}],"author":[{"embeddable":true,"href":"https:\/\/www.nafgroup.pt\/fr\/wp-json\/wp\/v2\/users\/1"}],"replies":[{"embeddable":true,"href":"https:\/\/www.nafgroup.pt\/fr\/wp-json\/wp\/v2\/comments?post=2429"}],"version-history":[{"count":6,"href":"https:\/\/www.nafgroup.pt\/fr\/wp-json\/wp\/v2\/pages\/2429\/revisions"}],"predecessor-version":[{"id":2708,"href":"https:\/\/www.nafgroup.pt\/fr\/wp-json\/wp\/v2\/pages\/2429\/revisions\/2708"}],"wp:attachment":[{"href":"https:\/\/www.nafgroup.pt\/fr\/wp-json\/wp\/v2\/media?parent=2429"}],"curies":[{"name":"wp","href":"https:\/\/api.w.org\/{rel}","templated":true}]}}