{"id":2490,"date":"2026-02-23T13:29:53","date_gmt":"2026-02-23T13:29:53","guid":{"rendered":"https:\/\/www.nafgroup.pt\/gestao-patrimonial\/"},"modified":"2026-04-09T11:02:37","modified_gmt":"2026-04-09T11:02:37","slug":"asset-management","status":"publish","type":"page","link":"https:\/\/www.nafgroup.pt\/en\/asset-management\/","title":{"rendered":"Asset Management"},"content":{"rendered":"<section class=\"bde-section-2490-189 bde-section\">\n              \n  \n  \n\t\n\n  <div class=\"section-background-overlay\"><\/div>\n\n\n<div class=\"section-container\"><div class=\"bde-div-2490-190 bde-div\">\n  \n  \n\t\n\n\n\n<h1 class=\"bde-heading-2490-191 bde-heading\">\nAsset<br>Management\n<\/h1><div class=\"bde-text-2490-192 bde-text\">\n<p>We value heritage.<br>We uphold trust.<\/p>\n<\/div>\n<\/div><\/div>\n<\/section><section class=\"bde-section-2490-163 bde-section\">\n  \n  \n\t\n\n\n\n<div class=\"section-container\"><div class=\"bde-columns-2490-164 bde-columns\"><div class=\"bde-column-2490-165 bde-column\">\n  \n  \n\t\n\n\n\n<h2 class=\"bde-heading-2490-166 bde-heading\" data-entrance=\"slideLeft\">\nAsset\n<\/h2><div class=\"bde-div-2490-167 bde-div\" data-entrance=\"fade\">\n  \n  \n\t\n\n\n\n<div class=\"bde-div-2490-168 bde-div\">\n  \n  \n\t\n\n\n\n\n<\/div><div class=\"bde-text-2490-169 bde-text\">\n<h3>management<\/h3>\n<\/div>\n<\/div><div class=\"bde-text-2490-170 bde-text\" data-entrance=\"fade\">\n<p>We are a boutique firm specialising in the strategic management of real estate assets for discerning investors.<\/p><p>At NAF, we firmly believe that asset management should be synonymous with clarity, trust and sustained growth. <\/p><p>We operate at the intersection of capital and real assets, ensuring that every property decision is structured with a long-term perspective, legal rigour and financial discipline.<\/p><p>We cultivate a deeply personalised and truly distinctive partnership, where we transform your vision into real value.<\/p>\n<\/div><div class=\"bde-icon-list-2490-171 bde-icon-list bde-icon-list--background\">\n<ul>\n  \n              \n    <li>\n              <div class='bde-icon-list__item-wrapper'>\n      \n      <span class='bde-icon-list__icon'>\n        <svg xmlns=\"http:\/\/www.w3.org\/2000\/svg\" viewBox=\"0 0 512 512\"><!-- Font Awesome Free 5.15.1 by @fontawesome - https:\/\/fontawesome.com License - https:\/\/fontawesome.com\/license\/free (Icons: CC BY 4.0, Fonts: SIL OFL 1.1, Code: MIT License) --><path d=\"M256 8C119.033 8 8 119.033 8 256s111.033 248 248 248 248-111.033 248-248S392.967 8 256 8zm0 48c110.532 0 200 89.451 200 200 0 110.532-89.451 200-200 200-110.532 0-200-89.451-200-200 0-110.532 89.451-200 200-200m140.204 130.267l-22.536-22.718c-4.667-4.705-12.265-4.736-16.97-.068L215.346 303.697l-59.792-60.277c-4.667-4.705-12.265-4.736-16.97-.069l-22.719 22.536c-4.705 4.667-4.736 12.265-.068 16.971l90.781 91.516c4.667 4.705 12.265 4.736 16.97.068l172.589-171.204c4.704-4.668 4.734-12.266.067-16.971z\"\/><\/svg>\n      <\/span>\n      <span class='bde-icon-list__text' >\n      Gest\u00e3o de Projeto\n      <\/span>\n              <\/div>\n      \n    <\/li>\n\n  \n              \n    <li>\n              <div class='bde-icon-list__item-wrapper'>\n      \n      <span class='bde-icon-list__icon'>\n        <svg xmlns=\"http:\/\/www.w3.org\/2000\/svg\" width=\"28\" height=\"23\" viewBox=\"0 0 28 23\" fill=\"none\">\r\n<path d=\"M6.78319 22.3115C7.08659 22.5969 7.50623 22.7515 7.93944 22.7373C8.3725 22.7231 8.77919 22.5413 9.05977 22.2368L27.3836 2.34092C27.9347 1.74259 27.8552 0.845764 27.2061 0.337799C26.5571 -0.170166 25.5841 -0.0969144 25.0331 0.501408L7.80316 19.2096L2.64297 14.3537C2.04715 13.7931 1.07107 13.7838 0.462837 14.333C-0.145397 14.8823 -0.155448 15.782 0.440359 16.3428L6.78319 22.3115Z\" fill=\"#A79651\"\/>\r\n<\/svg>\n      <\/span>\n      <span class='bde-icon-list__text' >\n      Fiscaliza\u00e7\u00e3o de obra\n      <\/span>\n              <\/div>\n      \n    <\/li>\n\n  \n              \n    <li>\n              <div class='bde-icon-list__item-wrapper'>\n      \n      <span class='bde-icon-list__icon'>\n        <svg xmlns=\"http:\/\/www.w3.org\/2000\/svg\" width=\"28\" height=\"23\" viewBox=\"0 0 28 23\" fill=\"none\">\r\n<path d=\"M6.78319 22.3115C7.08659 22.5969 7.50623 22.7515 7.93944 22.7373C8.3725 22.7231 8.77919 22.5413 9.05977 22.2368L27.3836 2.34092C27.9347 1.74259 27.8552 0.845764 27.2061 0.337799C26.5571 -0.170166 25.5841 -0.0969144 25.0331 0.501408L7.80316 19.2096L2.64297 14.3537C2.04715 13.7931 1.07107 13.7838 0.462837 14.333C-0.145397 14.8823 -0.155448 15.782 0.440359 16.3428L6.78319 22.3115Z\" fill=\"#A79651\"\/>\r\n<\/svg>\n      <\/span>\n      <span class='bde-icon-list__text' >\n      Projeto de especialidades\n      <\/span>\n              <\/div>\n      \n    <\/li>\n\n  \n              \n    <li>\n              <div class='bde-icon-list__item-wrapper'>\n      \n      <span class='bde-icon-list__icon'>\n        <svg xmlns=\"http:\/\/www.w3.org\/2000\/svg\" width=\"28\" height=\"23\" viewBox=\"0 0 28 23\" fill=\"none\">\r\n<path d=\"M6.78319 22.3115C7.08659 22.5969 7.50623 22.7515 7.93944 22.7373C8.3725 22.7231 8.77919 22.5413 9.05977 22.2368L27.3836 2.34092C27.9347 1.74259 27.8552 0.845764 27.2061 0.337799C26.5571 -0.170166 25.5841 -0.0969144 25.0331 0.501408L7.80316 19.2096L2.64297 14.3537C2.04715 13.7931 1.07107 13.7838 0.462837 14.333C-0.145397 14.8823 -0.155448 15.782 0.440359 16.3428L6.78319 22.3115Z\" fill=\"#A79651\"\/>\r\n<\/svg>\n      <\/span>\n      <span class='bde-icon-list__text' >\n      Consultoria T\u00e9cnica Imobili\u00e1ria\n      <\/span>\n              <\/div>\n      \n    <\/li>\n\n  \n              \n    <li>\n              <div class='bde-icon-list__item-wrapper'>\n      \n      <span class='bde-icon-list__icon'>\n        <svg xmlns=\"http:\/\/www.w3.org\/2000\/svg\" width=\"28\" height=\"23\" viewBox=\"0 0 28 23\" fill=\"none\">\r\n<path d=\"M6.78319 22.3115C7.08659 22.5969 7.50623 22.7515 7.93944 22.7373C8.3725 22.7231 8.77919 22.5413 9.05977 22.2368L27.3836 2.34092C27.9347 1.74259 27.8552 0.845764 27.2061 0.337799C26.5571 -0.170166 25.5841 -0.0969144 25.0331 0.501408L7.80316 19.2096L2.64297 14.3537C2.04715 13.7931 1.07107 13.7838 0.462837 14.333C-0.145397 14.8823 -0.155448 15.782 0.440359 16.3428L6.78319 22.3115Z\" fill=\"#A79651\"\/>\r\n<\/svg>\n      <\/span>\n      <span class='bde-icon-list__text' >\n      Peritagem de patologias de constru\u00e7\u00e3o\n      <\/span>\n              <\/div>\n      \n    <\/li>\n\n  <\/ul>\n\n<\/div>\n<\/div><div class=\"bde-column-2490-183 bde-column\">\n  \n  \n\t\n\n\n\n<div class=\"bde-div-2490-184 bde-div\">\n  \n  \n\t\n\n\n\n<div class=\"bde-div-2490-185 bde-div\">\n  \n  \n\t\n\n\n\n\n<\/div><img decoding=\"async\" class=\"bde-image2-2490-186 bde-image2\" src=\"https:\/\/www.nafgroup.pt\/wp-content\/uploads\/2026\/03\/low-angle-view-of-staircase.jpg\" alt=\"Vista de baixo \u00e2ngulo da escadaria\" loading=\"lazy\" srcset=\"https:\/\/www.nafgroup.pt\/wp-content\/uploads\/2026\/03\/low-angle-view-of-staircase.jpg 2000w, https:\/\/www.nafgroup.pt\/wp-content\/uploads\/2026\/03\/low-angle-view-of-staircase-300x200.jpg 300w, https:\/\/www.nafgroup.pt\/wp-content\/uploads\/2026\/03\/low-angle-view-of-staircase-1024x682.jpg 1024w, https:\/\/www.nafgroup.pt\/wp-content\/uploads\/2026\/03\/low-angle-view-of-staircase-768x512.jpg 768w, https:\/\/www.nafgroup.pt\/wp-content\/uploads\/2026\/03\/low-angle-view-of-staircase-1536x1024.jpg 1536w\" sizes=\"(max-width: 2000px) 100vw, 2000px\" data-entrance=\"slideUp\"><div class=\"bde-div-2490-187 bde-div\">\n  \n  \n\t\n\n\n\n\n<\/div>\n<\/div>\n<\/div><\/div><\/div>\n<\/section><section class=\"bde-section-2490-122 bde-section\">\n              \n  \n  \n\t    \n      <div class=\"section-background-video\">\n              <video\n          autoplay\n          muted\n                      playsinline\n                                loop\n                              poster=\"https:\/\/www.nafgroup.pt\/wp-content\/uploads\/2026\/03\/top-view-manager-talk-discussing-about-house-construction-alimentation-1.jpeg\"\n                >\n        <source src=\"https:\/\/www.nafgroup.pt\/wp-content\/uploads\/2026\/03\/2577244-Strategy-Planning-1920Xx1080.mp4\" type=\"video\/mp4\" \/>\n      <\/video>\n      <\/div>\n\n\n\n\n<div class=\"section-container\"><div class=\"bde-columns-2490-123 bde-columns\"><div class=\"bde-column-2490-124 bde-column\">\n  \n  \n\t\n\n\n\n\n<\/div><div class=\"bde-column-2490-125 bde-column\">\n              \n  \n  \n\t\n\n  <div class=\"section-background-overlay\"><\/div>\n\n\n<div class=\"bde-div-2490-126 bde-div\" data-entrance=\"slideUp\">\n  \n  \n\t\n\n\n\n<h2 class=\"bde-heading-2490-203 bde-heading\" data-entrance=\"slideLeft\">\nTailored\n<\/h2><div class=\"bde-div-2490-200 bde-div\" data-entrance=\"fade\">\n  \n  \n\t\n\n\n\n<div class=\"bde-div-2490-201 bde-div\">\n  \n  \n\t\n\n\n\n\n<\/div><div class=\"bde-text-2490-202 bde-text\">\n<h3>partnership<\/h3>\n<\/div>\n<\/div><div class=\"bde-rich-text-2490-127 bde-rich-text breakdance-rich-text-styles\">\n<p>Asset management is one of our key differentiating factors: we combine strategic vision, specialist engineering and in-depth market knowledge into a rigorous and bespoke approach.<\/p> <p>Supported by a dedicated technical maintenance team, we ensure the continuous enhancement of value, operational efficiency and the long-term preservation of each asset.<\/p>\n\n<\/div>\n<\/div>\n<\/div><\/div><\/div>\n<\/section><section id=\"fiscalizacao-de-obra\" class=\"bde-section-2490-270 bde-section\">\n  \n  \n\t\n\n\n\n<div class=\"section-container\"><div class=\"bde-columns-2490-271 bde-columns\"><div class=\"bde-column-2490-272 bde-column\">\n  \n  \n\t\n\n\n\n<h2 class=\"bde-heading-2490-273 bde-heading\" data-entrance=\"slideLeft\">\nYour assets, <br>\n<\/h2><div class=\"bde-div-2490-274 bde-div\" data-entrance=\"fade\">\n  \n  \n\t\n\n\n\n<div class=\"bde-div-2490-275 bde-div\">\n  \n  \n\t\n\n\n\n\n<\/div><div class=\"bde-text-2490-276 bde-text\">\n<h3>managed with care.<\/h3>\n<\/div>\n<\/div><div class=\"bde-rich-text-2490-216 bde-rich-text breakdance-rich-text-styles\">\n<p>We manage every asset as if it were our own \u2014 with technical engineering expertise, strategic vision and complete transparency. Because preserving value requires more than just managing contracts.<\/p>\n<\/div><div class=\"bde-accordion-2490-277 bde-accordion bde-accordion--bordered-bottom\"><div class=\"bde-accordion__content-wrapper-2490-282 bde-accordion__content-wrapper\">\n<h3 class=\"bde-accordion__title-tag\">\n  <button type=\"button\" class=\"bde-accordion__button\" id=\"accordion-button-282\" aria-controls=\"accordion-panel-282\" aria-expanded=\"false\">\n     <span class=\"bde-accordion__title\" >Strategic Asset Management<\/span>\n     <span class=\"bde-accordion__icon bde-accordion__icon--default\"><\/span>\n     <span class=\"bde-accordion__icon bde-accordion__icon--active\"><\/span>\n  <\/button>\n<\/h3>\n\n<div role=\"region\" class=\"bde-accordion__panel\" id=\"accordion-panel-282\" aria-labelledby=\"accordion-button-282\">\n    <div class=\"bde-accordion__panel-content\">\n        <div class=\"bde-rich-text-2490-295 bde-rich-text breakdance-rich-text-styles\">\n<p>We analyse each asset with an eye on the market and the future: repositioning, portfolio rotation, performance analysis and exit recommendations. Using proprietary data that our competitors do not have.<\/p>\n\n<\/div>\n    <\/div>\n<\/div>\n\n\n\n<\/div><div class=\"bde-accordion__content-wrapper-2490-284 bde-accordion__content-wrapper\">\n<h3 class=\"bde-accordion__title-tag\">\n  <button type=\"button\" class=\"bde-accordion__button\" id=\"accordion-button-284\" aria-controls=\"accordion-panel-284\" aria-expanded=\"false\">\n     <span class=\"bde-accordion__title\" >Financial and Tax Structuring<\/span>\n     <span class=\"bde-accordion__icon bde-accordion__icon--default\"><\/span>\n     <span class=\"bde-accordion__icon bde-accordion__icon--active\"><\/span>\n  <\/button>\n<\/h3>\n\n<div role=\"region\" class=\"bde-accordion__panel\" id=\"accordion-panel-284\" aria-labelledby=\"accordion-button-284\">\n    <div class=\"bde-accordion__panel-content\">\n        <div class=\"bde-rich-text-2490-296 bde-rich-text breakdance-rich-text-styles\">\n<p>Every asset has an optimal holding structure. We analyse the structure of property tax (IMT), municipal property tax (IMI), capital gains and financing before every decision \u2014 because tax efficiency isn\u2019t a minor detail, it\u2019s a strategy.<\/p>\n<\/div>\n    <\/div>\n<\/div>\n\n\n\n<\/div><div class=\"bde-accordion__content-wrapper-2490-280 bde-accordion__content-wrapper\">\n<h3 class=\"bde-accordion__title-tag\">\n  <button type=\"button\" class=\"bde-accordion__button\" id=\"accordion-button-280\" aria-controls=\"accordion-panel-280\" aria-expanded=\"false\">\n     <span class=\"bde-accordion__title\" >Lease Management<\/span>\n     <span class=\"bde-accordion__icon bde-accordion__icon--default\"><\/span>\n     <span class=\"bde-accordion__icon bde-accordion__icon--active\"><\/span>\n  <\/button>\n<\/h3>\n\n<div role=\"region\" class=\"bde-accordion__panel\" id=\"accordion-panel-280\" aria-labelledby=\"accordion-button-280\">\n    <div class=\"bde-accordion__panel-content\">\n        <div class=\"bde-rich-text-2490-294 bde-rich-text breakdance-rich-text-styles\">\n<p>We take care of everything \u2014 from selecting tenants and assessing their creditworthiness to collecting rent, updating contracts and managing late payments. The landlord receives the income, not the problems.<\/p>\n\n<\/div>\n    <\/div>\n<\/div>\n\n\n\n<\/div><div class=\"bde-accordion__content-wrapper-2490-278 bde-accordion__content-wrapper\">\n<h3 class=\"bde-accordion__title-tag\">\n  <button type=\"button\" class=\"bde-accordion__button\" id=\"accordion-button-278\" aria-controls=\"accordion-panel-278\" aria-expanded=\"false\">\n     <span class=\"bde-accordion__title\" >Technical Management and Maintenance<\/span>\n     <span class=\"bde-accordion__icon bde-accordion__icon--default\"><\/span>\n     <span class=\"bde-accordion__icon bde-accordion__icon--active\"><\/span>\n  <\/button>\n<\/h3>\n\n<div role=\"region\" class=\"bde-accordion__panel\" id=\"accordion-panel-278\" aria-labelledby=\"accordion-button-278\">\n    <div class=\"bde-accordion__panel-content\">\n        <div class=\"bde-rich-text-2490-293 bde-rich-text breakdance-rich-text-styles\">\n<p>Our expertise in engineering sets us apart in the market. We plan and supervise every project \u2014 from routine maintenance to major works \u2014 with a level of technical rigour that no market report can replace.<\/p>\n<p>Regular inspections, capital expenditure plans and coordination of certified contractors.<\/p>\n\n<\/div>\n    <\/div>\n<\/div>\n\n\n\n<\/div><div class=\"bde-accordion__content-wrapper-2490-286 bde-accordion__content-wrapper\">\n<h3 class=\"bde-accordion__title-tag\">\n  <button type=\"button\" class=\"bde-accordion__button\" id=\"accordion-button-286\" aria-controls=\"accordion-panel-286\" aria-expanded=\"false\">\n     <span class=\"bde-accordion__title\" >Reporting and Monitoring<\/span>\n     <span class=\"bde-accordion__icon bde-accordion__icon--default\"><\/span>\n     <span class=\"bde-accordion__icon bde-accordion__icon--active\"><\/span>\n  <\/button>\n<\/h3>\n\n<div role=\"region\" class=\"bde-accordion__panel\" id=\"accordion-panel-286\" aria-labelledby=\"accordion-button-286\">\n    <div class=\"bde-accordion__panel-content\">\n        <div class=\"bde-rich-text-2490-297 bde-rich-text breakdance-rich-text-styles\">\n<p>Real-time KPI dashboard \u2014 yield, NAV, vacancy rate and WAULT. Quarterly report featuring performance analysis, market context and strategic recommendations from the senior advisor.<\/p>\n\n<\/div>\n    <\/div>\n<\/div>\n\n\n\n<\/div><div class=\"bde-accordion__content-wrapper-2490-298 bde-accordion__content-wrapper\">\n<h3 class=\"bde-accordion__title-tag\">\n  <button type=\"button\" class=\"bde-accordion__button\" id=\"accordion-button-298\" aria-controls=\"accordion-panel-298\" aria-expanded=\"false\">\n     <span class=\"bde-accordion__title\" >Transmission and Legacy<br><\/span>\n     <span class=\"bde-accordion__icon bde-accordion__icon--default\"><\/span>\n     <span class=\"bde-accordion__icon bde-accordion__icon--active\"><\/span>\n  <\/button>\n<\/h3>\n\n<div role=\"region\" class=\"bde-accordion__panel\" id=\"accordion-panel-298\" aria-labelledby=\"accordion-button-298\">\n    <div class=\"bde-accordion__panel-content\">\n        <div class=\"bde-rich-text-2490-299 bde-rich-text breakdance-rich-text-styles\">\n<p>The greatest risk to a family\u2019s wealth is the next generation. We structure intergenerational transfers to ensure tax and legal efficiency \u2014 in coordination with the family office, solicitors and heirs.<\/p>\n\n<\/div>\n    <\/div>\n<\/div>\n\n\n\n<\/div>\r\n\r\n<\/div>\n<\/div><div class=\"bde-column-2490-288 bde-column\">\n  \n  \n\t\n\n\n\n<div class=\"bde-div-2490-289 bde-div\">\n  \n  \n\t\n\n\n\n<div class=\"bde-div-2490-290 bde-div\">\n  \n  \n\t\n\n\n\n\n<\/div><img decoding=\"async\" class=\"bde-image2-2490-291 bde-image2\" src=\"https:\/\/www.nafgroup.pt\/wp-content\/uploads\/2026\/04\/long-corridor-with-arched-ceiling-columns-doorway-end.jpeg\" loading=\"lazy\" srcset=\"https:\/\/www.nafgroup.pt\/wp-content\/uploads\/2026\/04\/long-corridor-with-arched-ceiling-columns-doorway-end.jpeg 1440w, https:\/\/www.nafgroup.pt\/wp-content\/uploads\/2026\/04\/long-corridor-with-arched-ceiling-columns-doorway-end-169x300.jpeg 169w, https:\/\/www.nafgroup.pt\/wp-content\/uploads\/2026\/04\/long-corridor-with-arched-ceiling-columns-doorway-end-576x1024.jpeg 576w, https:\/\/www.nafgroup.pt\/wp-content\/uploads\/2026\/04\/long-corridor-with-arched-ceiling-columns-doorway-end-768x1365.jpeg 768w, https:\/\/www.nafgroup.pt\/wp-content\/uploads\/2026\/04\/long-corridor-with-arched-ceiling-columns-doorway-end-864x1536.jpeg 864w, https:\/\/www.nafgroup.pt\/wp-content\/uploads\/2026\/04\/long-corridor-with-arched-ceiling-columns-doorway-end-1152x2048.jpeg 1152w\" sizes=\"(max-width: 1440px) 100vw, 1440px\" data-entrance=\"slideUp\"><div class=\"bde-div-2490-292 bde-div\">\n  \n  \n\t\n\n\n\n\n<\/div>\n<\/div>\n<\/div><\/div><\/div>\n<\/section><section class=\"bde-section-2490-204 bde-section\">\n  \n  \n\t\n\n\n\n<div class=\"section-container\"><div class=\"bde-columns-2490-205 bde-columns\"><div class=\"bde-column-2490-206 bde-column\">\n  \n  \n\t\n\n\n\n<div class=\"bde-div-2490-207 bde-div\">\n  \n  \n\t\n\n\n\n\n<\/div><img decoding=\"async\" class=\"bde-image2-2490-208 bde-image2\" src=\"https:\/\/www.nafgroup.pt\/wp-content\/uploads\/2026\/03\/top-view-manager-talk-discussing-about-house-construction-alimentation-1.jpeg\" alt=\"Conversa entre o gestor e o supervisor sobre a constru\u00e7\u00e3o da casa e a alimenta\u00e7\u00e3o\" loading=\"lazy\" srcset=\"https:\/\/www.nafgroup.pt\/wp-content\/uploads\/2026\/03\/top-view-manager-talk-discussing-about-house-construction-alimentation-1.jpeg 2500w, https:\/\/www.nafgroup.pt\/wp-content\/uploads\/2026\/03\/top-view-manager-talk-discussing-about-house-construction-alimentation-1-300x169.jpeg 300w, https:\/\/www.nafgroup.pt\/wp-content\/uploads\/2026\/03\/top-view-manager-talk-discussing-about-house-construction-alimentation-1-1024x576.jpeg 1024w, https:\/\/www.nafgroup.pt\/wp-content\/uploads\/2026\/03\/top-view-manager-talk-discussing-about-house-construction-alimentation-1-768x432.jpeg 768w, https:\/\/www.nafgroup.pt\/wp-content\/uploads\/2026\/03\/top-view-manager-talk-discussing-about-house-construction-alimentation-1-1536x864.jpeg 1536w, https:\/\/www.nafgroup.pt\/wp-content\/uploads\/2026\/03\/top-view-manager-talk-discussing-about-house-construction-alimentation-1-2048x1152.jpeg 2048w\" sizes=\"(max-width: 2500px) 100vw, 2500px\" data-entrance=\"slideUp\"><div class=\"bde-div-2490-209 bde-div\">\n  \n  \n\t\n\n\n\n\n<\/div>\n<\/div><div class=\"bde-column-2490-210 bde-column\">\n  \n  \n\t\n\n\n\n<h2 class=\"bde-heading-2490-211 bde-heading\" data-entrance=\"slideLeft\">\nProperty \n<\/h2><div class=\"bde-div-2490-212 bde-div\" data-entrance=\"fade\">\n  \n  \n\t\n\n\n\n<div class=\"bde-div-2490-213 bde-div\">\n  \n  \n\t\n\n\n\n\n<\/div><div class=\"bde-text-2490-214 bde-text\">\n<h3>maintenance<\/h3>\n<\/div>\n<\/div><div class=\"bde-div-2490-215 bde-div\">\n  \n  \n\t\n\n\n\n<div class=\"bde-rich-text-2490-300 bde-rich-text breakdance-rich-text-styles\">\n<p>The condition of a property is a direct reflection of its value \u2014 and the rent it can command. In our property management, maintenance is not reactive: it is planned, supervised and documented.<\/p> \n<p>We coordinate all technical work, from routine minor repairs to major works, using a network of certified suppliers and pre-negotiated service contracts.<\/p> \n<p>We carry out regular inspections of each property, draw up annual capital expenditure plans and ensure that every asset is maintained in a condition that protects the investment \u2014 without the owner having to intervene or waste time on any operational details.<\/p>\n<\/div><div class=\"bde-button-2490-217 bde-button\">\n    \n                                    \n    \n    \n    \n    \n            \n                    \n            \n            \n\n    \n    \n    \n    \n    \n    <a class=\"breakdance-link button-atom button-atom--custom bde-button__button\" href=\"https:\/\/www.nafgroup.pt\/en\/contact\/\" target=\"_self\" data-type=\"url\"  >\n\n    \n        <span class=\"button-atom__text\">Request a callback<\/span>\n\n        \n        \n                <\/a>\n\n    \n\n\n<\/div>\n<\/div>\n<\/div><\/div><\/div>\n<\/section><section class=\"bde-section-2490-193 bde-section\">\n  \n  \n\t\n\n\n\n<div class=\"section-container\"><div class=\"bde-div-2490-194 bde-div\" data-entrance=\"fade\">\n  \n  \n\t\n\n\n\n<div class=\"bde-div-2490-195 bde-div\">\n  \n  \n\t\n\n\n\n<div class=\"bde-div-2490-196 bde-div\">\n  \n  \n\t\n\n\n\n\n<\/div><div class=\"bde-rich-text-2490-197 bde-rich-text breakdance-rich-text-styles\">\n<p>\u201cWe play a central role in asset management, ensuring the protection of assets and their sustained appreciation, in line with the client\u2019s objectives.\u201d<\/p>\n<p><strong>Nuno Ferreira, CEO<\/strong><\/p>\n<\/div><div class=\"bde-div-2490-198 bde-div\">\n  \n  \n\t\n\n\n\n\n<\/div>\n<\/div>\n<\/div><\/div>\n<\/section>","protected":false},"excerpt":{"rendered":"<p>AssetManagement We value heritage.We uphold trust. Asset management We are a boutique firm specialising in the strategic management of real estate assets for discerning investors.At NAF, we firmly believe that asset management should be synonymous with clarity, trust and sustained growth. We operate at the intersection of capital and real assets, ensuring that every property [&hellip;]<\/p>\n","protected":false},"author":1,"featured_media":0,"parent":0,"menu_order":3,"comment_status":"closed","ping_status":"closed","template":"","meta":{"_acf_changed":false,"_breakdance_hide_in_design_set":false,"_breakdance_tags":"","footnotes":""},"class_list":["post-2490","page","type-page","status-publish","hentry"],"acf":[],"_links":{"self":[{"href":"https:\/\/www.nafgroup.pt\/en\/wp-json\/wp\/v2\/pages\/2490","targetHints":{"allow":["GET"]}}],"collection":[{"href":"https:\/\/www.nafgroup.pt\/en\/wp-json\/wp\/v2\/pages"}],"about":[{"href":"https:\/\/www.nafgroup.pt\/en\/wp-json\/wp\/v2\/types\/page"}],"author":[{"embeddable":true,"href":"https:\/\/www.nafgroup.pt\/en\/wp-json\/wp\/v2\/users\/1"}],"replies":[{"embeddable":true,"href":"https:\/\/www.nafgroup.pt\/en\/wp-json\/wp\/v2\/comments?post=2490"}],"version-history":[{"count":3,"href":"https:\/\/www.nafgroup.pt\/en\/wp-json\/wp\/v2\/pages\/2490\/revisions"}],"predecessor-version":[{"id":2623,"href":"https:\/\/www.nafgroup.pt\/en\/wp-json\/wp\/v2\/pages\/2490\/revisions\/2623"}],"wp:attachment":[{"href":"https:\/\/www.nafgroup.pt\/en\/wp-json\/wp\/v2\/media?parent=2490"}],"curies":[{"name":"wp","href":"https:\/\/api.w.org\/{rel}","templated":true}]}}