{"id":2472,"date":"2025-10-23T14:56:03","date_gmt":"2025-10-23T14:56:03","guid":{"rendered":"https:\/\/www.nafgroup.pt\/imoveis\/"},"modified":"2026-04-10T15:54:45","modified_gmt":"2026-04-10T15:54:45","slug":"properties","status":"publish","type":"page","link":"https:\/\/www.nafgroup.pt\/en\/properties\/","title":{"rendered":"Bespoke\u00a0Investment Services"},"content":{"rendered":"<section class=\"bde-section-2472-522 bde-section\">\n              \n  \n  \n\t\n\n  <div class=\"section-background-overlay\"><\/div>\n\n\n<div class=\"section-container\"><div class=\"bde-div-2472-523 bde-div\">\n  \n  \n\t\n\n\n\n<h1 class=\"bde-heading-2472-524 bde-heading\">\nBespoke investment services\n<\/h1><div class=\"bde-text-2472-525 bde-text\">\n<p>Confidence in every decision.<br>Value in every investment.<\/p>\n<\/div>\n<\/div><\/div>\n<\/section><section class=\"bde-section-2472-437 bde-section\">\n  \n  \n\t\n\n\n\n<div class=\"section-container\"><div class=\"bde-columns-2472-438 bde-columns\"><div class=\"bde-column-2472-439 bde-column\" data-entrance=\"slideLeft\">\n  \n  \n\t\n\n\n\n<h2 class=\"bde-heading-2472-440 bde-heading\">\nBespoke investment \n<\/h2><div class=\"bde-div-2472-441 bde-div\">\n  \n  \n\t\n\n\n\n<div class=\"bde-div-2472-442 bde-div\">\n  \n  \n\t\n\n\n\n\n<\/div><div class=\"bde-text-2472-443 bde-text\">\n<h3>services<\/h3>\n<\/div>\n<\/div><div class=\"bde-div-2472-444 bde-div\">\n  \n  \n\t\n\n\n\n<div class=\"bde-rich-text-2472-445 bde-rich-text breakdance-rich-text-styles\">\n<p><strong>Trust and value in every property decision.<\/strong><\/p><p>We provide independent and strategic guidance to private clients and investors, ensuring decisions are sound, well-informed and aligned with their objectives. <\/p><p>We provide support ranging from the purchase and sale of properties for personal use to the structuring of property investments, with a personalised, rigorous approach focused on creating long-term value.<\/p>\n<\/div>\n<\/div>\n<\/div><div class=\"bde-column-2472-447 bde-column\">\n  \n  \n\t\n\n\n\n<div class=\"bde-div-2472-448 bde-div\">\n  \n  \n\t\n\n\n\n<div class=\"bde-div-2472-449 bde-div\">\n  \n  \n\t\n\n\n\n\n<\/div><img decoding=\"async\" id=\"image\" class=\"bde-image2-2472-450 bde-image2\" src=\"https:\/\/www.nafgroup.pt\/wp-content\/uploads\/2026\/03\/VISTA-AEREA-LISBOA.jpg\" alt=\"Vista a\u00e9rea da cidade de Lisboa\" loading=\"lazy\" srcset=\"https:\/\/www.nafgroup.pt\/wp-content\/uploads\/2026\/03\/VISTA-AEREA-LISBOA.jpg 2500w, https:\/\/www.nafgroup.pt\/wp-content\/uploads\/2026\/03\/VISTA-AEREA-LISBOA-300x225.jpg 300w, https:\/\/www.nafgroup.pt\/wp-content\/uploads\/2026\/03\/VISTA-AEREA-LISBOA-1024x768.jpg 1024w, https:\/\/www.nafgroup.pt\/wp-content\/uploads\/2026\/03\/VISTA-AEREA-LISBOA-768x576.jpg 768w, https:\/\/www.nafgroup.pt\/wp-content\/uploads\/2026\/03\/VISTA-AEREA-LISBOA-1536x1151.jpg 1536w, https:\/\/www.nafgroup.pt\/wp-content\/uploads\/2026\/03\/VISTA-AEREA-LISBOA-2048x1535.jpg 2048w\" sizes=\"(max-width: 2500px) 100vw, 2500px\" data-entrance=\"slideDown\">\n<\/div><div class=\"bde-div-2472-451 bde-div\">\n  \n  \n\t\n\n\n\n<img decoding=\"async\" class=\"bde-image2-2472-452 bde-image2\" src=\"https:\/\/www.nafgroup.pt\/wp-content\/uploads\/2026\/01\/26945-1.jpg\" alt=\"Imagem de uma escada com vista do c\u00e9u\" loading=\"lazy\" srcset=\"https:\/\/www.nafgroup.pt\/wp-content\/uploads\/2026\/01\/26945-1.jpg 1333w, https:\/\/www.nafgroup.pt\/wp-content\/uploads\/2026\/01\/26945-1-200x300.jpg 200w, https:\/\/www.nafgroup.pt\/wp-content\/uploads\/2026\/01\/26945-1-682x1024.jpg 682w, https:\/\/www.nafgroup.pt\/wp-content\/uploads\/2026\/01\/26945-1-768x1152.jpg 768w, https:\/\/www.nafgroup.pt\/wp-content\/uploads\/2026\/01\/26945-1-1024x1536.jpg 1024w\" sizes=\"(max-width: 1333px) 100vw, 1333px\" data-entrance=\"slideUp\"><div class=\"bde-div-2472-453 bde-div\">\n  \n  \n\t\n\n\n\n\n<\/div>\n<\/div>\n<\/div><\/div><\/div>\n<\/section><section class=\"bde-section-2472-356 bde-section\">\n  \n  \n\t\n\n\n\n<div class=\"section-container\"><div class=\"bde-columns-2472-357 bde-columns\"><div class=\"bde-column-2472-358 bde-column\">\n  \n  \n\t\n\n\n\n<div class=\"bde-div-2472-477 bde-div\">\n  \n  \n\t\n\n\n\n\n<\/div><img decoding=\"async\" class=\"bde-image2-2472-478 bde-image2\" src=\"https:\/\/www.nafgroup.pt\/wp-content\/uploads\/2026\/03\/young-female-manager-high-tech-corporation-making-report-ceo-1.jpeg\" alt=\"Jovem gestora numa empresa de alta tecnologia a elaborar um relat\u00f3rio para o diretor executivo\" loading=\"lazy\" srcset=\"https:\/\/www.nafgroup.pt\/wp-content\/uploads\/2026\/03\/young-female-manager-high-tech-corporation-making-report-ceo-1.jpeg 2500w, https:\/\/www.nafgroup.pt\/wp-content\/uploads\/2026\/03\/young-female-manager-high-tech-corporation-making-report-ceo-1-300x200.jpeg 300w, https:\/\/www.nafgroup.pt\/wp-content\/uploads\/2026\/03\/young-female-manager-high-tech-corporation-making-report-ceo-1-1024x683.jpeg 1024w, https:\/\/www.nafgroup.pt\/wp-content\/uploads\/2026\/03\/young-female-manager-high-tech-corporation-making-report-ceo-1-768x512.jpeg 768w, https:\/\/www.nafgroup.pt\/wp-content\/uploads\/2026\/03\/young-female-manager-high-tech-corporation-making-report-ceo-1-1536x1024.jpeg 1536w, https:\/\/www.nafgroup.pt\/wp-content\/uploads\/2026\/03\/young-female-manager-high-tech-corporation-making-report-ceo-1-2048x1366.jpeg 2048w\" sizes=\"(max-width: 2500px) 100vw, 2500px\" data-entrance=\"slideUp\"><div class=\"bde-div-2472-479 bde-div\">\n  \n  \n\t\n\n\n\n\n<\/div>\n<\/div><div class=\"bde-column-2472-360 bde-column\">\n  \n  \n\t\n\n\n\n<div class=\"bde-div-2472-361 bde-div\">\n  \n  \n\t\n\n\n\n<h2 class=\"bde-heading-2472-365 bde-heading\">\nIn-depth market\n<\/h2><div class=\"bde-div-2472-369 bde-div\">\n  \n  \n\t\n\n\n\n<div class=\"bde-div-2472-370 bde-div\">\n  \n  \n\t\n\n\n\n\n<\/div><div class=\"bde-text-2472-371 bde-text\">\n<h3>analysis<\/h3>\n<\/div>\n<\/div>\n<\/div><div class=\"bde-div-2472-366 bde-div\">\n  \n  \n\t\n\n\n\n<div class=\"bde-rich-text-2472-367 bde-rich-text breakdance-rich-text-styles\">\n<p>We are involved throughout the entire decision-making process, drawing on our in-depth market knowledge to define strategy, support negotiations and oversee the transaction, always with a focus on creating value and protecting our clients\u2019 interests.<\/p>\n\n<p>What truly sets us apart is our combination of privileged access to off-market transactions, the rigour and thoroughness with which we analyse each property through meticulous technical due diligence \u2013 underpinning secure and fully informed investment decisions \u2013 and a close, personalised relationship with our clients.<\/p>\n<\/div><div class=\"bde-button-2472-556 bde-button\">\n    \n                                    \n    \n    \n    \n    \n            \n                    \n            \n            \n\n    \n    \n    \n    \n    \n    <a class=\"breakdance-link button-atom button-atom--custom bde-button__button\" href=\"https:\/\/www.nafgroup.pt\/en\/contact\/\" target=\"_self\" data-type=\"url\"  >\n\n    \n        <span class=\"button-atom__text\">Request a contact<\/span>\n\n        \n        \n                <\/a>\n\n    \n\n\n<\/div>\n<\/div>\n<\/div><\/div><\/div>\n<\/section><section id=\"fiscalizacao-de-obra\" class=\"bde-section-2472-542 bde-section\">\n  \n  \n\t\n\n\n\n<div class=\"section-container\"><div class=\"bde-columns-2472-543 bde-columns\"><div class=\"bde-column-2472-544 bde-column\">\n  \n  \n\t\n\n\n\n<h2 class=\"bde-heading-2472-545 bde-heading\" data-entrance=\"slideLeft\">\nAreas of \n<\/h2><div class=\"bde-div-2472-546 bde-div\" data-entrance=\"fade\">\n  \n  \n\t\n\n\n\n<div class=\"bde-div-2472-547 bde-div\">\n  \n  \n\t\n\n\n\n\n<\/div><div class=\"bde-text-2472-548 bde-text\">\n<h3>expertise<\/h3>\n<\/div>\n<\/div><div class=\"bde-accordion-2472-566 bde-accordion bde-accordion--bordered-bottom\"><div class=\"bde-accordion__content-wrapper-2472-571 bde-accordion__content-wrapper\">\n<h3 class=\"bde-accordion__title-tag\">\n  <button type=\"button\" class=\"bde-accordion__button\" id=\"accordion-button-571\" aria-controls=\"accordion-panel-571\" aria-expanded=\"false\">\n     <span class=\"bde-accordion__title\" >Advisory Services and Transactions<\/span>\n     <span class=\"bde-accordion__icon bde-accordion__icon--default\"><\/span>\n     <span class=\"bde-accordion__icon bde-accordion__icon--active\"><\/span>\n  <\/button>\n<\/h3>\n\n<div role=\"region\" class=\"bde-accordion__panel\" id=\"accordion-panel-571\" aria-labelledby=\"accordion-button-571\">\n    <div class=\"bde-accordion__panel-content\">\n        <ul class=\"bde-basic-list-2472-400 bde-basic-list\">\n  <li  >    \n          Purchase, sale and structuring of high-value real estate assets\n      <\/li>\n  <li  >    \n          Exclusive representation of buyers or sellers (buy-side \/ sell-side)\n      <\/li>\n  <li  >    \n          Off-market transactions with access to opportunities not publicly disclosed\n      <\/li>\n  <li  >    \n          Negotiation and structuring with integrated tax and legal planning from the outset.\n      <\/li>\n<\/ul>\n    <\/div>\n<\/div>\n\n\n\n<\/div><div class=\"bde-accordion__content-wrapper-2472-578 bde-accordion__content-wrapper\">\n<h3 class=\"bde-accordion__title-tag\">\n  <button type=\"button\" class=\"bde-accordion__button\" id=\"accordion-button-578\" aria-controls=\"accordion-panel-578\" aria-expanded=\"false\">\n     <span class=\"bde-accordion__title\" >Technical and Legal Due Diligence<\/span>\n     <span class=\"bde-accordion__icon bde-accordion__icon--default\"><\/span>\n     <span class=\"bde-accordion__icon bde-accordion__icon--active\"><\/span>\n  <\/button>\n<\/h3>\n\n<div role=\"region\" class=\"bde-accordion__panel\" id=\"accordion-panel-578\" aria-labelledby=\"accordion-button-578\">\n    <div class=\"bde-accordion__panel-content\">\n        <ul class=\"bde-basic-list-2472-518 bde-basic-list\">\n  <li  >    \n          In-depth technical analysis of properties (structure, installations, compliance)\n      <\/li>\n  <li  >    \n          Legal and planning audit\n      <\/li>\n  <li  >    \n          Identification of hidden risks and liabilities\n      <\/li>\n<\/ul>\n    <\/div>\n<\/div>\n\n\n\n<\/div><div class=\"bde-accordion__content-wrapper-2472-580 bde-accordion__content-wrapper\">\n<h3 class=\"bde-accordion__title-tag\">\n  <button type=\"button\" class=\"bde-accordion__button\" id=\"accordion-button-580\" aria-controls=\"accordion-panel-580\" aria-expanded=\"false\">\n     <span class=\"bde-accordion__title\" >Investment Assessment and Analysis<\/span>\n     <span class=\"bde-accordion__icon bde-accordion__icon--default\"><\/span>\n     <span class=\"bde-accordion__icon bde-accordion__icon--active\"><\/span>\n  <\/button>\n<\/h3>\n\n<div role=\"region\" class=\"bde-accordion__panel\" id=\"accordion-panel-580\" aria-labelledby=\"accordion-button-580\">\n    <div class=\"bde-accordion__panel-content\">\n        <ul class=\"bde-basic-list-2472-559 bde-basic-list\">\n  <li  >    \n          Independent valuation of assets\n      <\/li>\n  <li  >    \n          Financial modelling and return analysis (ROI, IRR, yield)\n      <\/li>\n  <li  >    \n          Market research and benchmarking\n      <\/li>\n<\/ul>\n    <\/div>\n<\/div>\n\n\n\n<\/div><div class=\"bde-accordion__content-wrapper-2472-582 bde-accordion__content-wrapper\">\n<h3 class=\"bde-accordion__title-tag\">\n  <button type=\"button\" class=\"bde-accordion__button\" id=\"accordion-button-582\" aria-controls=\"accordion-panel-582\" aria-expanded=\"false\">\n     <span class=\"bde-accordion__title\" >Asset Management<\/span>\n     <span class=\"bde-accordion__icon bde-accordion__icon--default\"><\/span>\n     <span class=\"bde-accordion__icon bde-accordion__icon--active\"><\/span>\n  <\/button>\n<\/h3>\n\n<div role=\"region\" class=\"bde-accordion__panel\" id=\"accordion-panel-582\" aria-labelledby=\"accordion-button-582\">\n    <div class=\"bde-accordion__panel-content\">\n        <ul class=\"bde-basic-list-2472-562 bde-basic-list\">\n  <li  >    \n          Optimising the performance of property portfolios\n      <\/li>\n  <li  >    \n          Asset enhancement strategies\n      <\/li>\n  <li  >    \n          Lease and occupancy management\n      <\/li>\n<\/ul>\n    <\/div>\n<\/div>\n\n\n\n<\/div><div class=\"bde-accordion__content-wrapper-2472-585 bde-accordion__content-wrapper\">\n<h3 class=\"bde-accordion__title-tag\">\n  <button type=\"button\" class=\"bde-accordion__button\" id=\"accordion-button-585\" aria-controls=\"accordion-panel-585\" aria-expanded=\"false\">\n     <span class=\"bde-accordion__title\" >Rehabilitation and Repositioning<\/span>\n     <span class=\"bde-accordion__icon bde-accordion__icon--default\"><\/span>\n     <span class=\"bde-accordion__icon bde-accordion__icon--active\"><\/span>\n  <\/button>\n<\/h3>\n\n<div role=\"region\" class=\"bde-accordion__panel\" id=\"accordion-panel-585\" aria-labelledby=\"accordion-button-585\">\n    <div class=\"bde-accordion__panel-content\">\n        <ul class=\"bde-basic-list-2472-565 bde-basic-list\">\n  <li  >    \n          Identification of assets with potential for appreciation\n      <\/li>\n  <li  >    \n          Monitoring of urban regeneration projects\n      <\/li>\n  <li  >    \n          Repositioning properties on the market\n      <\/li>\n<\/ul>\n    <\/div>\n<\/div>\n\n\n\n<\/div>\r\n\r\n<\/div>\n<\/div><div class=\"bde-column-2472-551 bde-column\">\n  \n  \n\t\n\n\n\n<div class=\"bde-div-2472-552 bde-div\">\n  \n  \n\t\n\n\n\n<div class=\"bde-div-2472-553 bde-div\">\n  \n  \n\t\n\n\n\n\n<\/div><img decoding=\"async\" class=\"bde-image2-2472-554 bde-image2\" src=\"https:\/\/www.nafgroup.pt\/wp-content\/uploads\/2026\/03\/living-room-with-painting-whale-wall-1.jpeg\" alt=\"Sala de estar com quadro de baleia na parede\" loading=\"lazy\" srcset=\"https:\/\/www.nafgroup.pt\/wp-content\/uploads\/2026\/03\/living-room-with-painting-whale-wall-1.jpeg 2246w, https:\/\/www.nafgroup.pt\/wp-content\/uploads\/2026\/03\/living-room-with-painting-whale-wall-1-263x300.jpeg 263w, https:\/\/www.nafgroup.pt\/wp-content\/uploads\/2026\/03\/living-room-with-painting-whale-wall-1-898x1024.jpeg 898w, https:\/\/www.nafgroup.pt\/wp-content\/uploads\/2026\/03\/living-room-with-painting-whale-wall-1-768x875.jpeg 768w, https:\/\/www.nafgroup.pt\/wp-content\/uploads\/2026\/03\/living-room-with-painting-whale-wall-1-1348x1536.jpeg 1348w, https:\/\/www.nafgroup.pt\/wp-content\/uploads\/2026\/03\/living-room-with-painting-whale-wall-1-1797x2048.jpeg 1797w\" sizes=\"(max-width: 2246px) 100vw, 2246px\" data-entrance=\"slideUp\"><div class=\"bde-div-2472-555 bde-div\">\n  \n  \n\t\n\n\n\n\n<\/div>\n<\/div>\n<\/div><\/div><\/div>\n<\/section><section class=\"bde-section-2472-118 bde-section\">\n  \n  \n\t\n\n\n\n<div class=\"section-container\"><div class=\"bde-columns-2472-315 bde-columns\"><div class=\"bde-column-2472-319 bde-column\">\n  \n  \n\t\n\n\n\n<div class=\"bde-columns-2472-431 bde-columns\"><div class=\"bde-column-2472-432 bde-column\">\n  \n  \n\t\n\n\n\n<h1 class=\"bde-heading-2472-436 bde-heading\">\nProperty Portfolio \n<\/h1><div class=\"bde-text-2472-120 bde-text\">\nWith extensive experience in managing property transactions, we operate across the entire spectrum of assets.\n<\/div>\n<\/div><\/div><div class=\"bde-columns-2472-320 bde-columns\"><div class=\"bde-column-2472-321 bde-column\" data-entrance=\"fade\">\n  \n  \n\t\n\n\n\n<img decoding=\"async\" class=\"bde-image2-2472-322 bde-image2\" src=\"https:\/\/www.nafgroup.pt\/wp-content\/uploads\/2025\/10\/2204.jpg\" alt=\"Casa com jardim\" loading=\"lazy\" srcset=\"https:\/\/www.nafgroup.pt\/wp-content\/uploads\/2025\/10\/2204.jpg 1500w, https:\/\/www.nafgroup.pt\/wp-content\/uploads\/2025\/10\/2204-300x200.jpg 300w, https:\/\/www.nafgroup.pt\/wp-content\/uploads\/2025\/10\/2204-1024x683.jpg 1024w, https:\/\/www.nafgroup.pt\/wp-content\/uploads\/2025\/10\/2204-768x512.jpg 768w\" sizes=\"(max-width: 1500px) 100vw, 1500px\"><h3 class=\"bde-heading-2472-323 bde-heading\">\nInvestment Properties\n<\/h3>\n<\/div><div class=\"bde-column-2472-324 bde-column\" data-entrance=\"fade\">\n  \n  \n\t\n\n\n\n<img decoding=\"async\" class=\"bde-image2-2472-325 bde-image2\" src=\"https:\/\/www.nafgroup.pt\/wp-content\/uploads\/2026\/01\/24881.jpg\" alt=\"Sala com sof\u00e1 branco e um quadro moderno\" loading=\"lazy\" srcset=\"https:\/\/www.nafgroup.pt\/wp-content\/uploads\/2026\/01\/24881.jpg 2000w, https:\/\/www.nafgroup.pt\/wp-content\/uploads\/2026\/01\/24881-300x169.jpg 300w, https:\/\/www.nafgroup.pt\/wp-content\/uploads\/2026\/01\/24881-1024x576.jpg 1024w, https:\/\/www.nafgroup.pt\/wp-content\/uploads\/2026\/01\/24881-768x432.jpg 768w, https:\/\/www.nafgroup.pt\/wp-content\/uploads\/2026\/01\/24881-1536x864.jpg 1536w\" sizes=\"(max-width: 2000px) 100vw, 2000px\"><h3 class=\"bde-heading-2472-326 bde-heading\">\nResidential Properties\n<\/h3>\n<\/div><div class=\"bde-column-2472-328 bde-column\" data-entrance=\"fade\">\n  \n  \n\t\n\n\n\n<img decoding=\"async\" class=\"bde-image2-2472-329 bde-image2\" src=\"https:\/\/www.nafgroup.pt\/wp-content\/uploads\/2026\/03\/lotes.jpg\" alt=\"Vista a\u00e9rea de terrenos\" loading=\"lazy\" srcset=\"https:\/\/www.nafgroup.pt\/wp-content\/uploads\/2026\/03\/lotes.jpg 1500w, https:\/\/www.nafgroup.pt\/wp-content\/uploads\/2026\/03\/lotes-300x168.jpg 300w, https:\/\/www.nafgroup.pt\/wp-content\/uploads\/2026\/03\/lotes-1024x574.jpg 1024w, https:\/\/www.nafgroup.pt\/wp-content\/uploads\/2026\/03\/lotes-768x431.jpg 768w\" sizes=\"(max-width: 1500px) 100vw, 1500px\"><h3 class=\"bde-heading-2472-330 bde-heading\">\nPlots of land\n<\/h3>\n<\/div><\/div><div class=\"bde-columns-2472-327 bde-columns\"><div class=\"bde-column-2472-331 bde-column\" data-entrance=\"fade\">\n  \n  \n\t\n\n\n\n<img decoding=\"async\" class=\"bde-image2-2472-332 bde-image2\" src=\"https:\/\/www.nafgroup.pt\/wp-content\/uploads\/2026\/03\/business-people-walking-outside-office-building.jpeg\" alt=\"Empres\u00e1rios a caminhar \u00e0 sa\u00edda de um edif\u00edcio de escrit\u00f3rios\" loading=\"lazy\" srcset=\"https:\/\/www.nafgroup.pt\/wp-content\/uploads\/2026\/03\/business-people-walking-outside-office-building.jpeg 1500w, https:\/\/www.nafgroup.pt\/wp-content\/uploads\/2026\/03\/business-people-walking-outside-office-building-300x200.jpeg 300w, https:\/\/www.nafgroup.pt\/wp-content\/uploads\/2026\/03\/business-people-walking-outside-office-building-1024x683.jpeg 1024w, https:\/\/www.nafgroup.pt\/wp-content\/uploads\/2026\/03\/business-people-walking-outside-office-building-768x512.jpeg 768w\" sizes=\"(max-width: 1500px) 100vw, 1500px\"><h3 class=\"bde-heading-2472-333 bde-heading\">\nCommercial Property\n<\/h3>\n<\/div><div class=\"bde-column-2472-335 bde-column\" data-entrance=\"fade\">\n  \n  \n\t\n\n\n\n<img decoding=\"async\" class=\"bde-image2-2472-336 bde-image2\" src=\"https:\/\/www.nafgroup.pt\/wp-content\/uploads\/2025\/10\/7597-1.jpg\" alt=\"Pr\u00e9dio comercial\" loading=\"lazy\" srcset=\"https:\/\/www.nafgroup.pt\/wp-content\/uploads\/2025\/10\/7597-1.jpg 2000w, https:\/\/www.nafgroup.pt\/wp-content\/uploads\/2025\/10\/7597-1-300x200.jpg 300w, https:\/\/www.nafgroup.pt\/wp-content\/uploads\/2025\/10\/7597-1-1024x682.jpg 1024w, https:\/\/www.nafgroup.pt\/wp-content\/uploads\/2025\/10\/7597-1-768x512.jpg 768w, https:\/\/www.nafgroup.pt\/wp-content\/uploads\/2025\/10\/7597-1-1536x1024.jpg 1536w\" sizes=\"(max-width: 2000px) 100vw, 2000px\"><h3 class=\"bde-heading-2472-337 bde-heading\">\nNew Developments\n<\/h3>\n<\/div><\/div>\n<\/div><\/div><\/div>\n<\/section><section id=\"fiscalizacao-de-obra\" class=\"bde-section-2472-592 bde-section\">\n  \n  \n\t\n\n\n\n<div class=\"section-container\"><div class=\"bde-columns-2472-593 bde-columns\"><div class=\"bde-column-2472-594 bde-column\">\n  \n  \n\t\n\n\n\n<h2 class=\"bde-heading-2472-595 bde-heading\" data-entrance=\"slideLeft\">\nSpeak to an\n<\/h2><div class=\"bde-div-2472-596 bde-div\" data-entrance=\"fade\">\n  \n  \n\t\n\n\n\n<div class=\"bde-div-2472-597 bde-div\">\n  \n  \n\t\n\n\n\n\n<\/div><div class=\"bde-text-2472-598 bde-text\">\n<h3> expert<\/h3>\n<\/div>\n<\/div><div class=\"bde-div-2472-599 bde-div\">\n  \n  \n\t\n\n\n\n<div class=\"bde-rich-text-2472-600 bde-rich-text breakdance-rich-text-styles\">\n<p>Whether you\u2019re looking to buy, sell or invest, we\u2019ll guide you through the right opportunities \u2014 both off-market and on-market \u2014 with discretion and a single focus: finding the perfect property for you.\n<\/p>\n<\/div><div class=\"bde-button-2472-601 bde-button\">\n    \n                                    \n    \n    \n    \n    \n            \n                    \n            \n            \n\n    \n    \n    \n    \n    \n    <a class=\"breakdance-link button-atom button-atom--custom bde-button__button\" href=\"https:\/\/www.nafgroup.pt\/en\/contact\/\" target=\"_self\" data-type=\"url\"  >\n\n    \n        <span class=\"button-atom__text\">Contact Us<\/span>\n\n        \n        \n                <\/a>\n\n    \n\n\n<\/div>\n<\/div>\n<\/div><div class=\"bde-column-2472-602 bde-column\">\n  \n  \n\t\n\n\n\n<div class=\"bde-div-2472-603 bde-div\">\n  \n  \n\t\n\n\n\n<div class=\"bde-div-2472-604 bde-div\">\n  \n  \n\t\n\n\n\n\n<\/div><img decoding=\"async\" class=\"bde-image2-2472-605 bde-image2\" src=\"https:\/\/www.nafgroup.pt\/wp-content\/uploads\/2026\/04\/3d-rendering-3d-illustration-interior-scene-mockup-modern-style-spiral-staircase-living-area-with-two-black-acrylic-legs-armchair.jpg.jpeg\" alt=\"Ilustra\u00e7\u00e3o de maquete de interior: escada em espiral de estilo moderno - sala de estar com poltrona de duas pernas em acr\u00edlico preto\" loading=\"lazy\" srcset=\"https:\/\/www.nafgroup.pt\/wp-content\/uploads\/2026\/04\/3d-rendering-3d-illustration-interior-scene-mockup-modern-style-spiral-staircase-living-area-with-two-black-acrylic-legs-armchair.jpg.jpeg 2000w, https:\/\/www.nafgroup.pt\/wp-content\/uploads\/2026\/04\/3d-rendering-3d-illustration-interior-scene-mockup-modern-style-spiral-staircase-living-area-with-two-black-acrylic-legs-armchair.jpg-300x246.jpeg 300w, https:\/\/www.nafgroup.pt\/wp-content\/uploads\/2026\/04\/3d-rendering-3d-illustration-interior-scene-mockup-modern-style-spiral-staircase-living-area-with-two-black-acrylic-legs-armchair.jpg-1024x839.jpeg 1024w, https:\/\/www.nafgroup.pt\/wp-content\/uploads\/2026\/04\/3d-rendering-3d-illustration-interior-scene-mockup-modern-style-spiral-staircase-living-area-with-two-black-acrylic-legs-armchair.jpg-768x629.jpeg 768w, https:\/\/www.nafgroup.pt\/wp-content\/uploads\/2026\/04\/3d-rendering-3d-illustration-interior-scene-mockup-modern-style-spiral-staircase-living-area-with-two-black-acrylic-legs-armchair.jpg-1536x1259.jpeg 1536w\" sizes=\"(max-width: 2000px) 100vw, 2000px\" data-entrance=\"slideUp\"><div class=\"bde-div-2472-606 bde-div\">\n  \n  \n\t\n\n\n\n\n<\/div>\n<\/div>\n<\/div><\/div><\/div>\n<\/section>","protected":false},"excerpt":{"rendered":"<p>Bespoke investment services Confidence in every decision.Value in every investment. Bespoke investment services Trust and value in every property decision.We provide independent and strategic guidance to private clients and investors, ensuring decisions are sound, well-informed and aligned with their objectives. We provide support ranging from the purchase and sale of properties for personal use to [&hellip;]<\/p>\n","protected":false},"author":1,"featured_media":0,"parent":0,"menu_order":2,"comment_status":"closed","ping_status":"closed","template":"","meta":{"_acf_changed":false,"_breakdance_hide_in_design_set":false,"_breakdance_tags":"","footnotes":""},"class_list":["post-2472","page","type-page","status-publish","hentry"],"acf":[],"_links":{"self":[{"href":"https:\/\/www.nafgroup.pt\/en\/wp-json\/wp\/v2\/pages\/2472","targetHints":{"allow":["GET"]}}],"collection":[{"href":"https:\/\/www.nafgroup.pt\/en\/wp-json\/wp\/v2\/pages"}],"about":[{"href":"https:\/\/www.nafgroup.pt\/en\/wp-json\/wp\/v2\/types\/page"}],"author":[{"embeddable":true,"href":"https:\/\/www.nafgroup.pt\/en\/wp-json\/wp\/v2\/users\/1"}],"replies":[{"embeddable":true,"href":"https:\/\/www.nafgroup.pt\/en\/wp-json\/wp\/v2\/comments?post=2472"}],"version-history":[{"count":9,"href":"https:\/\/www.nafgroup.pt\/en\/wp-json\/wp\/v2\/pages\/2472\/revisions"}],"predecessor-version":[{"id":2698,"href":"https:\/\/www.nafgroup.pt\/en\/wp-json\/wp\/v2\/pages\/2472\/revisions\/2698"}],"wp:attachment":[{"href":"https:\/\/www.nafgroup.pt\/en\/wp-json\/wp\/v2\/media?parent=2472"}],"curies":[{"name":"wp","href":"https:\/\/api.w.org\/{rel}","templated":true}]}}