{"id":2418,"date":"2025-09-26T16:18:06","date_gmt":"2025-09-26T16:18:06","guid":{"rendered":"https:\/\/www.nafgroup.pt\/contacto\/"},"modified":"2026-04-09T11:23:40","modified_gmt":"2026-04-09T11:23:40","slug":"contact","status":"publish","type":"page","link":"https:\/\/www.nafgroup.pt\/en\/contact\/","title":{"rendered":"Contacts"},"content":{"rendered":"<section class=\"bde-section-2418-227 bde-section\">\n              \n  \n  \n\t\n\n  <div class=\"section-background-overlay\"><\/div>\n\n\n<div class=\"section-container\"><div class=\"bde-div-2418-228 bde-div\">\n  \n  \n\t\n\n\n\n<h1 class=\"bde-heading-2418-229 bde-heading\">\nContacts\n<\/h1><div class=\"bde-text-2418-230 bde-text\">\n<p>Make your decision with complete confidence.<br>Please contact us.<\/p>\n<\/div>\n<\/div><\/div>\n<\/section><section class=\"bde-section-2418-156 bde-section\">\n  \n  \n\t\n\n\n\n<div class=\"section-container\"><div class=\"bde-columns-2418-196 bde-columns\"><div class=\"bde-column-2418-204 bde-column\">\n  \n  \n\t\n\n\n\n<div class=\"bde-div-2418-205 bde-div\">\n  \n  \n\t\n\n\n\n<div id=\"icon-box__contacts\" class=\"bde-div-2418-207 bde-div\">\n  \n  \n\t\n\n\n\n<div class=\"bde-div-2418-211 bde-div\">\n  \n  \n\t\n\n\n\n<div class=\"bde-text-2418-234 bde-text\">\n\n<\/div><div class=\"bde-text-2418-237 bde-text\">\n<p><strong>Offices:<\/strong><br>Rua Soeiro Pereira Gomes<br>Condom\u00ednio Jardins de S\u00e3o Louren\u00e7o<br>n.\u00ba 10, Loja 8<br>1600-198 Lisboa<\/p>\n<\/div><div class=\"bde-text-2418-235 bde-text\">\n<p><a href=\"tel:+351911166425\">(+351) 911 166 425<\/a><br><span style=\"font-size:14px\">(Call to a national mobile network)<\/span><\/p>\n<\/div><div class=\"bde-text-2418-236 bde-text\">\n<p><a href=\"mailto:info@nafgroup.pt\">info@nafgroup.pt<\/a><\/p>\n<\/div>\n<\/div><div class=\"bde-social-icons-2418-231 bde-social-icons\">\n                  \n            \n            \n\n    \n    \n    \n    \n    \n    <a class=\"breakdance-link bde-social-icons__icon-wrapper bde-social-icons__icon-facebook\" href=\"https:\/\/www.facebook.com\/nafgroup\" target=\"_blank\" data-type=\"url\" aria-label=\"facebook\" >\n\n             <svg xmlns=\"http:\/\/www.w3.org\/2000\/svg\" width=\"100%\" viewBox=\"0 0 24 24\">\n            <path d=\"M9 8h-3v4h3v12h5v-12h3.642l.358-4h-4v-1.667c0-.955.192-1.333 1.115-1.333h2.885v-5h-3.808c-3.596 0-5.192 1.583-5.192 4.615v3.385z\"\/>\n       <\/svg>\n              <\/a>\n\n                    \n            \n            \n\n    \n    \n    \n    \n    \n    <a class=\"breakdance-link bde-social-icons__icon-wrapper bde-social-icons__icon-linkedin\" href=\"https:\/\/www.linkedin.com\/company\/naf\/\" target=\"_blank\" data-type=\"url\" aria-label=\"linkedin\" >\n\n             <svg xmlns=\"http:\/\/www.w3.org\/2000\/svg\" width=\"100%\" viewBox=\"-4 -2 32 32\">\n            <path d=\"M4.98 3.5c0 1.381-1.11 2.5-2.48 2.5s-2.48-1.119-2.48-2.5c0-1.38 1.11-2.5 2.48-2.5s2.48 1.12 2.48 2.5zm.02 4.5h-5v16h5v-16zm7.982 0h-4.968v16h4.969v-8.399c0-4.67 6.029-5.052 6.029 0v8.399h4.988v-10.131c0-7.88-8.922-7.593-11.018-3.714v-2.155z\"\/>\n       <\/svg>\n              <\/a>\n\n                    \n            \n            \n\n    \n    \n    \n    \n    \n    <a class=\"breakdance-link bde-social-icons__icon-wrapper bde-social-icons__icon-instagram\" href=\"https:\/\/www.instagram.com\/naf_group_advisors\/\" target=\"_blank\" data-type=\"url\" aria-label=\"instagram\" >\n\n             <svg xmlns=\"http:\/\/www.w3.org\/2000\/svg\" width=\"100%\" viewBox=\"0 0 24 24\">\n            <path d=\"M12 2.163c3.204 0 3.584.012 4.85.07 3.252.148 4.771 1.691 4.919 4.919.058 1.265.069 1.645.069 4.849 0 3.205-.012 3.584-.069 4.849-.149 3.225-1.664 4.771-4.919 4.919-1.266.058-1.644.07-4.85.07-3.204 0-3.584-.012-4.849-.07-3.26-.149-4.771-1.699-4.919-4.92-.058-1.265-.07-1.644-.07-4.849 0-3.204.013-3.583.07-4.849.149-3.227 1.664-4.771 4.919-4.919 1.266-.057 1.645-.069 4.849-.069zm0-2.163c-3.259 0-3.667.014-4.947.072-4.358.2-6.78 2.618-6.98 6.98-.059 1.281-.073 1.689-.073 4.948 0 3.259.014 3.668.072 4.948.2 4.358 2.618 6.78 6.98 6.98 1.281.058 1.689.072 4.948.072 3.259 0 3.668-.014 4.948-.072 4.354-.2 6.782-2.618 6.979-6.98.059-1.28.073-1.689.073-4.948 0-3.259-.014-3.667-.072-4.947-.196-4.354-2.617-6.78-6.979-6.98-1.281-.059-1.69-.073-4.949-.073zm0 5.838c-3.403 0-6.162 2.759-6.162 6.162s2.759 6.163 6.162 6.163 6.162-2.759 6.162-6.163c0-3.403-2.759-6.162-6.162-6.162zm0 10.162c-2.209 0-4-1.79-4-4 0-2.209 1.791-4 4-4s4 1.791 4 4c0 2.21-1.791 4-4 4zm6.406-11.845c-.796 0-1.441.645-1.441 1.44s.645 1.44 1.441 1.44c.795 0 1.439-.645 1.439-1.44s-.644-1.44-1.439-1.44z\"\/>\n       <\/svg>\n              <\/a>\n\n    \n<\/div>\n<\/div>\n<\/div><div class=\"bde-div-2418-217 bde-div\">\n  \n  \n\t\n\n\n\n<div class=\"bde-shortcode-2418-218 bde-shortcode\">\n\n    <style>\n        @import url(\"https:\/\/fonts.googleapis.com\/css2?family=Cormorant+Garamond:wght@300;400;500&family=Montserrat:wght@300;400&display=swap\");\n\n        \/* \u2500\u2500 Container \u2500\u2500 *\/\n        .openstreetmap-container {\n            position: relative;\n            overflow: hidden;\n            box-shadow:\n                0 2px 4px rgba(42, 80, 99, 0.08),\n                0 8px 32px rgba(42, 80, 99, 0.14),\n                0 0 0 1px rgba(167, 150, 81, 0.30);\n        }\n\n        .leaflet-popup-content-wrapper, .leaflet-popup-tip{\n        background: transparent;\n        box-shadow: none !important;\n        }\n\n        #osm-map-69e76fad0bef9 .leaflet-tile-pane {\n            filter:\n                grayscale(18%)\n                sepia(22%)\n                hue-rotate(175deg)\n                saturate(55%)\n                brightness(0.94)\n                contrast(1.04);\n        }\n\n        \/* \u2500\u2500 Popup wrapper \u2500\u2500 *\/\n        #osm-map-69e76fad0bef9 .leaflet-popup-content-wrapper {\n            border-radius: 0 !important;\n            border: none !important;\n            \/*border-left: 2px solid #A79651 !important;\n            box-shadow:\n                0 4px 24px rgba(42, 80, 99, 0.28),\n                0 1px 0 rgba(167, 150, 81, 0.4) inset !important;\n            padding: 0 !important;*\/\n        }\n\n        #osm-map-69e76fad0bef9 .leaflet-popup-content {\n            margin: 0 !important;\n            padding: 0 !important;\n            font-family: \"Cormorant Garamond\", Georgia, serif !important;\n            color: #ffffff !important;\n        }\n\n        .naf-popup {\n            \/*padding: 18px 22px 16px 20px;*\/\n            min-width: 180px;\n        }\n\n        .naf-popup-label {\n            font-size: 10px;\n            font-weight: 400;\n            letter-spacing: 0.22em;\n            text-transform: uppercase;\n            color: #A79651;\n            margin-bottom: 6px;\n            display: block;\n        }\n\n        .naf-popup-name {\n            font-size: 15px;\n            font-weight: 300;\n            color: #2A5063;\n            line-height: 1.2;\n            letter-spacing: 0.04em;\n            display: none;\n        }\n\n        .naf-popup-divider {\n            width: 28px;\n            height: 1px;\n            background: rgba(167, 150, 81, 0.55);\n            margin: 10px 0 0 0;\n            display: block;\n        }\n\n        #osm-map-69e76fad0bef9 .leaflet-popup-tip-container {\n            width: 20px !important;\n            height: 10px !important;\n        }\n\n        #osm-map-69e76fad0bef9 .leaflet-popup-tip {\n            background: #2A5063 !important;\n            box-shadow: none !important;\n            width: 12px !important;\n            height: 12px !important;\n        }\n\n        #osm-map-69e76fad0bef9 .leaflet-popup-close-button {\n            color: rgba(167, 150, 81, 0.7) !important;\n            font-size: 16px !important;\n            font-weight: 300 !important;\n            top: 8px !important;\n            right: 10px !important;\n            padding: 0 !important;\n            line-height: 1 !important;\n            transition: color 0.2s !important;\n        }\n\n        #osm-map-69e76fad0bef9 .leaflet-popup-close-button:hover {\n            color: #A79651 !important;\n        }\n\n        #osm-map-69e76fad0bef9 .leaflet-control-zoom {\n            border: none !important;\n            box-shadow: 0 2px 12px rgba(42,80,99,0.18) !important;\n        }\n\n        #osm-map-69e76fad0bef9 .leaflet-control-zoom a {\n            background: #2A5063 !important;\n            color: #A79651 !important;\n            border: none !important;\n            border-bottom: 1px solid rgba(167,150,81,0.2) !important;\n            font-family: \"Montserrat\", sans-serif !important;\n            font-weight: 300 !important;\n            font-size: 16px !important;\n            line-height: 26px !important;\n            width: 28px !important;\n            height: 28px !important;\n            transition: background 0.2s, color 0.2s !important;\n            border-radius: 0 !important;\n        }\n\n        #osm-map-69e76fad0bef9 .leaflet-control-zoom a:hover {\n            background: #A79651 !important;\n            color: #ffffff !important;\n        }\n\n        #osm-map-69e76fad0bef9 .leaflet-control-zoom-in {\n            border-radius: 0 !important;\n        }\n\n        #osm-map-69e76fad0bef9 .leaflet-control-zoom-out {\n            border-radius: 0 !important;\n            border-bottom: none !important;\n        }\n\n        #osm-map-69e76fad0bef9 .leaflet-control-attribution {\n            background: rgba(42, 80, 99, 0.80) !important;\n            color: rgba(255,255,255,0.55) !important;\n            font-family: \"Montserrat\", sans-serif !important;\n            font-size: 9px !important;\n            letter-spacing: 0.05em !important;\n            border-radius: 0 !important;\n            padding: 3px 8px !important;\n            backdrop-filter: blur(4px) !important;\n        }\n\n        #osm-map-69e76fad0bef9 .leaflet-control-attribution a {\n            color: rgba(167, 150, 81, 0.8) !important;\n        }\n\n        .naf-marker-icon {\n            background: transparent !important;\n            border: none !important;\n        }\n\n        @keyframes nafPinDrop {\n            0%   { transform: translateY(-18px); opacity: 0; }\n            70%  { transform: translateY(3px);   opacity: 1; }\n            100% { transform: translateY(0);      opacity: 1; }\n        }\n\n        .naf-marker-icon svg {\n            animation: nafPinDrop 0.55s cubic-bezier(0.34, 1.2, 0.64, 1) both;\n        }\n        .leaflet-popup-tip-container {\n        display: none !important;\n        }\n    <\/style><div class=\"openstreetmap-container\"><div id=\"osm-map-69e76fad0bef9\" class=\"osm-map\" style=\"width:100%; height:330px;\"><\/div><\/div>\n    <script>\n    document.addEventListener(\"DOMContentLoaded\", function () {\n        var mapId       = \"osm-map-69e76fad0bef9\";\n        var lat         = 38.744462;\n        var lng         = -9.159894;\n        var zoom        = 16;\n        var markerText  = \"Escrit\u00f3rios\";\n        var scrollwheel = true;\n\n        var map = L.map(mapId, {\n            scrollWheelZoom: scrollwheel,\n            zoomControl: false\n        }).setView([lat, lng], zoom);\n\n        L.tileLayer(\"https:\/\/{s}.tile.openstreetmap.org\/{z}\/{x}\/{y}.png\", {\n            attribution: \"&copy; <a href='https:\/\/www.openstreetmap.org\/copyright'>OpenStreetMap<\/a>\",\n            maxZoom: 19\n        }).addTo(map);\n\n        \/* Zoom \u2014 posi\u00e7\u00e3o inferior direita para n\u00e3o conflituar com o popup *\/\n        L.control.zoom({ position: \"bottomright\" }).addTo(map);\n\n        if (\"true\" === \"true\") {\n\n            var nafIcon = L.divIcon({\n                html: `<svg width=\"32\" height=\"48\" viewBox=\"0 0 32 48\" fill=\"none\" xmlns=\"http:\/\/www.w3.org\/2000\/svg\">\n                    <!-- Sombra projetada -->\n                    <ellipse cx=\"16\" cy=\"46.5\" rx=\"7\" ry=\"2\" fill=\"rgba(42,80,99,0.22)\"\/>\n\n                    <!-- Corpo do pin cl\u00e1ssico -->\n                    <path d=\"M16 0C7.163 0 0 7.163 0 16C0 24.5 16 44 16 44C16 44 32 24.5 32 16C32 7.163 24.837 0 16 0Z\" fill=\"#2A5063\"\/>\n\n                    <!-- Contorno dourado exterior fino -->\n                    <path d=\"M16 0C7.163 0 0 7.163 0 16C0 24.5 16 44 16 44C16 44 32 24.5 32 16C32 7.163 24.837 0 16 0Z\"\n                          fill=\"none\" stroke=\"#FFF\" stroke-width=\"1.2\" opacity=\"0.75\"\/>\n\n                    <!-- C\u00edrculo interior branco -->\n                    <circle cx=\"16\" cy=\"16\" r=\"8.5\" fill=\"#ffffff\"\/>\n\n                    <!-- Anel dourado interior -->\n                    <circle cx=\"16\" cy=\"16\" r=\"8.5\" fill=\"none\" stroke=\"#FFF\" stroke-width=\"1\" opacity=\"0.6\"\/>\n\n                    <!-- Ponto central petr\u00f3leo -->\n                    <circle cx=\"16\" cy=\"16\" r=\"3.5\" fill=\"#2A5063\"\/>\n                <\/svg>`,\n                className: \"naf-marker-icon\",\n                iconSize:   [32, 48],\n                iconAnchor: [16, 48],\n                popupAnchor:[0, -50]\n            });\n\n            var popupContent =\n                \"<div class='naf-popup'>\" +\n                    \"<span class='naf-popup-label'>NAF GROUP<\/span>\" +\n                    \"<span class='naf-popup-name'>\" + markerText + \"<\/span>\" +\n                \"<\/div>\";\n\n            L.marker([lat, lng], { icon: nafIcon })\n                .addTo(map)\n                .bindPopup(popupContent, {\n                    maxWidth: 260,\n                    minWidth: 180,\n                    closeButton: true,\n                    className: \"\"\n                })\n                .openPopup();\n        }\n\n        setTimeout(function () { map.invalidateSize(); }, 100);\n    });\n    <\/script>\n    <br>\n<\/div>\n<\/div>\n<\/div><div id=\"contact-list__container\" class=\"bde-column-2418-197 bde-column\">\n  \n  \n\t\n\n\n\n<div class=\"bde-div-2418-202 bde-div\">\n  \n  \n\t\n\n\n\n<div id=\"form-contact-page\" class=\"bde-shortcode-2418-203 bde-shortcode\">\n<div class='fluentform ff-default fluentform_wrapper_5 ffs_default_wrap'><form data-form_id=\"5\" id=\"fluentform_5\" class=\"frm-fluent-form fluent_form_5 ff-el-form-top ff_form_instance_5_1 ff-form-loading ffs_default\" data-form_instance=\"ff_form_instance_5_1\" method=\"POST\" ><fieldset  style=\"border: none!important;margin: 0!important;padding: 0!important;background-color: transparent!important;box-shadow: none!important;outline: none!important; min-inline-size: 100%;\">\n                    <legend class=\"ff_screen_reader_title\" style=\"display: block; margin: 0!important;padding: 0!important;height: 0!important;text-indent: -999999px;width: 0!important;overflow:hidden;\">Contact Form EN<\/legend>        <input type=\"hidden\" id=\"__fluent_protection_token_5\" class=\"fluent-form-token-field\" name=\"__fluent_protection_token_5\">\n        <input type='hidden' name='__fluent_form_embded_post_id' value='2418' \/><input type=\"hidden\" id=\"_fluentform_5_fluentformnonce\" name=\"_fluentform_5_fluentformnonce\" value=\"4dc567bf22\" \/><input type=\"hidden\" name=\"_wp_http_referer\" value=\"\/en\/wp-json\/wp\/v2\/pages\/2418\" \/><div data-type=\"name-element\" data-name=\"full_name\" class=\" ff-field_container ff-name-field-wrapper\" ><div class='ff-t-container'><div class='ff-t-cell '><div class='ff-el-group ff-el-form-top'><div class=\"ff-el-input--label ff-el-is-required asterisk-right\"><label for='ff_5_full_name_first_name_' id='label_ff_5_full_name_first_name_' >Name<\/label><\/div><div class='ff-el-input--content'><input type=\"text\" name=\"full_name[first_name]\" id=\"ff_5_full_name_first_name_\" class=\"ff-el-form-control\" aria-invalid=\"false\" aria-required=true><\/div><\/div><\/div><\/div><\/div><div class='ff-el-group'><div class=\"ff-el-input--label ff-el-is-required asterisk-right\"><label for='ff_5_email' id='label_ff_5_email' aria-label=\"Email\">Email<\/label><\/div><div class='ff-el-input--content'><input type=\"email\" name=\"email\" id=\"ff_5_email\" class=\"ff-el-form-control\" data-name=\"email\"  aria-invalid=\"false\" aria-required=true><\/div><\/div><div class='ff-el-group'><div class=\"ff-el-input--label ff-el-is-required asterisk-right\"><label for='ff_5_phone' id='label_ff_5_phone' aria-label=\"Phone\">Phone<\/label><\/div><div class='ff-el-input--content'><input type=\"text\" name=\"phone\" class=\"ff-el-form-control\" data-name=\"phone\" id=\"ff_5_phone\"  aria-invalid=\"false\" aria-required=true><\/div><\/div><div class='ff-el-group'><div class=\"ff-el-input--label ff-el-is-required asterisk-right\"><label for='ff_5_message' id='label_ff_5_message' aria-label=\"Your Message\">Your Message<\/label><\/div><div class='ff-el-input--content'><textarea aria-required=\"true\" aria-labelledby=\"label_ff_5_message\" name=\"message\" id=\"ff_5_message\" class=\"ff-el-form-control\" rows=\"5\" cols=\"2\" data-name=\"message\" ><\/textarea><\/div><\/div><div class='ff-el-group    ff-el-input--content'><div class='ff-el-form-check ff-el-tc'><label aria-label='I confirm that I have read, understood and accepted the Terms and Conditions and the Privacy Policy.' class='ff-el-form-check-label ff_tc_label' for=terms-n-condition_b99ebb9aafda4d1b963a792f81d980d3><span class='ff_tc_checkbox'><input type=\"checkbox\" name=\"terms-n-condition\" class=\"ff-el-form-check-input\" data-name=\"terms-n-condition\" id=\"terms-n-condition_b99ebb9aafda4d1b963a792f81d980d3\"  value='on' aria-invalid='false' aria-required=true><\/span> <div class='ff_t_c'><p>I confirm that I have read, understood and accepted the Terms and Conditions and the Privacy Policy.<\/p><\/div><\/label><\/div><\/div><div class='ff-el-group ff-text-left ff_submit_btn_wrapper'><button type=\"submit\" class=\"ff-btn ff-btn-submit ff-btn-md ff_btn_style\"  aria-label=\"SUBMIT\">SUBMIT<\/button><\/div><\/fieldset><\/form><div id='fluentform_5_errors' class='ff-errors-in-stack ff_form_instance_5_1 ff-form-loading_errors ff_form_instance_5_1_errors'><\/div><\/div>            <script type=\"text\/javascript\">\n                window.fluent_form_ff_form_instance_5_1 = {\"id\":\"5\",\"settings\":{\"layout\":{\"labelPlacement\":\"top\",\"asteriskPlacement\":\"asterisk-right\",\"helpMessagePlacement\":\"with_label\",\"errorMessagePlacement\":\"inline\",\"cssClassName\":\"\"},\"restrictions\":{\"denyEmptySubmission\":{\"enabled\":false}}},\"form_instance\":\"ff_form_instance_5_1\",\"form_id_selector\":\"fluentform_5\",\"rules\":{\"full_name[first_name]\":{\"required\":{\"value\":true,\"message\":\"This field is required\",\"global\":false,\"global_message\":\"This field is required\"}},\"full_name[middle_name]\":{\"required\":{\"value\":false,\"message\":\"This field is required\",\"global_message\":\"This field is required\",\"global\":true}},\"full_name[last_name]\":{\"required\":{\"value\":true,\"message\":\"This field is required\",\"global\":false,\"global_message\":\"This field is required\"}},\"email\":{\"required\":{\"value\":true,\"message\":\"This field is required\",\"global\":false,\"global_message\":\"This field is required\"},\"email\":{\"value\":true,\"message\":\"This field must contain a valid email\",\"global\":false,\"global_message\":\"This field must contain a valid email\"}},\"phone\":{\"required\":{\"value\":true,\"message\":\"This field is required\",\"global\":false,\"global_message\":\"This field is required\"}},\"message\":{\"required\":{\"value\":true,\"message\":\"This field is required\",\"global\":false,\"global_message\":\"This field is required\"}},\"terms-n-condition\":{\"required\":{\"value\":true,\"message\":\"This field is required\",\"global\":false,\"global_message\":\"This field is required\"}}},\"debounce_time\":300};\n                            <\/script>\n            \n<\/div>\n<\/div>\n<\/div><\/div><\/div>\n<\/section>","protected":false},"excerpt":{"rendered":"<p>Contacts Make your decision with complete confidence.Please contact us. Offices:Rua Soeiro Pereira GomesCondom\u00ednio Jardins de S\u00e3o Louren\u00e7on.\u00ba 10, Loja 81600-198 Lisboa (+351) 911 166 425(Call to a national mobile network) info@nafgroup.pt Contact Form EN NameEmailPhoneYour Message I confirm that I have read, understood and accepted the Terms and Conditions and the Privacy Policy.SUBMIT<\/p>\n","protected":false},"author":1,"featured_media":0,"parent":0,"menu_order":6,"comment_status":"closed","ping_status":"closed","template":"","meta":{"_acf_changed":false,"_breakdance_hide_in_design_set":false,"_breakdance_tags":"","footnotes":""},"class_list":["post-2418","page","type-page","status-publish","hentry"],"acf":[],"_links":{"self":[{"href":"https:\/\/www.nafgroup.pt\/en\/wp-json\/wp\/v2\/pages\/2418","targetHints":{"allow":["GET"]}}],"collection":[{"href":"https:\/\/www.nafgroup.pt\/en\/wp-json\/wp\/v2\/pages"}],"about":[{"href":"https:\/\/www.nafgroup.pt\/en\/wp-json\/wp\/v2\/types\/page"}],"author":[{"embeddable":true,"href":"https:\/\/www.nafgroup.pt\/en\/wp-json\/wp\/v2\/users\/1"}],"replies":[{"embeddable":true,"href":"https:\/\/www.nafgroup.pt\/en\/wp-json\/wp\/v2\/comments?post=2418"}],"version-history":[{"count":4,"href":"https:\/\/www.nafgroup.pt\/en\/wp-json\/wp\/v2\/pages\/2418\/revisions"}],"predecessor-version":[{"id":2638,"href":"https:\/\/www.nafgroup.pt\/en\/wp-json\/wp\/v2\/pages\/2418\/revisions\/2638"}],"wp:attachment":[{"href":"https:\/\/www.nafgroup.pt\/en\/wp-json\/wp\/v2\/media?parent=2418"}],"curies":[{"name":"wp","href":"https:\/\/api.w.org\/{rel}","templated":true}]}}